{"id":8,"date":"2013-02-21T13:09:20","date_gmt":"2013-02-21T13:09:20","guid":{"rendered":"https:\/\/blogs.ua.es\/arqueoblog\/?page_id=8"},"modified":"2014-03-31T23:24:00","modified_gmt":"2014-03-31T21:24:00","slug":"inicio","status":"publish","type":"page","link":"https:\/\/blogs.ua.es\/arqueoblog\/inicio\/","title":{"rendered":"Para saber m\u00e1s"},"content":{"rendered":"<p>&nbsp;<\/p>\n<p>Si queires saber m\u00e1s sobre Arqueolog\u00eda podr\u00e1s dirigirte a mi blog personal donde trato de contar mi experiencia como arque\u00f3logo.<\/p>\n<p><a title=\"Arqueoblog\" href=\"www.arqueoblog.com\" target=\"_blank\">www.arqueoblog.com<\/a><\/p>\n<p>&nbsp;<\/p>\n","protected":false},"excerpt":{"rendered":"<p>&nbsp; Si queires saber m\u00e1s sobre Arqueolog\u00eda podr\u00e1s dirigirte a mi blog personal donde trato de contar mi experiencia como arque\u00f3logo. www.arqueoblog.com &nbsp;<\/p>\n","protected":false},"author":3050,"featured_media":0,"parent":0,"menu_order":0,"comment_status":"open","ping_status":"open","template":"","meta":{"footnotes":""},"class_list":["post-8","page","type-page","status-publish","hentry"],"_links":{"self":[{"href":"https:\/\/blogs.ua.es\/arqueoblog\/wp-json\/wp\/v2\/pages\/8","targetHints":{"allow":["GET"]}}],"collection":[{"href":"https:\/\/blogs.ua.es\/arqueoblog\/wp-json\/wp\/v2\/pages"}],"about":[{"href":"https:\/\/blogs.ua.es\/arqueoblog\/wp-json\/wp\/v2\/types\/page"}],"author":[{"embeddable":true,"href":"https:\/\/blogs.ua.es\/arqueoblog\/wp-json\/wp\/v2\/users\/3050"}],"replies":[{"embeddable":true,"href":"https:\/\/blogs.ua.es\/arqueoblog\/wp-json\/wp\/v2\/comments?post=8"}],"version-history":[{"count":7,"href":"https:\/\/blogs.ua.es\/arqueoblog\/wp-json\/wp\/v2\/pages\/8\/revisions"}],"predecessor-version":[{"id":44,"href":"https:\/\/blogs.ua.es\/arqueoblog\/wp-json\/wp\/v2\/pages\/8\/revisions\/44"}],"wp:attachment":[{"href":"https:\/\/blogs.ua.es\/arqueoblog\/wp-json\/wp\/v2\/media?parent=8"}],"curies":[{"name":"wp","href":"https:\/\/api.w.org\/{rel}","templated":true}]}}