{"id":102,"date":"2012-01-18T16:07:57","date_gmt":"2012-01-18T16:07:57","guid":{"rendered":"https:\/\/blogs.ua.es\/arquitecturaciudadalicante\/?page_id=102"},"modified":"2012-01-18T22:01:00","modified_gmt":"2012-01-18T22:01:00","slug":"presentacion","status":"publish","type":"page","link":"https:\/\/blogs.ua.es\/arquitecturaciudadalicante\/presentacion\/","title":{"rendered":"Presentaci\u00f3n"},"content":{"rendered":"<p>En este blog, Tamara Pi\u00f1ero y Laura P\u00e9rez os daremos referencias a libros, p\u00e1ginas webs, mapas y planos que encontremos tanto en libros como por internet sobre la arquitectura moderna de Alicante provincia.<\/p>\n<p>Esperemos que nuestro blog os agrade y os sea de ayuda para vuestras investigaciones o simplemente para informaros.<\/p>\n","protected":false},"excerpt":{"rendered":"<p>En este blog, Tamara Pi\u00f1ero y Laura P\u00e9rez os daremos referencias a libros, p\u00e1ginas webs, mapas y planos que encontremos tanto en libros como por internet sobre la arquitectura moderna de Alicante provincia. Esperemos que nuestro blog os agrade y os sea de ayuda para vuestras investigaciones o simplemente para informaros.<\/p>\n","protected":false},"author":2468,"featured_media":0,"parent":0,"menu_order":0,"comment_status":"open","ping_status":"open","template":"","meta":{"footnotes":""},"class_list":["post-102","page","type-page","status-publish","hentry"],"_links":{"self":[{"href":"https:\/\/blogs.ua.es\/arquitecturaciudadalicante\/wp-json\/wp\/v2\/pages\/102","targetHints":{"allow":["GET"]}}],"collection":[{"href":"https:\/\/blogs.ua.es\/arquitecturaciudadalicante\/wp-json\/wp\/v2\/pages"}],"about":[{"href":"https:\/\/blogs.ua.es\/arquitecturaciudadalicante\/wp-json\/wp\/v2\/types\/page"}],"author":[{"embeddable":true,"href":"https:\/\/blogs.ua.es\/arquitecturaciudadalicante\/wp-json\/wp\/v2\/users\/2468"}],"replies":[{"embeddable":true,"href":"https:\/\/blogs.ua.es\/arquitecturaciudadalicante\/wp-json\/wp\/v2\/comments?post=102"}],"version-history":[{"count":3,"href":"https:\/\/blogs.ua.es\/arquitecturaciudadalicante\/wp-json\/wp\/v2\/pages\/102\/revisions"}],"predecessor-version":[{"id":104,"href":"https:\/\/blogs.ua.es\/arquitecturaciudadalicante\/wp-json\/wp\/v2\/pages\/102\/revisions\/104"}],"wp:attachment":[{"href":"https:\/\/blogs.ua.es\/arquitecturaciudadalicante\/wp-json\/wp\/v2\/media?parent=102"}],"curies":[{"name":"wp","href":"https:\/\/api.w.org\/{rel}","templated":true}]}}