{"id":106,"date":"2012-01-18T16:17:36","date_gmt":"2012-01-18T16:17:36","guid":{"rendered":"https:\/\/blogs.ua.es\/arquitecturaciudadalicante\/?page_id=106"},"modified":"2012-01-18T16:17:36","modified_gmt":"2012-01-18T16:17:36","slug":"la-arquitectura-moderna-en-alicante","status":"publish","type":"page","link":"https:\/\/blogs.ua.es\/arquitecturaciudadalicante\/la-arquitectura-moderna-en-alicante\/","title":{"rendered":"La arquitectura moderna en Alicante"},"content":{"rendered":"<p>Alicante, una provincia de la Comunidad Valenciana, cuenta con una capital que compite con ciudades nacionales tan importantes como Barcelona o Madrid en el campo tur\u00edstico. Por arquitectura moderna o contempor\u00e1nea entendemos aquella arquitectura de cerca del final del siglo XX.<\/p>\n<p>La arquitectura moderna alicantina no solo se centra en la arquitectura tur\u00edstica como vinen a ser hoteles, restaurantes o infraestructuras para el ocio de los visitantes, tambi\u00e9n cuenta con nuevos centros de salud o de ense\u00f1anza.<\/p>\n<p>Entre estos edificios est\u00e1n El Instituto Superior de Hosteler\u00eda en Benidorm (edificio que trataremos en este blog), I.E.S. La Lloixa en San Juan o La cafeter\u00eda del puerto de Alicante.<\/p>\n","protected":false},"excerpt":{"rendered":"<p>Alicante, una provincia de la Comunidad Valenciana, cuenta con una capital que compite con ciudades nacionales tan importantes como Barcelona o Madrid en el campo tur\u00edstico. Por arquitectura moderna o contempor\u00e1nea entendemos aquella arquitectura de cerca del final del siglo XX. La arquitectura moderna alicantina no solo se centra en la arquitectura tur\u00edstica como vinen [&hellip;]<\/p>\n","protected":false},"author":2468,"featured_media":0,"parent":0,"menu_order":0,"comment_status":"open","ping_status":"open","template":"","meta":{"footnotes":""},"class_list":["post-106","page","type-page","status-publish","hentry"],"_links":{"self":[{"href":"https:\/\/blogs.ua.es\/arquitecturaciudadalicante\/wp-json\/wp\/v2\/pages\/106","targetHints":{"allow":["GET"]}}],"collection":[{"href":"https:\/\/blogs.ua.es\/arquitecturaciudadalicante\/wp-json\/wp\/v2\/pages"}],"about":[{"href":"https:\/\/blogs.ua.es\/arquitecturaciudadalicante\/wp-json\/wp\/v2\/types\/page"}],"author":[{"embeddable":true,"href":"https:\/\/blogs.ua.es\/arquitecturaciudadalicante\/wp-json\/wp\/v2\/users\/2468"}],"replies":[{"embeddable":true,"href":"https:\/\/blogs.ua.es\/arquitecturaciudadalicante\/wp-json\/wp\/v2\/comments?post=106"}],"version-history":[{"count":1,"href":"https:\/\/blogs.ua.es\/arquitecturaciudadalicante\/wp-json\/wp\/v2\/pages\/106\/revisions"}],"predecessor-version":[{"id":107,"href":"https:\/\/blogs.ua.es\/arquitecturaciudadalicante\/wp-json\/wp\/v2\/pages\/106\/revisions\/107"}],"wp:attachment":[{"href":"https:\/\/blogs.ua.es\/arquitecturaciudadalicante\/wp-json\/wp\/v2\/media?parent=106"}],"curies":[{"name":"wp","href":"https:\/\/api.w.org\/{rel}","templated":true}]}}