{"id":108,"date":"2012-01-18T16:21:23","date_gmt":"2012-01-18T16:21:23","guid":{"rendered":"https:\/\/blogs.ua.es\/arquitecturaciudadalicante\/?page_id=108"},"modified":"2012-01-18T16:21:23","modified_gmt":"2012-01-18T16:21:23","slug":"metodologia","status":"publish","type":"page","link":"https:\/\/blogs.ua.es\/arquitecturaciudadalicante\/metodologia\/","title":{"rendered":"Metodolog\u00eda"},"content":{"rendered":"<p>Tamara y Laura:<\/p>\n<p>Para la realizaci\u00f3n de este blog hemos tenido que recurrir a varios cat\u00e1logos de internet y repositorios, tales como:<\/p>\n<p>Xarxa electr\u00f2nica de lectura p\u00fablica valenciana<\/p>\n<p><a href=\"http:\/\/xlpv.cult.gva.es\/absysnetopac\/\">http:\/\/xlpv.cult.gva.es\/absysnetopac\/<\/a><\/p>\n<p>Google Libros:<\/p>\n<p>http:\/\/books.google.es\/<\/p>\n<p>Google.<\/p>\n<p>http:\/\/google.es\/<\/p>\n<p>&nbsp;<\/p>\n<p>Tambi\u00e9n, dada la dificultad para encontrar material apto para nuestras entradas nos hemos visto obligadas a asistir en persona a algunos edificios de Alicante, como el ayuntamiento para conseguir documentos como sus planos.<\/p>\n","protected":false},"excerpt":{"rendered":"<p>Tamara y Laura: Para la realizaci\u00f3n de este blog hemos tenido que recurrir a varios cat\u00e1logos de internet y repositorios, tales como: Xarxa electr\u00f2nica de lectura p\u00fablica valenciana http:\/\/xlpv.cult.gva.es\/absysnetopac\/ Google Libros: http:\/\/books.google.es\/ Google. http:\/\/google.es\/ &nbsp; Tambi\u00e9n, dada la dificultad para encontrar material apto para nuestras entradas nos hemos visto obligadas a asistir en persona a [&hellip;]<\/p>\n","protected":false},"author":2468,"featured_media":0,"parent":0,"menu_order":0,"comment_status":"open","ping_status":"open","template":"","meta":{"footnotes":""},"class_list":["post-108","page","type-page","status-publish","hentry"],"_links":{"self":[{"href":"https:\/\/blogs.ua.es\/arquitecturaciudadalicante\/wp-json\/wp\/v2\/pages\/108","targetHints":{"allow":["GET"]}}],"collection":[{"href":"https:\/\/blogs.ua.es\/arquitecturaciudadalicante\/wp-json\/wp\/v2\/pages"}],"about":[{"href":"https:\/\/blogs.ua.es\/arquitecturaciudadalicante\/wp-json\/wp\/v2\/types\/page"}],"author":[{"embeddable":true,"href":"https:\/\/blogs.ua.es\/arquitecturaciudadalicante\/wp-json\/wp\/v2\/users\/2468"}],"replies":[{"embeddable":true,"href":"https:\/\/blogs.ua.es\/arquitecturaciudadalicante\/wp-json\/wp\/v2\/comments?post=108"}],"version-history":[{"count":2,"href":"https:\/\/blogs.ua.es\/arquitecturaciudadalicante\/wp-json\/wp\/v2\/pages\/108\/revisions"}],"predecessor-version":[{"id":147,"href":"https:\/\/blogs.ua.es\/arquitecturaciudadalicante\/wp-json\/wp\/v2\/pages\/108\/revisions\/147"}],"wp:attachment":[{"href":"https:\/\/blogs.ua.es\/arquitecturaciudadalicante\/wp-json\/wp\/v2\/media?parent=108"}],"curies":[{"name":"wp","href":"https:\/\/api.w.org\/{rel}","templated":true}]}}