{"id":157,"date":"2012-01-18T22:46:55","date_gmt":"2012-01-18T22:46:55","guid":{"rendered":"https:\/\/blogs.ua.es\/arquitecturaciudadalicante\/?page_id=157"},"modified":"2012-01-18T22:46:55","modified_gmt":"2012-01-18T22:46:55","slug":"edificio-i","status":"publish","type":"page","link":"https:\/\/blogs.ua.es\/arquitecturaciudadalicante\/imagenes\/edificio-i\/","title":{"rendered":"Edificio I"},"content":{"rendered":"<figure id=\"attachment_158\" aria-describedby=\"caption-attachment-158\" style=\"width: 300px\" class=\"wp-caption aligncenter\"><a href=\"https:\/\/blogs.ua.es\/arquitecturaciudadalicante\/files\/2012\/01\/autobus1.jpg\"><img loading=\"lazy\" decoding=\"async\" class=\"size-medium wp-image-158\" src=\"https:\/\/blogs.ua.es\/arquitecturaciudadalicante\/files\/2012\/01\/autobus1-300x225.jpg\" alt=\"\" width=\"300\" height=\"225\" srcset=\"https:\/\/blogs.ua.es\/arquitecturaciudadalicante\/files\/2012\/01\/autobus1-300x225.jpg 300w, https:\/\/blogs.ua.es\/arquitecturaciudadalicante\/files\/2012\/01\/autobus1.jpg 960w\" sizes=\"auto, (max-width: 300px) 100vw, 300px\" \/><\/a><figcaption id=\"caption-attachment-158\" class=\"wp-caption-text\">Estaci\u00f3n de autobuses de Alicante<\/figcaption><\/figure>\n<p>Para m\u00e1s informaci\u00f3n de este edificio consultar el cat\u00e1logo de edificios del que disponemos en el blog.<\/p>\n","protected":false},"excerpt":{"rendered":"<p>Para m\u00e1s informaci\u00f3n de este edificio consultar el cat\u00e1logo de edificios del que disponemos en el blog.<\/p>\n","protected":false},"author":2525,"featured_media":0,"parent":154,"menu_order":0,"comment_status":"open","ping_status":"open","template":"","meta":{"footnotes":""},"class_list":["post-157","page","type-page","status-publish","hentry"],"_links":{"self":[{"href":"https:\/\/blogs.ua.es\/arquitecturaciudadalicante\/wp-json\/wp\/v2\/pages\/157","targetHints":{"allow":["GET"]}}],"collection":[{"href":"https:\/\/blogs.ua.es\/arquitecturaciudadalicante\/wp-json\/wp\/v2\/pages"}],"about":[{"href":"https:\/\/blogs.ua.es\/arquitecturaciudadalicante\/wp-json\/wp\/v2\/types\/page"}],"author":[{"embeddable":true,"href":"https:\/\/blogs.ua.es\/arquitecturaciudadalicante\/wp-json\/wp\/v2\/users\/2525"}],"replies":[{"embeddable":true,"href":"https:\/\/blogs.ua.es\/arquitecturaciudadalicante\/wp-json\/wp\/v2\/comments?post=157"}],"version-history":[{"count":2,"href":"https:\/\/blogs.ua.es\/arquitecturaciudadalicante\/wp-json\/wp\/v2\/pages\/157\/revisions"}],"predecessor-version":[{"id":160,"href":"https:\/\/blogs.ua.es\/arquitecturaciudadalicante\/wp-json\/wp\/v2\/pages\/157\/revisions\/160"}],"up":[{"embeddable":true,"href":"https:\/\/blogs.ua.es\/arquitecturaciudadalicante\/wp-json\/wp\/v2\/pages\/154"}],"wp:attachment":[{"href":"https:\/\/blogs.ua.es\/arquitecturaciudadalicante\/wp-json\/wp\/v2\/media?parent=157"}],"curies":[{"name":"wp","href":"https:\/\/api.w.org\/{rel}","templated":true}]}}