{"id":168,"date":"2012-01-18T22:57:08","date_gmt":"2012-01-18T22:57:08","guid":{"rendered":"https:\/\/blogs.ua.es\/arquitecturaciudadalicante\/?page_id=168"},"modified":"2012-01-18T22:57:08","modified_gmt":"2012-01-18T22:57:08","slug":"edificio-iv","status":"publish","type":"page","link":"https:\/\/blogs.ua.es\/arquitecturaciudadalicante\/imagenes\/edificio-iv\/","title":{"rendered":"Edificio IV"},"content":{"rendered":"<figure id=\"attachment_169\" aria-describedby=\"caption-attachment-169\" style=\"width: 225px\" class=\"wp-caption aligncenter\"><a href=\"https:\/\/blogs.ua.es\/arquitecturaciudadalicante\/files\/2012\/01\/maaca.jpg\"><img loading=\"lazy\" decoding=\"async\" class=\"size-medium wp-image-169\" src=\"https:\/\/blogs.ua.es\/arquitecturaciudadalicante\/files\/2012\/01\/maaca-225x300.jpg\" alt=\"\" width=\"225\" height=\"300\" srcset=\"https:\/\/blogs.ua.es\/arquitecturaciudadalicante\/files\/2012\/01\/maaca-225x300.jpg 225w, https:\/\/blogs.ua.es\/arquitecturaciudadalicante\/files\/2012\/01\/maaca.jpg 720w\" sizes=\"auto, (max-width: 225px) 100vw, 225px\" \/><\/a><figcaption id=\"caption-attachment-169\" class=\"wp-caption-text\">Museo de arte contempor\u00e1neo de Alicante (MACA)<\/figcaption><\/figure>\n<p>&nbsp;<\/p>\n<p>Para m\u00e1s informaci\u00f3n de este edificio consultar el cat\u00e1logo de edificios del que disponemos en el blog.<\/p>\n","protected":false},"excerpt":{"rendered":"<p>&nbsp; Para m\u00e1s informaci\u00f3n de este edificio consultar el cat\u00e1logo de edificios del que disponemos en el blog.<\/p>\n","protected":false},"author":2525,"featured_media":0,"parent":154,"menu_order":0,"comment_status":"open","ping_status":"open","template":"","meta":{"footnotes":""},"class_list":["post-168","page","type-page","status-publish","hentry"],"_links":{"self":[{"href":"https:\/\/blogs.ua.es\/arquitecturaciudadalicante\/wp-json\/wp\/v2\/pages\/168","targetHints":{"allow":["GET"]}}],"collection":[{"href":"https:\/\/blogs.ua.es\/arquitecturaciudadalicante\/wp-json\/wp\/v2\/pages"}],"about":[{"href":"https:\/\/blogs.ua.es\/arquitecturaciudadalicante\/wp-json\/wp\/v2\/types\/page"}],"author":[{"embeddable":true,"href":"https:\/\/blogs.ua.es\/arquitecturaciudadalicante\/wp-json\/wp\/v2\/users\/2525"}],"replies":[{"embeddable":true,"href":"https:\/\/blogs.ua.es\/arquitecturaciudadalicante\/wp-json\/wp\/v2\/comments?post=168"}],"version-history":[{"count":1,"href":"https:\/\/blogs.ua.es\/arquitecturaciudadalicante\/wp-json\/wp\/v2\/pages\/168\/revisions"}],"predecessor-version":[{"id":170,"href":"https:\/\/blogs.ua.es\/arquitecturaciudadalicante\/wp-json\/wp\/v2\/pages\/168\/revisions\/170"}],"up":[{"embeddable":true,"href":"https:\/\/blogs.ua.es\/arquitecturaciudadalicante\/wp-json\/wp\/v2\/pages\/154"}],"wp:attachment":[{"href":"https:\/\/blogs.ua.es\/arquitecturaciudadalicante\/wp-json\/wp\/v2\/media?parent=168"}],"curies":[{"name":"wp","href":"https:\/\/api.w.org\/{rel}","templated":true}]}}