{"id":33,"date":"2012-01-12T09:25:35","date_gmt":"2012-01-12T09:25:35","guid":{"rendered":"https:\/\/blogs.ua.es\/arquitecturaciudadalicante\/?page_id=33"},"modified":"2012-01-12T09:25:35","modified_gmt":"2012-01-12T09:25:35","slug":"catalogo-de-edificios","status":"publish","type":"page","link":"https:\/\/blogs.ua.es\/arquitecturaciudadalicante\/catalogo-de-edificios\/","title":{"rendered":"Cat\u00e1logo de edificios"},"content":{"rendered":"<p><strong>Estaci\u00f3n de austobuses de Alicante<\/strong><\/p>\n<p><strong><a href=\"https:\/\/blogs.ua.es\/arquitecturaciudadalicante\/files\/2011\/12\/376570_2145281074465_1319406063_31846565_1857791210_n.jpg\"><img loading=\"lazy\" decoding=\"async\" src=\"https:\/\/blogs.ua.es\/arquitecturaciudadalicante\/files\/2011\/12\/376570_2145281074465_1319406063_31846565_1857791210_n-300x225.jpg\" alt=\"Nueva estaci\u00f3n de autobuses\" width=\"300\" height=\"225\" \/><\/a><br \/>\n<\/strong><\/p>\n<p>Situada en el puerto y cerca de las v\u00edas de acceso, la nueva estaci\u00f3n de autobuses se inaugur\u00f3 el uno de Septiembre del 2011 sin estar acabada. Tuvo un presupuesto de 3 millones de euros aunque se gast\u00f3 m\u00e1s de lo obtenido. Aunque se inaugur\u00f3 sin estar acabada, la estructura y los servicios de la misma fueron bien aceptadas.<\/p>\n<p>El edificio presenta un estilo moderno y simple, agradable a la vista. Est\u00e1 compuesto por cristaleras en su mayor\u00eda lo que le otorga una gran cantidad de luz en su interior, haci\u00e9ndola mucho m\u00e1s espaciosa de lo que ya es. Tiene 1.900m2 en total, repartido por las dos plantas que compone el edificio. El acceso a la primera planta se puede hacer de dos formas: por las escaleras o por un espacioso ascensor que facilita la llegada a minusv\u00e1lidos y a los transeuntes que lleven equipaje. En esta segunda planta tenemos los aseos, la venta de billetes, un bar-restaurante y una peque\u00f1a terminal en la que los clientes pueden esperar a su autob\u00fas mientras observan si el mismo ha llegado por la gran ventana. Tambi\u00e9n cabe decir que la estaci\u00f3n disfruta de un servicio de seguridad privado las 24 horas del d\u00eda.<\/p>\n<p>En lo que corresponde a los destinos, la nueva estaci\u00f3n cuenta con los mismo que la vieja, desde destinos nacionales como puede ser Madrid, hasta internacionales que nos pueden llevar a Rusia. Los precios, seg\u00fan algunos usuarios, son m\u00e1s econ\u00f3micos.<\/p>\n<p><img decoding=\"async\" src=\"https:\/\/blogs.ua.es\/arquitecturaciudadalicante\/wp-includes\/js\/tinymce\/plugins\/wordpress\/img\/trans.gif\" alt=\"\" \/><\/p>\n<p><strong>English<\/strong><\/p>\n<p>Located at the port and near the dual carriageway, the new bus station was opened to the public the 1st of September, without even being finished. It&#8217;s budget was 3 million euros, eventhough much more was spent. Even if it was opened without finishing it, the building and the services were well recieved among the users.<\/p>\n<p>The building has a modern and simple architectonic style, pleasing to the eye. It&#8217;s composed of huge windows, which give lots of light to the inners of the station, making it way bigger than it already is. It&#8217;s 1.900m2 in total, distributed among two floors. The access to the first floor can be done in two ways: upstairs or using the big elevator placed infront of the main door what makes the entrance easier for the handicapped people and the ones who carry luggage. In this first floor we have the toilets, the ticket selling service, a restaurant and a small terminal in which people can wait for their bus. It mus be also said that the building has private security service all day, 24 hrs.<\/p>\n<p>As relates to the destinations, the new station counts with the sames as the old one did, from national destinations as Madrid, to international ones like Russia, for example. The users say that he prices are also cheaper.<\/p>\n<p>A continuaci\u00f3n os dejamos una encuesta que se le ha realizado a algunos usuarios y que expone las opiniones y aspectos negativos y positivos de la nueva estructura:<strong><br \/>\n<\/strong><\/p>\n<p><strong>Entrevista 1.<\/strong> <strong><\/strong><\/p>\n<p><strong>Mario, 27 a\u00f1os<br \/>\n<\/strong><\/p>\n<p><em>\u00bfQue es la arquitectura?<\/em><\/p>\n<p>Mario: Monumentos, cronstrucciones &#8220;de esas antiguas&#8221;.<\/p>\n<p><em>\u00bfConsideras que el nuevo edificio es agradable a la vista?<\/em><\/p>\n<p>Mario: Si, la verdad es que es mucho m\u00e1s luminosa y bonita que la otra.<\/p>\n<p><em>\u00bfQue piensas de la arquitectura moderna?<\/em><\/p>\n<p>Mario: Pues que esta bien.<\/p>\n<p><em>\u00bfY del contraste de \u00e9pocas?<\/em><\/p>\n<p>Mario: Pues es bueno, significa que tenemos variedad cultural.<\/p>\n<p><em>\u00bfTu opini\u00f3n\u00a0 personal sobre el edificio?<\/em><\/p>\n<p>Mario: Pues esta muy limpio, mejor situado y luminoso.<\/p>\n<p><em>\u00bfCambiarias algo?<\/em><\/p>\n<p>Mario: Los precios m\u00e1s bajos y del edificio pues pondr\u00eda un cajero.<\/p>\n<p>&nbsp;<\/p>\n<p><strong>Opiniones Negativas<br \/>\n<\/strong><\/p>\n<p>&#8220;No dispone de tel\u00e9fonos p\u00fablicos, ni de cajeros autom\u00e1ticos, tampoco podemos encontrar bancos.&#8221;<\/p>\n<p>&#8221; Las escaleras son estrechas, si llevas maletas te obliga a subir con el ascensor.&#8221;<\/p>\n<p>&#8221; Las escaleras no disponen de posa manos, son de cristal y adem\u00e1s estan altos&#8221;<\/p>\n<p>&#8221; Los cristales son muy grandes, por las ma\u00f1anas te dan tanta claridad que te quedas ciego&#8221;<\/p>\n<p>Y por \u00faltimo todos los entrevistados hacian referencia a la <strong>falta de aparcamientos<\/strong>, tanto para el personal como para particulares.<\/p>\n<p>&nbsp;<\/p>\n<p><strong>Opiniones Positivas<\/strong><\/p>\n<p>&#8221; Es muy luminoso, espacioso y limpio&#8221;<\/p>\n<p>&#8220;Los aseos estan muy limpios, el servicio de limpieza es muy bueno&#8221;<\/p>\n<p>&#8220;El trato de los empleados es muy bueno, son muy simpaticos y tienen muy buena disposici\u00f3n&#8221;<\/p>\n<p>&#8221; Taquilleros para dejar tus pertenecias (durante 24h)&#8221;<\/p>\n<p>&#8220;Tiene ascensor y facilidades para los minusvalidos&#8221;<\/p>\n<p>&#8220;La informaci\u00f3n esta en la entrada y te facilita las cosas&#8221;<\/p>\n<p>&#8220;Esta bien situado, y la estructura es sencilla&#8221;<\/p>\n<p>&#8220;Dispone de m\u00e1quinas y de una cafeter\u00eda para comer o beber&#8221;<\/p>\n<p>&#8220;Buenas instalaciones y con una gran capacidad&#8221;<\/p>\n<p>&#8220;Disminuci\u00f3n de los robos&#8221;<\/p>\n<p>&nbsp;<\/p>\n<p>Os agradecemos la colaboraci\u00f3n: Antonia, M\u00aaJose, Juan Manuel, Toni, Mario y Jos\u00e9 Bernabeu.<\/p>\n<p><strong>\u00a0FUENTES:<\/strong><\/p>\n<p>http:\/\/www.alicanteactualidad.es\/noticias-alicante-estrena-su-nueva-estacion-de-autobuses_10633.html<\/p>\n<p>Encuesta hecha a personas en la estaci\u00f3n.<\/p>\n<p>_____________________________________________________________________________________________________<\/p>\n","protected":false},"excerpt":{"rendered":"<p>Estaci\u00f3n de austobuses de Alicante Situada en el puerto y cerca de las v\u00edas de acceso, la nueva estaci\u00f3n de autobuses se inaugur\u00f3 el uno de Septiembre del 2011 sin estar acabada. Tuvo un presupuesto de 3 millones de euros aunque se gast\u00f3 m\u00e1s de lo obtenido. Aunque se inaugur\u00f3 sin estar acabada, la estructura [&hellip;]<\/p>\n","protected":false},"author":2468,"featured_media":0,"parent":0,"menu_order":0,"comment_status":"open","ping_status":"open","template":"","meta":{"footnotes":""},"class_list":["post-33","page","type-page","status-publish","hentry"],"_links":{"self":[{"href":"https:\/\/blogs.ua.es\/arquitecturaciudadalicante\/wp-json\/wp\/v2\/pages\/33","targetHints":{"allow":["GET"]}}],"collection":[{"href":"https:\/\/blogs.ua.es\/arquitecturaciudadalicante\/wp-json\/wp\/v2\/pages"}],"about":[{"href":"https:\/\/blogs.ua.es\/arquitecturaciudadalicante\/wp-json\/wp\/v2\/types\/page"}],"author":[{"embeddable":true,"href":"https:\/\/blogs.ua.es\/arquitecturaciudadalicante\/wp-json\/wp\/v2\/users\/2468"}],"replies":[{"embeddable":true,"href":"https:\/\/blogs.ua.es\/arquitecturaciudadalicante\/wp-json\/wp\/v2\/comments?post=33"}],"version-history":[{"count":3,"href":"https:\/\/blogs.ua.es\/arquitecturaciudadalicante\/wp-json\/wp\/v2\/pages\/33\/revisions"}],"predecessor-version":[{"id":43,"href":"https:\/\/blogs.ua.es\/arquitecturaciudadalicante\/wp-json\/wp\/v2\/pages\/33\/revisions\/43"}],"wp:attachment":[{"href":"https:\/\/blogs.ua.es\/arquitecturaciudadalicante\/wp-json\/wp\/v2\/media?parent=33"}],"curies":[{"name":"wp","href":"https:\/\/api.w.org\/{rel}","templated":true}]}}