{"id":140,"date":"2009-01-13T09:07:17","date_gmt":"2009-01-13T08:07:17","guid":{"rendered":"https:\/\/blogs.ua.es\/arquitecturacivil\/?page_id=140"},"modified":"2009-01-13T22:53:31","modified_gmt":"2009-01-13T21:53:31","slug":"juan-bautista-de-toledo","status":"publish","type":"page","link":"https:\/\/blogs.ua.es\/arquitecturacivil\/juan-bautista-de-toledo\/","title":{"rendered":"Juan Bautista de Toledo"},"content":{"rendered":"<p><a href=\"https:\/\/blogs.ua.es\/arquitecturacivil\/files\/2009\/01\/00_juan-bautista.jpg\"><img loading=\"lazy\" decoding=\"async\" class=\"size-medium wp-image-141 alignright\" src=\"https:\/\/blogs.ua.es\/arquitecturacivil\/files\/2009\/01\/00_juan-bautista.jpg\" alt=\"\" width=\"227\" height=\"244\" \/><\/a><strong>\u00bfDe qui\u00e9n hablamos? <\/strong><br \/>\nJuan Bautista de Toledo que naci\u00f3 en Toledo o en Madrid alrededor de 1515 y  muri\u00f3 el 10 de mayo de 1567 en Madrid. Fue un eminente arquitecto renacentista espa\u00f1ol con excepcional experiencia en urbanismo e ingenier\u00eda militar e hidr\u00e1ulica.<\/p>\n<p><strong>\u00bfC\u00f3mo le definir\u00edamos? <\/strong><br \/>\nVar\u00f3n de gran juicio y escultor, que entend\u00eda bien el dise\u00f1o, sab\u00eda lengua latina y griega, y ten\u00eda mucha noticia de filosof\u00eda y matem\u00e1ticas, y al fin se hallaban en \u00e9l muchas partes que Vitrubio, pr\u00edncipe de los arquitectos, quiere que tengan los que han de ejercitar la arquitectura y llamarse maestros en ella.\u201d.<\/p>\n<p><em>Juan Bautista de Toledo, una personalidad enigm\u00e1tica.<\/em><\/p>\n<p><strong>\u00bfQu\u00e9 podr\u00edamos destacar de su vida? <\/strong><br \/>\nEn El Escorial, su obra magna, el 23 de abril de 1563, en la ceremonia de colocaci\u00f3n de la primera piedra, Juan de Herrera, su disc\u00edpulo y sucesor, escribi\u00f3 sobre la cara visible de la piedra: &#8220;JOANNES BAPTISTA ARCHITECTUS MAJOR. APRILES 23&#8221;. Bajo el nombre de &#8220;Joanne Bapta Hispano&#8221;, el papa Pablo III le nombr\u00f3 arquitecto adjunto de la Bas\u00edlica de San Pedro.<\/p>\n<p>El 18 de diciembre de 1546, el papa Pablo III le nombr\u00f3 como Arquitecto Adjunto Coordinador de las obras (la f\u00e1brica) de la Bas\u00edlica de San Pedro. En su etapa romana, Juan Bautista fue el hombre de confianza de Miguel \u00c1ngel, Arquitecto Jefe de las obras de la Bas\u00edlica de San Pedro de Roma.<\/p>\n<p>Antes de morir Pablo III, 1549 llamado por el Virrey Pedro \u00c1lvarez de Toledo y Zu\u00f1iga, se traslad\u00f3 a N\u00e1poles, para trabajar como Arquitecto de Carlos I. All\u00ed dise\u00f1\u00f3, restaur\u00f3 y urbaniz\u00f3: la Strada di Toledo (desde 1870, llamada Strada di Roma), la iglesia de St. Giacomo degli Spagnuoli; los bastiones del Castello Nuovo; el palacio del Posillipo, la fortaleza de Sant\u2019Elmo y varias fuentes.<\/p>\n<p>En 1559, fue llamado a Madrid por Felipe II para, en calidad de Arquitecto Real, para dise\u00f1ar el Monasterio de El Escorial y urbanizar su entorno.<\/p>\n<p>Mientras iba tomando cuerpo la idea de esta magna obra, tanto en la mente del rey como en la del arquitecto, Juan Bautista trabaj\u00f3 en:<\/p>\n<ul>\n<li>El Palacio Real de Aranjuez<\/li>\n<li>San Jer\u00f3nimo el Real<\/li>\n<li>Casa de Campo<\/li>\n<li>Alcazar de Toledo<\/li>\n<li>Casa Real de Aceca y<\/li>\n<li>Alcazar de Madrid.<\/li>\n<li>Tambi\u00e9n traz\u00f3 la fachada del convento de las Descalzas Reales de Madrid.<\/li>\n<\/ul>\n<p><strong>\u00bfPor qu\u00e9 es tan importante? <\/strong><br \/>\nLa obra maestra de Juan Bautista de Toledo fue el Monasterio de El Escorial y la urbanizaci\u00f3n y protecci\u00f3n de su entorno. El entorno lo concibi\u00f3 como una ciudad real, palaciega y monacal, h\u00edbridaci\u00f3n de lo que en otras \u00e9pocas se hab\u00eda denominado, se\u00f1or\u00edo de realengo y se\u00f1or\u00edo de abadengo o priorato.<\/p>\n<p><strong>Enlaces a las obras:<\/strong><\/p>\n<ul>\n<li><a href=\"https:\/\/blogs.ua.es\/arquitecturacivil\/descalzas-reales-de-madrid\/\">Descalzas Reales de Madrid<\/a><\/li>\n<li><a href=\"https:\/\/blogs.ua.es\/arquitecturacivil\/la-granjilla-de-la-fresneda\/\">La Granjilla de La Fresneda<\/a><\/li>\n<\/ul>\n","protected":false},"excerpt":{"rendered":"<p>\u00bfDe qui\u00e9n hablamos? Juan Bautista de Toledo que naci\u00f3 en Toledo o en Madrid alrededor de 1515 y muri\u00f3 el 10 de mayo de 1567 en Madrid. Fue un eminente arquitecto renacentista espa\u00f1ol con excepcional experiencia en urbanismo e ingenier\u00eda militar e hidr\u00e1ulica. \u00bfC\u00f3mo le definir\u00edamos? Var\u00f3n de gran juicio y escultor, que entend\u00eda bien [&hellip;]<\/p>\n","protected":false},"author":1036,"featured_media":0,"parent":0,"menu_order":0,"comment_status":"open","ping_status":"open","template":"","meta":{"footnotes":""},"class_list":["post-140","page","type-page","status-publish","hentry"],"_links":{"self":[{"href":"https:\/\/blogs.ua.es\/arquitecturacivil\/wp-json\/wp\/v2\/pages\/140","targetHints":{"allow":["GET"]}}],"collection":[{"href":"https:\/\/blogs.ua.es\/arquitecturacivil\/wp-json\/wp\/v2\/pages"}],"about":[{"href":"https:\/\/blogs.ua.es\/arquitecturacivil\/wp-json\/wp\/v2\/types\/page"}],"author":[{"embeddable":true,"href":"https:\/\/blogs.ua.es\/arquitecturacivil\/wp-json\/wp\/v2\/users\/1036"}],"replies":[{"embeddable":true,"href":"https:\/\/blogs.ua.es\/arquitecturacivil\/wp-json\/wp\/v2\/comments?post=140"}],"version-history":[{"count":5,"href":"https:\/\/blogs.ua.es\/arquitecturacivil\/wp-json\/wp\/v2\/pages\/140\/revisions"}],"predecessor-version":[{"id":229,"href":"https:\/\/blogs.ua.es\/arquitecturacivil\/wp-json\/wp\/v2\/pages\/140\/revisions\/229"}],"wp:attachment":[{"href":"https:\/\/blogs.ua.es\/arquitecturacivil\/wp-json\/wp\/v2\/media?parent=140"}],"curies":[{"name":"wp","href":"https:\/\/api.w.org\/{rel}","templated":true}]}}