{"id":171,"date":"2009-01-13T10:11:01","date_gmt":"2009-01-13T09:11:01","guid":{"rendered":"https:\/\/blogs.ua.es\/arquitecturacivil\/?page_id=171"},"modified":"2009-01-13T22:43:05","modified_gmt":"2009-01-13T21:43:05","slug":"pedro-machuca","status":"publish","type":"page","link":"https:\/\/blogs.ua.es\/arquitecturacivil\/pedro-machuca\/","title":{"rendered":"Pedro Machuca"},"content":{"rendered":"<p><a href=\"https:\/\/blogs.ua.es\/arquitecturacivil\/files\/2009\/01\/00_pedro-machuca.jpg\"><img loading=\"lazy\" decoding=\"async\" class=\"size-medium wp-image-172 alignright\" src=\"https:\/\/blogs.ua.es\/arquitecturacivil\/files\/2009\/01\/00_pedro-machuca.jpg\" alt=\"\" width=\"116\" height=\"116\" \/><\/a>\u00bfDe qui\u00e9n hablamos?<br \/>\nPedro Machuca (Toledo, 1485 &#8211; 1550) fue un pintor y arquitecto espa\u00f1ol del XVI. Se le considera uno de los primeros representantes del manierismo en Espa\u00f1a.<\/p>\n<p>Naci\u00f3 en Toledo y se form\u00f3 en Italia, donde fue disc\u00edpulo de Miguel \u00c1ngel y pudo conocer a Jacobo Florentino. Tambi\u00e9n mantuvo una estrecha relaci\u00f3n con  Polidoro Caldara, pintor de frescos ayudante de Rafael.<\/p>\n<p>De regreso a Espa\u00f1a en 1520, trabaj\u00f3 como pintor en la capilla Real de Granada, as\u00ed como en Ja\u00e9n, Toledo y Ucl\u00e9s.<\/p>\n<p>Pero, <strong>\u00bfc\u00f3mo fue su carrera?<\/strong><br \/>\nSu producci\u00f3n pict\u00f3rica es muy corta. Entre sus obras destacan dos conservadas en el Museo del Prado, &#8220;La Virgen de las \u00e1nimas&#8221; o &#8220;Virgen del sufragio&#8221; (h. 1527) y un extravagante &#8220;Descendimiento&#8221;, donde un ni\u00f1o que presencia la escena lleva la cara vendada por un flem\u00f3n, que a modo de retablo conserva su marco, dise\u00f1o tambi\u00e9n del artista, completadas con algun\u00e1s m\u00e1s conservadas en distintas colecciones espa\u00f1olas, italianas e inglesas, destacando &#8220;Bajada al limbo&#8221; de la Capilla Real de Granada, &#8220;Lamento ante Cristo muerto&#8221; del Louvre, &#8220;Virgen de la Cinta&#8221; de la Catedral de Ja\u00e9n y &#8220;Cristo muerto&#8221; del Convento de franciscanas de la Madre de Dios de la ciudad de Coria (C\u00e1ceres), \u00faltima pieza incluida en el corpus, descubierta en 1981, restaurada en los talleres del Prado y publicado como obra maestra del artista por Mat\u00edas D\u00edaz Padr\u00f3n y Carmen Garrido P\u00e9rez en la revista &#8220;Archivo Espa\u00f1ol de Arte&#8221;.<\/p>\n<p>Su \u00fanica pero c\u00e9lebre obra de arquitectura es el palacio de Carlos V, un imponente edificio renacentista encargado por el emperador como residencia en la Alhambra de Granada. En 1528 comenz\u00f3 las obras. En sus trazas se aprecia el contacto con la cultura del arquitecto romano Vitrubio a trav\u00e9s de los artistas italianos Rafael, Baldassare Peruzzi y, sobre todo, Giulio Romano.<\/p>\n<p>A pesar de estas influencias, Machuca no fue un simple seguidor o imitador de Miguel Angel y otros italianos manieristas. Hay que recordar que regres\u00f3 a  Espa\u00f1a muy pronto, cuando muchos de los mejores ejemplos del manierismo no se hab\u00edan erigido todav\u00eda, como el Palazzo T\u00e9 de Mantua, de Giulio Romano. Este dato revelar\u00eda que Machuca tuvo inventiva propia y que supo desarrollar, en Espa\u00f1a, la nueva estela manierista que empezaba a surgir en Italia.<\/p>\n<p><strong>Enlaces a las obras:<\/strong><\/p>\n<ul>\n<li><a href=\"https:\/\/blogs.ua.es\/arquitecturacivil\/el-palacio-de-carlos-i-de-granada\/\">Palacio de Carlos I de Granada<\/a><\/li>\n<\/ul>\n","protected":false},"excerpt":{"rendered":"<p>\u00bfDe qui\u00e9n hablamos? Pedro Machuca (Toledo, 1485 &#8211; 1550) fue un pintor y arquitecto espa\u00f1ol del XVI. Se le considera uno de los primeros representantes del manierismo en Espa\u00f1a. Naci\u00f3 en Toledo y se form\u00f3 en Italia, donde fue disc\u00edpulo de Miguel \u00c1ngel y pudo conocer a Jacobo Florentino. Tambi\u00e9n mantuvo una estrecha relaci\u00f3n con [&hellip;]<\/p>\n","protected":false},"author":1036,"featured_media":0,"parent":0,"menu_order":0,"comment_status":"open","ping_status":"open","template":"","meta":{"footnotes":""},"class_list":["post-171","page","type-page","status-publish","hentry"],"_links":{"self":[{"href":"https:\/\/blogs.ua.es\/arquitecturacivil\/wp-json\/wp\/v2\/pages\/171","targetHints":{"allow":["GET"]}}],"collection":[{"href":"https:\/\/blogs.ua.es\/arquitecturacivil\/wp-json\/wp\/v2\/pages"}],"about":[{"href":"https:\/\/blogs.ua.es\/arquitecturacivil\/wp-json\/wp\/v2\/types\/page"}],"author":[{"embeddable":true,"href":"https:\/\/blogs.ua.es\/arquitecturacivil\/wp-json\/wp\/v2\/users\/1036"}],"replies":[{"embeddable":true,"href":"https:\/\/blogs.ua.es\/arquitecturacivil\/wp-json\/wp\/v2\/comments?post=171"}],"version-history":[{"count":4,"href":"https:\/\/blogs.ua.es\/arquitecturacivil\/wp-json\/wp\/v2\/pages\/171\/revisions"}],"predecessor-version":[{"id":217,"href":"https:\/\/blogs.ua.es\/arquitecturacivil\/wp-json\/wp\/v2\/pages\/171\/revisions\/217"}],"wp:attachment":[{"href":"https:\/\/blogs.ua.es\/arquitecturacivil\/wp-json\/wp\/v2\/media?parent=171"}],"curies":[{"name":"wp","href":"https:\/\/api.w.org\/{rel}","templated":true}]}}