{"id":99,"date":"2009-01-11T23:42:03","date_gmt":"2009-01-11T22:42:03","guid":{"rendered":"https:\/\/blogs.ua.es\/arquitecturacivil\/?page_id=99"},"modified":"2009-01-13T22:42:29","modified_gmt":"2009-01-13T21:42:29","slug":"juan-de-herrera","status":"publish","type":"page","link":"https:\/\/blogs.ua.es\/arquitecturacivil\/juan-de-herrera\/","title":{"rendered":"Juan de Herrera"},"content":{"rendered":"<p><img loading=\"lazy\" decoding=\"async\" class=\"alignright\" src=\"https:\/\/blogs.ua.es\/arquitecturacivil\/files\/2009\/01\/juan_de_herrera3.jpg\" alt=\"Juan de Herrera\" width=\"200\" height=\"269\" \/><strong>\u00bfDe qui\u00e9n hablamos? <\/strong><br \/>\nDe Juan de Herrera que naci\u00f3 en el municipio c\u00e1ntabro de Vald\u00e1liga en el a\u00f1o 1530, y muri\u00f3 en Madrid en el a\u00f1o 1597.<\/p>\n<p><strong>\u00bfQui\u00e9n era? <\/strong><br \/>\nImportante arquitecto, matem\u00e1tico y ge\u00f3metra espa\u00f1ol de origen c\u00e1ntabro. Como figura del Renacimiento, se interes\u00f3 por todas las ramas del saber y manifest\u00f3 siempre un esp\u00edritu aventurero y un gran af\u00e1n de novedades.<\/p>\n<p><strong>\u00bfC\u00f3mo fue su vida? <\/strong><br \/>\nEstudi\u00f3 en la Universidad de Valladolid y al acabar los estudios, en 1548, se enrol\u00f3 en el s\u00e9quito del entonces todav\u00eda pr\u00edncipe Felipe, hijo del emperador Carlos I, participando en varias campa\u00f1as militares en Italia, Alemania y Flandes. M\u00e1s tarde, en 1553 volver\u00eda a Flandes a luchar con los ej\u00e9rcitos de Carlos I y cuando \u00e9ste se retira al monasterio de Yuste, Herrera va con \u00e9l.<\/p>\n<p><strong>\u00bfPor qu\u00e9 es tan importante? <\/strong><br \/>\nPorque realiz\u00f3 una importante obra arquitect\u00f3nica que fue el monasterio de El Escorial, en Madrid. Adem\u00e1s, es uno de los m\u00e1s destacados arquitectos espa\u00f1oles del siglo XVI y m\u00e1ximo exponente del Renacimiento en Espa\u00f1a.<\/p>\n<p><strong>\u00bfQu\u00e9 estilo le define?<\/strong><br \/>\nHerreriano en su honor, representativo del Imperio espa\u00f1ol de Felipe II y sus sucesores de la casa de los Austrias.<\/p>\n<p>Pero, <strong>\u00bfc\u00f3mo fue su carrera arquitect\u00f3nica?<\/strong><\/p>\n<ol>\n<li>Palacio Real de Aranjuez (1561);<\/li>\n<li>Monasterio de El Escorial (1563);<\/li>\n<li>Puente de Segovia de Madrid;<\/li>\n<li>Palacio de El Quexigal, edificio desaparecido, construido en el municipio madrile\u00f1o hom\u00f3nimo;<\/li>\n<li>Fachada sur del Alc\u00e1zar de Toledo (1571\u20131585);<\/li>\n<li>Dise\u00f1o de la lonja de Sevilla, actual Archivo de Indias (1583);<\/li>\n<li>Edificio de la Casa Consistorial de Toledo;<\/li>\n<li>Catedral de Valladolid (1589).<\/li>\n<li>Real Aposento de Torrelodones (1589), edificio desaparecido, construido en el municipio madrile\u00f1o hom\u00f3nimo;<\/li>\n<li>Colabor\u00f3 en la refortificaci\u00f3n del Fuerte de Cartagena de Indias de la actual Colombia.<\/li>\n<\/ol>\n<p><strong>\u00bfrealiz\u00f3 alguna otra labor importante?<\/strong><br \/>\nEn 1582 funda la Academia de Matem\u00e1ticas de Madrid, antecedente de la Real Academia de Ciencias Exactas, F\u00edsicas y Naturales, bajo el mecenazgo de Felipe II.<\/p>\n<p><strong>Enlaces a las obras:<\/strong><\/p>\n<ul>\n<li><a href=\"https:\/\/blogs.ua.es\/arquitecturacivil\/palacio-real-de-aranjuez\/\">Palacio Real de Aranjuez<\/a><\/li>\n<li><a href=\"https:\/\/blogs.ua.es\/arquitecturacivil\/monasterio-de-el-escorial\/\">Monasterio de El Escorial<\/a><\/li>\n<li><a href=\"https:\/\/blogs.ua.es\/arquitecturacivil\/alcazar-de-toledo\/\">Alc\u00e1zar de Toledo<\/a><\/li>\n<li><a href=\"https:\/\/blogs.ua.es\/arquitecturacivil\/casa-consistorial-de-toledo\/\">Casa Consistorial de Toledo<\/a><\/li>\n<li><a href=\"https:\/\/blogs.ua.es\/arquitecturacivil\/catedral-de-valladolid\/\">Catedral de Valladolid<\/a><\/li>\n<\/ul>\n","protected":false},"excerpt":{"rendered":"<p>\u00bfDe qui\u00e9n hablamos? De Juan de Herrera que naci\u00f3 en el municipio c\u00e1ntabro de Vald\u00e1liga en el a\u00f1o 1530, y muri\u00f3 en Madrid en el a\u00f1o 1597. \u00bfQui\u00e9n era? Importante arquitecto, matem\u00e1tico y ge\u00f3metra espa\u00f1ol de origen c\u00e1ntabro. Como figura del Renacimiento, se interes\u00f3 por todas las ramas del saber y manifest\u00f3 siempre un esp\u00edritu [&hellip;]<\/p>\n","protected":false},"author":1036,"featured_media":0,"parent":0,"menu_order":0,"comment_status":"open","ping_status":"open","template":"","meta":{"footnotes":""},"class_list":["post-99","page","type-page","status-publish","hentry"],"_links":{"self":[{"href":"https:\/\/blogs.ua.es\/arquitecturacivil\/wp-json\/wp\/v2\/pages\/99","targetHints":{"allow":["GET"]}}],"collection":[{"href":"https:\/\/blogs.ua.es\/arquitecturacivil\/wp-json\/wp\/v2\/pages"}],"about":[{"href":"https:\/\/blogs.ua.es\/arquitecturacivil\/wp-json\/wp\/v2\/types\/page"}],"author":[{"embeddable":true,"href":"https:\/\/blogs.ua.es\/arquitecturacivil\/wp-json\/wp\/v2\/users\/1036"}],"replies":[{"embeddable":true,"href":"https:\/\/blogs.ua.es\/arquitecturacivil\/wp-json\/wp\/v2\/comments?post=99"}],"version-history":[{"count":4,"href":"https:\/\/blogs.ua.es\/arquitecturacivil\/wp-json\/wp\/v2\/pages\/99\/revisions"}],"predecessor-version":[{"id":216,"href":"https:\/\/blogs.ua.es\/arquitecturacivil\/wp-json\/wp\/v2\/pages\/99\/revisions\/216"}],"wp:attachment":[{"href":"https:\/\/blogs.ua.es\/arquitecturacivil\/wp-json\/wp\/v2\/media?parent=99"}],"curies":[{"name":"wp","href":"https:\/\/api.w.org\/{rel}","templated":true}]}}