{"id":116,"date":"2012-10-14T15:18:03","date_gmt":"2012-10-14T15:18:03","guid":{"rendered":"https:\/\/blogs.ua.es\/arteespanoldelxvi\/?page_id=116"},"modified":"2013-01-10T00:32:00","modified_gmt":"2013-01-10T00:32:00","slug":"pintura-del-xvi","status":"publish","type":"page","link":"https:\/\/blogs.ua.es\/arteespanoldelxvi\/arte-del-xvi\/pintura-del-xvi\/","title":{"rendered":"Pintura del XVI"},"content":{"rendered":"<figure style=\"width: 269px\" class=\"wp-caption alignright\"><img loading=\"lazy\" decoding=\"async\" class=\" \" src=\"https:\/\/dl.dropbox.com\/u\/50682084\/Blog%20-%20Arte%20espa%C3%B1ol%20del%20XVI\/c%C3%ADtara.jpg\" alt=\"\u00c1ngel tocando la c\u00edtara, frescos de la capilla mayor de la catedral de Valencia\" width=\"269\" height=\"325\" \/><figcaption class=\"wp-caption-text\">\u00c1ngel tocando la c\u00edtara, frescos de la capilla mayor de la catedral de Valencia<\/figcaption><\/figure>\n<p style=\"text-align: justify\">En <strong>pintura<\/strong>, el siglo XVI supone la penetraci\u00f3n y surgimiento del <strong>renacimiento<\/strong> y la <strong>transici\u00f3n<\/strong> entre el gusto <strong>flamenco<\/strong> y el estilo <strong>italianizante<\/strong>. El siglo XV hab\u00eda supuesto la <strong>consolidaci\u00f3n<\/strong> del <strong>g\u00f3tico<\/strong> en arquitectura y del gusto <strong>flamenco<\/strong> en pintura. As\u00ed, dado que la pintura flamenca segu\u00eda respondiendo a las necesidades de la clientela y a la capacidad t\u00e9cnica de los artistas, seguir\u00e1 ejecut\u00e1ndose este tipo de pintura realista, detallista y de rico colorido, con un profundo inter\u00e9s por los paisajes y los interiores, y generalmente vinculada a la tem\u00e1tica religiosa y devocional, de gran peso en Espa\u00f1a.<\/p>\n<p style=\"text-align: justify\"><span style=\"text-align: justify\">Las formas renacentistas italianizantes se introdujeron en Espa\u00f1a a trav\u00e9s, principalmente, del <\/span><strong>litoral mediterr\u00e1neo<\/strong><span style=\"text-align: justify\">. La corona aragonesa, gracias a su vinculaci\u00f3n con Italia, recibi\u00f3 <\/span><strong>prontamente<\/strong><span style=\"text-align: justify\"> el influjo de la <\/span><strong>pintura renacentista<\/strong><span style=\"text-align: justify\">; sin embargo, en Castilla y el interior de la pen\u00ednsula las formas flamencas y goticistas pervivieron gracias a su impulso por parte de los Reyes Cat\u00f3licos. En parte por esta raz\u00f3n, las mejores muestras de arte renacentista en Espa\u00f1a no son s\u00f3lo de car\u00e1cter aut\u00f3ctono, sino que existen en nuestro pa\u00eds grandes ejemplos de <\/span><strong>renacimiento italiano y europeo<\/strong><span style=\"text-align: justify\">, gracias a las <\/span><strong>colecciones reales<\/strong><span style=\"text-align: justify\"> de Carlos I y Felipe II.<\/span><\/p>\n<figure style=\"width: 296px\" class=\"wp-caption alignleft\"><img loading=\"lazy\" decoding=\"async\" src=\"https:\/\/dl.dropbox.com\/u\/50682084\/Blog%20-%20Arte%20espa%C3%B1ol%20del%20XVI\/P02902.jpg\" alt=\"Santa Catalina, de Fernando Y\u00e1\u00f1ez de la Almedina\" width=\"296\" height=\"563\" \/><figcaption class=\"wp-caption-text\">Santa Catalina, de Fernando Y\u00e1\u00f1ez de la Almedina<\/figcaption><\/figure>\n<p style=\"text-align: justify\"><span style=\"text-align: justify\">En el <\/span><strong>primer tercio del siglo XVI<\/strong><span style=\"text-align: justify\">, la pintura sigue ligada a los elementos flamencos propios del g\u00f3tico, introduci\u00e9ndose en algunos momentos elementos italianizantes, lo que convierte a este periodo en un tiempo de <\/span><strong>transici\u00f3n<\/strong><span style=\"text-align: justify\">; ejemplo de esta transici\u00f3n ser\u00edan las pinturas de <\/span><strong>Rodrigo y Francisco de Osona<\/strong><span style=\"text-align: justify\">, que trabajaron fundamentalmente en <\/span><strong>Valencia<\/strong><span style=\"text-align: justify\">, que suele considerarse como el <\/span><strong>punto de entrada del renacimiento<\/strong><span style=\"text-align: justify\">. De hecho, es en esta ciudad donde, ya en <\/span><strong>1474<\/strong><span style=\"text-align: justify\">, aparece una importante muestra de arte de estela <\/span><strong>cuatrocentista italiana<\/strong><span style=\"text-align: justify\">. Se trata de los <\/span><strong>frescos de la b\u00f3veda del altar mayor de la catedral<\/strong><span style=\"text-align: justify\">, obra de\u00a0<\/span><strong>Paolo de San Leocadio\u00a0y\u00a0Francesco Pagano<\/strong><span style=\"text-align: justify\">. Estos pintores, procedentes del norte de Italia, representan en esos frescos a una serie de \u00e1ngeles cantores, que muestran las principales caracter\u00edsticas del arte de finales del Quattrocento italiano, tales como un <\/span><strong>dibujo muy bien definido<\/strong><span style=\"text-align: justify\"> y estudiado, unos <\/span><strong>vol\u00famenes<\/strong><span style=\"text-align: justify\"> bien conseguidos y una apariencia general idealizada directamente desde el natural. No obstante, estos frescos se ci\u00f1en a las exigencias de la clientela, y por ello presentan los fondos estrellados y los reflejos dorados propios del gusto g\u00f3tico. Adem\u00e1s, y a pesar de la prontitud con que San Leocadio y Pagano pintan estos frescos, no fueron m\u00e1s que una <\/span><strong>muestra m\u00e1s bien aislada<\/strong><span style=\"text-align: justify\"> de arte renaciente y no influyeron en el panorama art\u00edstico del momento.<\/span><\/p>\n<figure style=\"width: 281px\" class=\"wp-caption alignright\"><img loading=\"lazy\" decoding=\"async\" src=\"https:\/\/dl.dropbox.com\/u\/50682084\/Blog%20-%20Arte%20espa%C3%B1ol%20del%20XVI\/Rey_David_por_Pedro_Berruguete.JPG\" alt=\"\" width=\"281\" height=\"448\" \/><figcaption class=\"wp-caption-text\">El Rey David, de Pedro Berruguete<\/figcaption><\/figure>\n<p style=\"text-align: justify\">En Valencia desarroll\u00f3 gran parte de su obra <strong>Fernando Y\u00e1\u00f1ez de Almedina<\/strong>, que de manera muy temprana mostr\u00f3 un estilo muy cercano al de <strong>Leonardo Da Vinci<\/strong>. El <strong>difuminado<\/strong> de los rostros y la importancia <strong>m\u00edmica<\/strong> de los gestos son elementos que le acercan a este artista italiano, como vemos en su obra maestra y una de las puntas de lanza de la pict\u00f3rica espa\u00f1ola del XVI: <strong><em>Santa Catalina<\/em><\/strong>, una obra de entre el 1505 y el 1510. Junto a Y\u00e1\u00f1ez, <strong>Hernando de los Llanos<\/strong> trabaj\u00f3 en las pinturas del retablo mayor de la Catedral valenciana.<\/p>\n<p style=\"text-align: justify\"><span style=\"text-align: justify\">En <\/span><strong>Castilla<\/strong><span style=\"text-align: justify\">, ser\u00e1 <\/span><strong>Pedro Berruguete<\/strong><span style=\"text-align: justify\">, padre de Alonso Berruguete, uno de los primeros artistas que muestre la influencia renacentista y la combine con su formaci\u00f3n flamenca. Sus obras presentan gran cuidado en el <strong>espacio<\/strong> y las <strong>perspectivas<\/strong>, aunque no pierde el gusto por los <strong>detalles<\/strong> minuciosos y la introducci\u00f3n de elementos <strong>flamencos\u00a0goticistas<\/strong>, tales como fondos planos dorados. Su hijo, el destacado escultor <strong>Alonso Berruguete<\/strong>, introducir\u00e1 tambi\u00e9n en pintura los avanzados elementos <strong>manieristas<\/strong> que importa de Italia y que tan caracter\u00edstica hacen su obra escult\u00f3rica.<\/span><\/p>\n<p style=\"text-align: justify\">Tambi\u00e9n en Castilla,\u00a0<strong>Juan de Borgo\u00f1a<\/strong> mostr\u00f3 actitudes art\u00edsticas pr\u00f3ximas al renacimiento, debido a su formaci\u00f3n italiana. En sus obras, la <strong>composici\u00f3n<\/strong> es clara y las escenas se enmarcan en <strong>paisajes<\/strong> amplios o <strong>arquitecturas<\/strong> cl\u00e1sicas, con personajes muy <strong>idealizados<\/strong>.<\/p>\n<figure style=\"width: 269px\" class=\"wp-caption alignleft\"><img loading=\"lazy\" decoding=\"async\" class=\" \" src=\"https:\/\/dl.dropbox.com\/u\/50682084\/Blog%20-%20Arte%20espa%C3%B1ol%20del%20XVI\/Machuca-descendimiento-prado.jpg\" alt=\"\" width=\"269\" height=\"310\" \/><figcaption class=\"wp-caption-text\">El Descencimiento, de Pedro Machuca<\/figcaption><\/figure>\n<p style=\"text-align: justify\">Por su parte, en <strong>Andaluc\u00eda<\/strong> ser\u00e1 <strong>Alejo Fern\u00e1ndez<\/strong> quien destaque en el primer tercio de siglo, reuniendo en su pintura las tendencias flamencas e italianas y mostrando a los protagonistas de sus obras, con frecuencia Cristo y la Virgen, en <strong>arquitecturas renacientes<\/strong> y entre personajes que se asemejan a la aristocracia y la burgues\u00eda italiana. La obra de Fern\u00e1ndez en sus \u00faltimos momentos coexistir\u00e1 con la pintura de raz\u00f3n\u00a0<strong>manierista <\/strong>del<strong> segundo tercio <\/strong>de siglo, como la de <strong>Pedro de Machuca<\/strong> o\u00a0<strong>Pedro de Campa\u00f1a<\/strong>. Campa\u00f1a, nacido en Bruselas, y tras su periplo europeo e italiano, recala en Espa\u00f1a y en concreto, en Sevilla. All\u00ed, introducir\u00e1 el <strong>manierismo rafaelesco<\/strong>, basado en los principios estil\u00edsticos del maestro <strong>Rafael<\/strong>, como apreciamos en sus pinturas para el retablo de la <strong>Iglesia de Santa Ana<\/strong>, en Triana (Sevilla). En cuanto a <strong>Machuca<\/strong>, es uno de los artistas cumbre del siglo XVI, reconocido por su dise\u00f1o del <strong>Palacio de Carlos V<\/strong> en la <strong>Alhambra<\/strong> de Granada y por su producci\u00f3n pict\u00f3rica, de un marcado <strong>car\u00e1cter manierista<\/strong>, que funde con tremenda <strong>coherencia<\/strong> los estilos <strong>miguelangelesco<\/strong>, <strong>rafaelesco<\/strong>, <strong>leonardesco<\/strong> e incluso <strong>veneciano<\/strong>.<\/p>\n<figure style=\"width: 358px\" class=\"wp-caption alignright\"><img loading=\"lazy\" decoding=\"async\" class=\" \" src=\"https:\/\/dl.dropbox.com\/u\/50682084\/Blog%20-%20Arte%20espa%C3%B1ol%20del%20XVI\/%C3%9Altima_Cena_-_Juan_de_Juanes.jpg\" alt=\"\" width=\"358\" height=\"226\" \/><figcaption class=\"wp-caption-text\">\u00daltima Cena, de Juan de Juanes<\/figcaption><\/figure>\n<p style=\"text-align: justify\"><strong>Valencia<\/strong>, en el segundo tercio de siglo, segu\u00eda siendo un importante puerto al que llegaban influencias culturales y art\u00edsticas de todo el Mediterr\u00e1neo. Fue de esta manera como <strong>Juan de Juanes<\/strong> conoci\u00f3 de primera mano obras <strong>italianas<\/strong>, muchas de ellas de <strong>Sebastiano del Piombo<\/strong>, y as\u00ed fue asumiendo las composiciones y <strong>dulzura rafaelescas<\/strong>, el <strong>sfumatto leonardesco<\/strong> y el <strong>colorido veneciano<\/strong>. En su conocida <em><strong>Santa Cena<\/strong><\/em> vemos c\u00f3mo Juanes construye un <strong>estilo sosegado, amable y de f\u00e1cil comprensi\u00f3n.<\/strong><\/p>\n<figure style=\"width: 212px\" class=\"wp-caption alignleft\"><img loading=\"lazy\" decoding=\"async\" class=\"  \" src=\"https:\/\/dl.dropbox.com\/u\/50682084\/Blog%20-%20Arte%20espa%C3%B1ol%20del%20XVI\/Luis_de_Morales_-_Christ_Carrying_the_Cross_-_WGA16188.jpg\" alt=\"Nazareno, de Luis de Morales\" width=\"212\" height=\"278\" \/><figcaption class=\"wp-caption-text\">Nazareno, de Luis de Morales<\/figcaption><\/figure>\n<p style=\"text-align: justify\">De los a\u00f1os centrales de siglo no podemos olvidar a <strong>Luis de Morales<\/strong>, divulgador de temas piadosos de hondo <strong>misticismo<\/strong>, con figuras <strong>alargadas y expresivas<\/strong>, de suave <strong>sfumato<\/strong> leonardesco, <strong>amabilidad<\/strong> rafaelesca y <strong>detallismo<\/strong> flamenco.<\/p>\n<p style=\"text-align: justify\">En cuanto al <strong>\u00faltimo tercio del XVI<\/strong>, la producci\u00f3n de m\u00e1s elevada calidad la encontramos gravitando alrededor de Felipe II, la construcci\u00f3n de El Escorial y la corte. Gran cantidad de artistas italianos llegaron al monasterio escurialense con el objetivo de ocuparse de alguna de las numerosas obras que hab\u00edan de decorar la construcci\u00f3n, como Tibaldi o Z\u00faccaro. Uno de los autores espa\u00f1oles que se encargar\u00e1n de alguna de esas obras ser\u00e1 <strong>Juan Fern\u00e1ndez de Navarrete<\/strong>, de importante influencia <strong>veneciana<\/strong> y gusto por ambientes casi <strong>tenebristas<\/strong>.<\/p>\n<p style=\"text-align: justify\">En<strong>\u00a0Madrid<\/strong>\u00a0el m\u00e1s importante de los retratistas de la corte es<strong>\u00a0Alonso S\u00e1nchez Coello<\/strong>, que conjuga el <strong>virtuosismo flamenco<\/strong> de su maestro Antonio Moro con la riqueza decorativa de los <strong>venecianos<\/strong> y el <strong>inter\u00e9s psicol\u00f3gico<\/strong> por los retratados, con ciertas dosis de idealizaci\u00f3n. Su disc\u00edpulo\u00a0<strong>Juan Pantoja de la Cruz<\/strong>\u00a0introducir\u00e1 el detallismo en vestidos y joyas.<\/p>\n<p style=\"text-align: justify\">Pero sin duda el pintor m\u00e1s importante y original de este siglo es\u00a0<strong>Dom\u00e9nikos Theotokopoulos, &#8220;<em>El Greco<\/em>&#8220;.\u00a0<\/strong>Procedente de Creta, y tras recalar durante meses en Italia, llega al Escorial, de donde pasar\u00e1 a Toledo y se asentar\u00e1 definitivamente. El estilo manierista que construye el Greco es sin duda uno de los m\u00e1s personales de toda la historia del arte espa\u00f1ol, en el que se unen las diferentes influencias cretense, romana, veneciana y espa\u00f1ola que ha recibido, dando lugar a obras de una tremenda peculiaridad.<\/p>\n<figure id=\"attachment_933\" aria-describedby=\"caption-attachment-933\" style=\"width: 1024px\" class=\"wp-caption aligncenter\"><a href=\"https:\/\/blogs.ua.es\/arteespanoldelxvi\/files\/2013\/01\/hhhhh.jpg\"><img loading=\"lazy\" decoding=\"async\" class=\"size-full wp-image-933\" src=\"https:\/\/blogs.ua.es\/arteespanoldelxvi\/files\/2013\/01\/hhhhh.jpg\" alt=\"Trinidad (detalle), El Greco\" width=\"1024\" height=\"410\" srcset=\"https:\/\/blogs.ua.es\/arteespanoldelxvi\/files\/2013\/01\/hhhhh.jpg 1024w, https:\/\/blogs.ua.es\/arteespanoldelxvi\/files\/2013\/01\/hhhhh-300x120.jpg 300w\" sizes=\"auto, (max-width: 1024px) 100vw, 1024px\" \/><\/a><figcaption id=\"caption-attachment-933\" class=\"wp-caption-text\">Trinidad (detalle), El Greco<\/figcaption><\/figure>\n","protected":false},"excerpt":{"rendered":"<p>En pintura, el siglo XVI supone la penetraci\u00f3n y surgimiento del renacimiento y la transici\u00f3n entre el gusto flamenco y el estilo italianizante. El siglo XV hab\u00eda supuesto la consolidaci\u00f3n del g\u00f3tico en arquitectura y del gusto flamenco en pintura. As\u00ed, dado que la pintura flamenca segu\u00eda respondiendo a las necesidades de la clientela y [&hellip;]<\/p>\n","protected":false},"author":2730,"featured_media":0,"parent":186,"menu_order":4,"comment_status":"open","ping_status":"open","template":"","meta":{"footnotes":""},"class_list":["post-116","page","type-page","status-publish","hentry"],"_links":{"self":[{"href":"https:\/\/blogs.ua.es\/arteespanoldelxvi\/wp-json\/wp\/v2\/pages\/116","targetHints":{"allow":["GET"]}}],"collection":[{"href":"https:\/\/blogs.ua.es\/arteespanoldelxvi\/wp-json\/wp\/v2\/pages"}],"about":[{"href":"https:\/\/blogs.ua.es\/arteespanoldelxvi\/wp-json\/wp\/v2\/types\/page"}],"author":[{"embeddable":true,"href":"https:\/\/blogs.ua.es\/arteespanoldelxvi\/wp-json\/wp\/v2\/users\/2730"}],"replies":[{"embeddable":true,"href":"https:\/\/blogs.ua.es\/arteespanoldelxvi\/wp-json\/wp\/v2\/comments?post=116"}],"version-history":[{"count":25,"href":"https:\/\/blogs.ua.es\/arteespanoldelxvi\/wp-json\/wp\/v2\/pages\/116\/revisions"}],"predecessor-version":[{"id":118,"href":"https:\/\/blogs.ua.es\/arteespanoldelxvi\/wp-json\/wp\/v2\/pages\/116\/revisions\/118"}],"up":[{"embeddable":true,"href":"https:\/\/blogs.ua.es\/arteespanoldelxvi\/wp-json\/wp\/v2\/pages\/186"}],"wp:attachment":[{"href":"https:\/\/blogs.ua.es\/arteespanoldelxvi\/wp-json\/wp\/v2\/media?parent=116"}],"curies":[{"name":"wp","href":"https:\/\/api.w.org\/{rel}","templated":true}]}}