{"id":120,"date":"2012-10-14T15:21:06","date_gmt":"2012-10-14T15:21:06","guid":{"rendered":"https:\/\/blogs.ua.es\/arteespanoldelxvi\/?page_id=120"},"modified":"2013-01-10T00:44:45","modified_gmt":"2013-01-10T00:44:45","slug":"escultura-del-xvi","status":"publish","type":"page","link":"https:\/\/blogs.ua.es\/arteespanoldelxvi\/arte-del-xvi\/escultura-del-xvi\/","title":{"rendered":"Escultura del XVI"},"content":{"rendered":"<p style=\"text-align: justify\">Desde comienzos del siglo XVI, la escultura, de un marcado <strong>goticismo<\/strong> por influjo franc\u00e9s y <strong>flamenco<\/strong>, empieza a reflejar la influencia <strong>renacentista<\/strong>, aunque el gusto goticista tardar\u00eda en desaparecer. Este gusto influir\u00eda en la creaci\u00f3n de una escult\u00f3rica espa\u00f1ola <strong>curiosa y original<\/strong>, acorde con la <strong>espiritualidad<\/strong> g\u00f3tica y que entroncar\u00e1 a la perfecci\u00f3n con la <strong>teatralidad<\/strong> barroca.<\/p>\n<p style=\"text-align: justify\">En cuanto a <strong>materiales<\/strong>, se usaron el m\u00e1rmol, el alabastro y en algunos casos el bronce. Sin embargo, ser\u00e1 la <strong>talla en madera<\/strong> la que ir\u00e1 creciendo en frecuencia, pues es un material <strong>asequible<\/strong> tanto econ\u00f3mica como t\u00e9cnicamente. Estas tallas en madera ser\u00e1n <strong>policromadas<\/strong>, d\u00e1ndoles <strong>verismo<\/strong> y ocultando la relativa pobreza del material. Comienza a gestarse entonces lo que ser\u00e1 una de las muestras m\u00e1s <strong>originales<\/strong> del arte espa\u00f1ol y que contar\u00e1 con mejores artistas durante los siglos XVI y XVII, la <strong>imaginer\u00eda<\/strong>.<\/p>\n<figure style=\"width: 660px\" class=\"wp-caption aligncenter\"><img loading=\"lazy\" decoding=\"async\" src=\"https:\/\/dl.dropbox.com\/u\/50682084\/Blog%20-%20Arte%20espa%C3%B1ol%20del%20XVI\/torrigiano_MBASE_13_mgtCE0153E.jpg_1306973099.jpg\" alt=\"\" width=\"660\" height=\"365\" \/><figcaption class=\"wp-caption-text\">San Jer\u00f3nimo penitente, de Pietro Torrigiano<\/figcaption><\/figure>\n<p style=\"text-align: justify\">No en madera, sino en barro cocido, crear\u00e1 <strong>Pietro Torrigiano<\/strong> una de las esculturas religiosas cumbre del arte espa\u00f1ol, su\u00a0<strong><em>San Jer\u00f3nimo penitente<\/em><\/strong>. Pietro Torrigiano es uno de los artistas florentinos que se traslada a Espa\u00f1a a inicios del XVI y a los que debemos la <strong>introducci\u00f3n<\/strong> del <strong>renacimiento<\/strong> en nuestro pa\u00eds. No obstante, en este San Jer\u00f3nimo, Torrigiano interpret\u00f3 a la perfecci\u00f3n el gusto <strong>popular<\/strong> sevillano, obviando incluso su bagaje renacentista. Se trata de una escultura de cuerpo delgado y <strong>realista<\/strong>, que se convertir\u00eda con el tiempo en un verdadero tratado de anatom\u00eda y ejemplo de buen hacer para la escuela sevillana de escultura.<\/p>\n<figure style=\"width: 314px\" class=\"wp-caption alignleft\"><img loading=\"lazy\" decoding=\"async\" class=\" \" src=\"https:\/\/dl.dropbox.com\/u\/50682084\/Blog%20-%20Arte%20espa%C3%B1ol%20del%20XVI\/capillarealreyescatolicfy8-fancelli%20-%20copia.jpg\" alt=\"\" width=\"314\" height=\"207\" \/><figcaption class=\"wp-caption-text\">Sepulcro de los Reyes Cat\u00f3licos, de Fancelli<\/figcaption><\/figure>\n<p style=\"text-align: justify\">Junto con Torrigiano, en el primer tercio del XVI destacar\u00e1n otros dos italianos, <strong>Dom\u00e9nico Fancelli<\/strong> y <strong>Jacopo Florentino<\/strong>. Mientras que el primero, <strong>Fancelli<\/strong>, realizar\u00eda una magna obra <strong>marm\u00f3rea<\/strong> en el <strong><em>sepulcro de los Reyes Cat\u00f3licos<\/em><\/strong> de la Capilla Real de Granada; el segundo, <strong>Florentino<\/strong>, que tambi\u00e9n ser\u00eda arquitecto, sufrir\u00eda en escultura el mismo proceso que Torrigiano y acabar\u00eda realizando una escultura en <strong>madera<\/strong> de gran <strong>hondur<\/strong><strong>a espiritual<\/strong>, como ocurre con su grupo de <strong><em>El Santo Entierro<\/em><\/strong>.<\/p>\n<figure style=\"width: 406px\" class=\"wp-caption aligncenter\"><img loading=\"lazy\" decoding=\"async\" class=\" \" src=\"https:\/\/dl.dropbox.com\/u\/50682084\/Blog%20-%20Arte%20espa%C3%B1ol%20del%20XVI\/22elentierrodecristojac-florentini%20o%20torni.jpg\" alt=\"\" width=\"406\" height=\"306\" \/><figcaption class=\"wp-caption-text\">Entierro de Cristo, de Jacobo Florentino<\/figcaption><\/figure>\n<figure style=\"width: 251px\" class=\"wp-caption alignleft\"><img loading=\"lazy\" decoding=\"async\" class=\" \" src=\"https:\/\/dl.dropbox.com\/u\/50682084\/Blog%20-%20Arte%20espa%C3%B1ol%20del%20XVI\/4396854511_58504ecdd3_o.jpg\" alt=\"\" width=\"251\" height=\"202\" \/><figcaption class=\"wp-caption-text\">Sepulcro de Don Felipe y Do\u00f1a Juana, de Bartolom\u00e9 Ord\u00f3\u00f1ez<\/figcaption><\/figure>\n<p style=\"text-align: justify\">Al margen de la importante obra de estos artistas italianos, hubo grandes escultores <strong>espa\u00f1oles<\/strong> en este primer tercio de siglo. Destacan\u00a0<strong>Felipe Bigarny,<\/strong>\u00a0<strong>Bartolom\u00e9 Ord\u00f3\u00f1ez<\/strong> y<strong> Dami\u00e1n Forment<\/strong>. <strong>Bigarny<\/strong> representa el m\u00e1s claro ejemplo de <strong>transici\u00f3n<\/strong> entre g\u00f3tico y renacimiento, como muestra en su retablo de la <strong>Capilla del Condestable en la Catedral de\u00a0Burgos<\/strong>, donde se combina el recargamiento g\u00f3tico con una distribuci\u00f3n de espacios renacentista. En cuanto a <strong>Ord\u00f3\u00f1ez<\/strong>, en su\u00a0<strong>sepulcro para los reyes Felipe <em>el Hermoso<\/em> y Juana <em>la Loca<\/em><\/strong> hace gala de una depurada t\u00e9cnica y de una perfecta mezcla de la\u00a0idealizaci\u00f3n renacentista y la religiosidad expresiva hispana.<\/p>\n<p>&nbsp;<\/p>\n<figure style=\"width: 336px\" class=\"wp-caption aligncenter\"><img loading=\"lazy\" decoding=\"async\" src=\"https:\/\/dl.dropbox.com\/u\/50682084\/Blog%20-%20Arte%20espa%C3%B1ol%20del%20XVI\/Burgos_-_Catedral_061_-_Capilla_del_Condestable.jpg\" alt=\"\" width=\"336\" height=\"448\" \/><figcaption class=\"wp-caption-text\">Retablo del Condestable, de Bigarny<\/figcaption><\/figure>\n<figure style=\"width: 142px\" class=\"wp-caption alignleft\"><img loading=\"lazy\" decoding=\"async\" class=\"  \" src=\"https:\/\/dl.dropbox.com\/u\/50682084\/Blog%20-%20Arte%20espa%C3%B1ol%20del%20XVI\/540%2010%20San%20Sebasti%C3%A1n-Berruguete-MNCSG%20-%20copia.jpg\" alt=\"\" width=\"142\" height=\"368\" \/><figcaption class=\"wp-caption-text\">San Sebasti\u00e1n, de Alonso Berruguete<\/figcaption><\/figure>\n<p style=\"text-align: justify\">Durante el <strong>segundo tercio de siglo,<\/strong>\u00a0la escultura comenzar\u00e1 a hacerse totalmente <strong>peculiar<\/strong>, de manera que tender\u00e1\u00a0a expresar la intensa <strong>espiritualidad<\/strong> religiosa, por lo que los principios de elegancia y sobriedad del renacimiento ser\u00e1n reinterpretados e incluso obviados en algunos momentos. En este periodo destacan <strong>Alonso Berruguete<\/strong> (hijo del pintor Pedro Berruguete) y <strong>Juan de Juni<\/strong>, dos de las grandes personalidades art\u00edsticas del XVI, incluidas dentro del <strong>manierismo expresivista<\/strong>, opuesto al<strong> manierismo romanista,\u00a0<\/strong>de raigambre <strong>miguelangelesca<\/strong> y representado en Espa\u00f1a por <strong>Gaspar Becerra<\/strong>.<\/p>\n<p style=\"text-align: justify\"><strong>Alonso Berruguete<\/strong> tuvo oportunidad de viajar en su juventud a Italia, de modo que a su regreso hab\u00eda asimilado, de manera muy temprana, los <strong>principios manieristas<\/strong> en los que hab\u00eda ido degenerando el Alto Renacimiento. Construye as\u00ed un estilo muy <strong>personal<\/strong> y de gran <strong>expresividad<\/strong>, basado en la <strong>distorsi\u00f3n<\/strong>, la <strong>inestabilidad<\/strong> y el <strong>alargamiento<\/strong> de las figuras, sin buscar una belleza superficial o material en aras de una mayor intensidad y trascendencia religiosa. Ejemplo de ello es su escultura de <strong><em>San Sebasti\u00e1n<\/em><\/strong>, de alargamiento anat\u00f3mico imposible, inestabilidad compositiva y pronunciada <strong>estilizaci\u00f3n<\/strong> manierista.<span style=\"color: #ffffff\">.<\/span><\/p>\n<p style=\"text-align: justify\"><strong>Juan de Juni<\/strong>, de origen franc\u00e9s pero de obra vallisoletana, mostr\u00f3 un inter\u00e9s por lo <strong>colosal<\/strong> y lo <strong>teatral<\/strong> que sin duda hemos de considerar uno de los precedentes del <strong>barroco<\/strong> espa\u00f1ol. Aunque se inici\u00f3 en el clasicismo formal, explor\u00f3 las opciones que la escultura espa\u00f1ola ofrec\u00eda y r\u00e1pidamente incorpor\u00f3 efectos <strong>manieristas y prebarrocos<\/strong>, de modo que las figuras <strong>interact\u00faan<\/strong> entre s\u00ed y con el espectador, con una honda<strong> expresividad y patetismo<\/strong>. Estas figuras se insertan en composiciones sim\u00e9tricas y cerradas, donde los personajes son corpulentos y de una apariencia <strong>naturalista<\/strong>, tendente a la fealdad incluso, aunque presentan vestiduras de rica policrom\u00eda. El mejor ejemplo de este tipo de escultura, precedente directo de la<strong> imaginer\u00eda procesional<\/strong>, es el <strong><em>Santo Entierro de Cristo<\/em><\/strong>, grupo que <strong>sintetiza<\/strong> los aut\u00e9nticos valores escult\u00f3ricos espa\u00f1oles a partir de ese momento: <strong>teatralidad, dramatismo y expresividad religiosa.<\/strong><\/p>\n<figure style=\"width: 1024px\" class=\"wp-caption aligncenter\"><img loading=\"lazy\" decoding=\"async\" src=\"https:\/\/dl.dropbox.com\/u\/50682084\/Blog%20-%20Arte%20espa%C3%B1ol%20del%20XVI\/Juan_de_Juni-Santo_Entierro.jpg\" alt=\"\" width=\"1024\" height=\"523\" \/><figcaption class=\"wp-caption-text\">Entierro de Cristo, de Juan de Juni<\/figcaption><\/figure>\n<figure style=\"width: 221px\" class=\"wp-caption alignleft\"><img loading=\"lazy\" decoding=\"async\" class=\"   \" src=\"https:\/\/dl.dropbox.com\/u\/50682084\/E00271.jpg\" alt=\"\" width=\"221\" height=\"370\" \/><figcaption class=\"wp-caption-text\">Carlos V, por Leone y Pompeo Leoni<\/figcaption><\/figure>\n<p style=\"text-align: justify\">No podemos hablar de la escultura del siglo XVI en Espa\u00f1a sin mencionar el <strong>estelar<\/strong> -por su alta <strong>calidad<\/strong> y tambi\u00e9n <strong>rapidez<\/strong>&#8211; paso de la familia de los <strong>Leoni<\/strong> por nuestro pa\u00eds. <strong>Leone<\/strong> Leoni y su hijo <strong>Pompeo<\/strong> eran valorados escultores del norte de <strong>Italia<\/strong> que trabajaron para grandes cortes y nobles europeos. Para <strong>Carlos I<\/strong> de Espa\u00f1a, m\u00e1s conocido como el emperador Carlos V, desarrollaron sus m\u00e1s importantes y valoradas obras. As\u00ed, Espa\u00f1a cont\u00f3 con una serie de retratos regios de una gran <strong>modernidad<\/strong> y <strong>monumentalidad<\/strong>, enlazados directamente con el <strong>renacimiento<\/strong> italiano pero tambi\u00e9n con los valores <strong>heroicos<\/strong> vinculados a una figura como la del Emperador. Estos escultores trabajaron principalmente el bronce y el m\u00e1rmol, y a pesar de la alta calidad de sus obras, no tuvieron una gran <strong>repercusi\u00f3n<\/strong>\u00a0ni continuidad en el contexto art\u00edstico hispano, que disfrutaba recre\u00e1ndose en los estilos de Berruguete, Juni o Silo\u00e9, base de la escultura espa\u00f1ola posterior.<\/p>\n<p style=\"text-align: justify\">Por influencia de estos tres grandes artistas, la <strong>escultura devocional<\/strong> en madera policromada, ya fuera destinada a retablos o a exposici\u00f3n exenta o incluso procesional, acaparar\u00eda gran parte del <strong>\u00faltimo tercio del siglo XVI<\/strong>, un periodo de <strong>transici\u00f3n<\/strong> entre el arte del XVI y el barroco del XVII.<\/p>\n<p style=\"text-align: justify\">A partir de este momento, las tendencias escult\u00f3ricas gravitar\u00e1n en torno a <strong>Castilla<\/strong> y <strong>Andaluc\u00eda<\/strong>.<\/p>\n<figure style=\"width: 221px\" class=\"wp-caption alignright\"><img loading=\"lazy\" decoding=\"async\" class=\"   \" src=\"http:\/\/www.cadenaser.com\/recorte\/20120229csrcsrsoc_8\/XLCO\/Ies\/Semana-Santa.jpg\" alt=\"\" width=\"221\" height=\"330\" \/><figcaption class=\"wp-caption-text\">Cristo de la Expiraci\u00f3n o &#8220;del Museo&#8221;, de Marcos Cabrera<\/figcaption><\/figure>\n<p style=\"text-align: justify\">En <strong>Castilla<\/strong> las formas <strong>barrocas<\/strong> ser\u00edan prontamente asumidas por la influencia de las obras de Juni y Berruguete. Artistas como <strong>Francisco del Rinc\u00f3n<\/strong>, a caballo entre los dos siglos y <strong>primer codificador del paso procesional<\/strong> en el XVII, recoger\u00eda las ense\u00f1anzas de Berruguete y crear\u00eda un estilo <strong>personal<\/strong> y fundamental para <strong>Gregorio Fern\u00e1ndez<\/strong>, principal escultor castellano del primer tercio del siglo XVII.<\/p>\n<p><span style=\"text-align: justify\">Por otro lado, en <\/span><strong>Andaluc\u00eda<\/strong><span style=\"text-align: justify\"> el <\/span><strong>sustrato cl\u00e1sico<\/strong><span style=\"text-align: justify\"> era mucho mayor que en Castilla, gracias a la presencia de artistas que s\u00ed asumieron algunos postulados <\/span><strong>renacentistas<\/strong><span style=\"text-align: justify\">, como el citado Diego de Silo\u00e9 o el propio <\/span><strong>Pietro Torrigiano<\/strong><span style=\"text-align: justify\">. As\u00ed, encontramos en los escultores sevillanos <\/span><strong>actitudes muy clasicista<\/strong><span style=\"text-align: justify\">s, como ocurre con <\/span><strong>Jer\u00f3nimo Hern\u00e1ndez<\/strong><span style=\"text-align: justify\"> y su\u00a0<\/span><strong><em>Cristo Resucitado<\/em><\/strong><span style=\"text-align: justify\">; y tambi\u00e9n <\/span><strong>manieristas<\/strong><span style=\"text-align: justify\">, como con<\/span><strong> Marcos Cabrera<\/strong><span style=\"text-align: justify\"> y su\u00a0<\/span><em><strong>Cristo de la Expiraci\u00f3n<\/strong><\/em><span style=\"text-align: justify\"> para la Hermandad del Museo, de un atrevido\u00a0<\/span><strong>dibujo serpenteante<\/strong><span style=\"text-align: justify\"> y movimiento en <\/span><strong>escorzo<\/strong><span style=\"text-align: justify\">. Esta pervivencia del clasicismo en Andaluc\u00eda se evidencia en la personalidad art\u00edstica del gran <\/span><strong>Juan Mart\u00ednez Monta\u00f1\u00e9s<\/strong><span style=\"text-align: justify\">, fundamental figura de la escultura de principios del siglo XVII en Espa\u00f1a, y al que no cabe considerar como un autor barroco. Su\u00a0<\/span><strong><em>San Crist\u00f3bal<\/em> <\/strong><span style=\"text-align: justify\">para la Iglesia de El Salvador de Sevilla, todav\u00eda del XVI (1597), as\u00ed nos lo demuestra.<\/span><\/p>\n<figure style=\"width: 615px\" class=\"wp-caption aligncenter\"><img loading=\"lazy\" decoding=\"async\" class=\" \" src=\"http:\/\/farm3.staticflickr.com\/2452\/4063296109_eb437facc1_b.jpg\" alt=\"\" width=\"615\" height=\"922\" \/><figcaption class=\"wp-caption-text\">San Crist\u00f3bal, de Mart\u00ednez Monta\u00f1\u00e9s<\/figcaption><\/figure>\n","protected":false},"excerpt":{"rendered":"<p>Desde comienzos del siglo XVI, la escultura, de un marcado goticismo por influjo franc\u00e9s y flamenco, empieza a reflejar la influencia renacentista, aunque el gusto goticista tardar\u00eda en desaparecer. Este gusto influir\u00eda en la creaci\u00f3n de una escult\u00f3rica espa\u00f1ola curiosa y original, acorde con la espiritualidad g\u00f3tica y que entroncar\u00e1 a la perfecci\u00f3n con la [&hellip;]<\/p>\n","protected":false},"author":2730,"featured_media":0,"parent":186,"menu_order":5,"comment_status":"open","ping_status":"closed","template":"","meta":{"footnotes":""},"class_list":["post-120","page","type-page","status-publish","hentry"],"_links":{"self":[{"href":"https:\/\/blogs.ua.es\/arteespanoldelxvi\/wp-json\/wp\/v2\/pages\/120","targetHints":{"allow":["GET"]}}],"collection":[{"href":"https:\/\/blogs.ua.es\/arteespanoldelxvi\/wp-json\/wp\/v2\/pages"}],"about":[{"href":"https:\/\/blogs.ua.es\/arteespanoldelxvi\/wp-json\/wp\/v2\/types\/page"}],"author":[{"embeddable":true,"href":"https:\/\/blogs.ua.es\/arteespanoldelxvi\/wp-json\/wp\/v2\/users\/2730"}],"replies":[{"embeddable":true,"href":"https:\/\/blogs.ua.es\/arteespanoldelxvi\/wp-json\/wp\/v2\/comments?post=120"}],"version-history":[{"count":47,"href":"https:\/\/blogs.ua.es\/arteespanoldelxvi\/wp-json\/wp\/v2\/pages\/120\/revisions"}],"predecessor-version":[{"id":972,"href":"https:\/\/blogs.ua.es\/arteespanoldelxvi\/wp-json\/wp\/v2\/pages\/120\/revisions\/972"}],"up":[{"embeddable":true,"href":"https:\/\/blogs.ua.es\/arteespanoldelxvi\/wp-json\/wp\/v2\/pages\/186"}],"wp:attachment":[{"href":"https:\/\/blogs.ua.es\/arteespanoldelxvi\/wp-json\/wp\/v2\/media?parent=120"}],"curies":[{"name":"wp","href":"https:\/\/api.w.org\/{rel}","templated":true}]}}