{"id":61,"date":"2012-10-03T16:20:28","date_gmt":"2012-10-03T16:20:28","guid":{"rendered":"https:\/\/blogs.ua.es\/arteespanoldelxvi\/?page_id=61"},"modified":"2013-01-10T00:17:04","modified_gmt":"2013-01-10T00:17:04","slug":"arquitectura-del-xvi","status":"publish","type":"page","link":"https:\/\/blogs.ua.es\/arteespanoldelxvi\/arte-del-xvi\/arquitectura-del-xvi\/","title":{"rendered":"Arquitectura del XVI"},"content":{"rendered":"<p style=\"text-align: justify\">Como bien dijo <a title=\"Fernando Mar\u00edas\" href=\"http:\/\/es.wikipedia.org\/wiki\/Fernando_Mar%C3%ADas_Franco\" target=\"_blank\">Fernando Mar\u00edas<\/a> en <em><a href=\"http:\/\/www.casadellibro.com\/libro-el-siglo-xvi-gotico-y-renacimiento\/9788477370376\/337017\" target=\"_blank\"><strong>El siglo XVI<\/strong>: g\u00f3tico y renacimiento<\/a><\/em>, dicha centuria es, &#8220;desde el punto de vista de la historia de su arte, un siglo complejo&#8221; y &#8220;radicalmente <strong>conflictivo<\/strong>&#8220;. Esto nos da una idea de las dificultades que encontraremos a la hora de estudiar y comprender las manifestaciones art\u00edsticas del quinientismo espa\u00f1ol, si bien el objetivo de este blog no es profundizar en esas cuestiones problem\u00e1ticas, sino en el propio valor de las obras de arte que iremos exponiendo.<\/p>\n<p>&nbsp;<\/p>\n<figure style=\"width: 314px\" class=\"wp-caption alignright\"><img loading=\"lazy\" decoding=\"async\" class=\" \" src=\"https:\/\/dl.dropbox.com\/u\/50682084\/Blog%20-%20Arte%20espa%C3%B1ol%20del%20XVI\/salamanca-interior-de-la-catedral-nueva-5657-20111109172516.jpg\" alt=\"Interior de la catedral de Salamanca\" width=\"314\" height=\"209\" \/><figcaption class=\"wp-caption-text\">Interior de la catedral de Salamanca<\/figcaption><\/figure>\n<p style=\"text-align: justify\">El <strong>car\u00e1cter conflictivo del arte del siglo XVI<\/strong> radica, sobre todo, en el surgimiento de un nuevo sistema art\u00edstico, el <strong><a title=\"Renacimiento espa\u00f1ol\" href=\"http:\/\/es.wikipedia.org\/wiki\/Renacimiento_espa%C3%B1ol\" target=\"_blank\">Renacimiento<\/a><\/strong>. El arte renacentista supon\u00eda una <strong>ruptura radical<\/strong> con el <strong><a title=\"G\u00f3tico espa\u00f1ol\" href=\"http:\/\/es.wikipedia.org\/wiki\/Arquitectura_g%C3%B3tica_en_Espa%C3%B1a\" target=\"_blank\">g\u00f3tico espa\u00f1ol<\/a><\/strong>, que perdurar\u00eda como estilo preferido por un gran segmento de la poblaci\u00f3n durante casi todo el siglo XVI. Esta <strong>pervivencia<\/strong> del g\u00f3tico se explica porque sigui\u00f3 dando satisfacci\u00f3n a unas necesidades representativas concretas; sus formas hab\u00edan sido identificadas a unas funciones y unos significados espec\u00edficos que perduraron m\u00e1s all\u00e1 del 1500. Adem\u00e1s, las estructuras de formaci\u00f3n, contrataci\u00f3n y producci\u00f3n de los artistas siguieron el esquema medieval; y la clientela continu\u00f3 siendo la misma, exigiendo un arte ya visto, comprendido y que satisfac\u00eda plenamente sus expectativas.<\/p>\n<figure style=\"width: 240px\" class=\"wp-caption alignleft\"><img loading=\"lazy\" decoding=\"async\" class=\" \" src=\"https:\/\/dl.dropbox.com\/u\/50682084\/Blog%20-%20Arte%20espa%C3%B1ol%20del%20XVI\/san%20pietro%20in%20montorio.JPG\" alt=\"\" width=\"240\" height=\"320\" \/><figcaption class=\"wp-caption-text\">San Pietro in Montorio<\/figcaption><\/figure>\n<p style=\"text-align: justify\">Los mismos <strong><a title=\"Reyes Cat\u00f3licos\" href=\"http:\/\/es.wikipedia.org\/wiki\/Reyes_Cat%C3%B3licos\" target=\"_blank\">Reyes Cat\u00f3licos<\/a>\u00a0<\/strong>promovieron una renovaci\u00f3n del arte g\u00f3tico en la Espa\u00f1a de finales del XV y comienzos del XVI con la construcci\u00f3n de catedrales como la de <strong><a title=\"Catedral Nueva de Salamanca\" href=\"http:\/\/es.wikipedia.org\/wiki\/Catedral_Nueva_de_Salamanca\" target=\"_blank\">Salamanca<\/a><\/strong>. Isabel y Fernando, en sus reinos, quisieron transmitir con ello una imagen de <strong>monumentalidad<\/strong> y apego a la <strong>tradici\u00f3n<\/strong> que prestigiara a la monarqu\u00eda. No obstante, fue la propia Isabel la que patrocin\u00f3 una obra <strong>plenamente renacentista<\/strong> en la misma <strong>Roma<\/strong>, el templete de <strong><a title=\"San Pietro in Montorio (Roma)\" href=\"http:\/\/es.wikipedia.org\/wiki\/Templete_de_San_Pietro_in_Montorio\" target=\"_blank\">San Pietro in Montorio<\/a><\/strong>, proyectado por <strong><a title=\"Bramante\" href=\"http:\/\/es.wikipedia.org\/wiki\/Donato_d%27Angelo_Bramante\" target=\"_blank\">Bramante<\/a><\/strong>. Adem\u00e1s, esta reina coleccion\u00f3 obras de artistas como <strong><a title=\"Sandro Botticelli\" href=\"http:\/\/es.wikipedia.org\/wiki\/Sandro_Botticelli\" target=\"_blank\">Botticelli<\/a><\/strong>, lo que demuestra que la imagen que quer\u00eda proyectar al resto de Europa la monarqu\u00eda hisp\u00e1nica era de <strong>modernidad<\/strong>, en consonancia con el resto de potencias europeas. Este papel prestigiador y de proyecci\u00f3n del arte ser\u00e1 fundamental para comprender el <strong>mecenazgo<\/strong> y el patrocinio art\u00edstico de ahora en adelante.<\/p>\n<p style=\"text-align: justify\">Entre el goticismo y el renacimiento encontramos el estilo <strong><a title=\"Plateresco\" href=\"http:\/\/es.wikipedia.org\/wiki\/Plateresco\" target=\"_blank\">plateresco<\/a><\/strong>, llamado por algunos especialistas &#8220;renacimiento ornamentado&#8221;. El plateresco se caracteriza por una <strong>ornamentaci\u00f3n<\/strong> a base de <a title=\"Grutescos\" href=\"http:\/\/es.wikipedia.org\/wiki\/Grutesco\" target=\"_blank\"><strong>grutescos<\/strong><\/a> vegetales que la asemejan a cuidadas obras de <strong>orfebrer\u00eda y plater\u00eda<\/strong>. La decoraci\u00f3n se extiende <strong>exuberante<\/strong> en espacios delimitados, lo que redunda en la creaci\u00f3n o introducci\u00f3n de nuevas superficies arquitect\u00f3nicas en las que introducir dichos elementos ornamentales. De un suave regusto g\u00f3tico pero con un marcado car\u00e1cter plateresco es la <a href=\"http:\/\/www.artehistoria.jcyl.es\/historia\/obras\/10880.htm\" target=\"_blank\">portada de la <strong>Universidad de Salamanca<\/strong><\/a>. Tratada como un <strong>retablo<\/strong> repujado en plata, en ella vemos c\u00f3mo algunos <strong>elementos renacentistas<\/strong> comienzan a tener cabida en los programas iconogr\u00e1ficos, como dichos grutescos, los medallones o los angelotes, de claro gusto italianizante.<\/p>\n<figure id=\"attachment_862\" aria-describedby=\"caption-attachment-862\" style=\"width: 717px\" class=\"wp-caption aligncenter\"><a href=\"https:\/\/blogs.ua.es\/arteespanoldelxvi\/files\/2013\/01\/Salamanca_Fachada_Plateresca_de_la_Universidad.jpg\"><img loading=\"lazy\" decoding=\"async\" class=\" wp-image-862 \" src=\"https:\/\/blogs.ua.es\/arteespanoldelxvi\/files\/2013\/01\/Salamanca_Fachada_Plateresca_de_la_Universidad.jpg\" alt=\"\" width=\"717\" height=\"282\" srcset=\"https:\/\/blogs.ua.es\/arteespanoldelxvi\/files\/2013\/01\/Salamanca_Fachada_Plateresca_de_la_Universidad.jpg 1024w, https:\/\/blogs.ua.es\/arteespanoldelxvi\/files\/2013\/01\/Salamanca_Fachada_Plateresca_de_la_Universidad-300x118.jpg 300w\" sizes=\"auto, (max-width: 717px) 100vw, 717px\" \/><\/a><figcaption id=\"caption-attachment-862\" class=\"wp-caption-text\">Grutescos en la fachada de la Universidad de Salamanca<\/figcaption><\/figure>\n<p style=\"text-align: justify\">Al plateresco le suceder\u00e1 el <strong><a href=\"http:\/\/es.wikipedia.org\/wiki\/Purismo_renacentista\" target=\"_blank\">purismo<\/a><\/strong> arquitect\u00f3nico, ce\u00f1ido a los <strong>c\u00e1nones cl\u00e1sicos<\/strong> de los principios de la arquitectura renacentista. Diversas personalidades de verdadero car\u00e1cter humanista e interdisciplinar destacaron en este periodo, entre ellos <strong><a href=\"http:\/\/es.wikipedia.org\/wiki\/Pedro_Machuca\" target=\"_blank\">Pedro Machuca<\/a><\/strong>. Este artista, excelente dibujante, pintor y arquitecto, proyect\u00f3 una de las obras m\u00e1s destacadas del purismo, el <strong><a href=\"http:\/\/es.wikipedia.org\/wiki\/Palacio_de_Carlos_V\" target=\"_blank\">Palacio de Carlos V<\/a><\/strong>, instalado en el complejo de la <a href=\"http:\/\/www.alhambradegranada.org\/\" target=\"_blank\"><strong>Alhambra<\/strong><\/a> de Granada. En el patio de esta monumental obra, de elevadas <strong>connotaciones pol\u00edticas<\/strong> respecto al emperador, se muestra claramente el inter\u00e9s por seguir los c\u00e1nones constructivos del renacimiento, tanto en composici\u00f3n <strong>geom\u00e9trica<\/strong> como en superposici\u00f3n y seguimiento estricto de los <strong>\u00f3rdenes arquitect\u00f3nicos<\/strong>.<\/p>\n<figure style=\"width: 1024px\" class=\"wp-caption aligncenter\"><img loading=\"lazy\" decoding=\"async\" src=\"https:\/\/dl.dropbox.com\/u\/50682084\/Blog%20-%20Arte%20espa%C3%B1ol%20del%20XVI\/Alhambra2001.jpg\" alt=\"\" width=\"1024\" height=\"223\" \/><figcaption class=\"wp-caption-text\">Patio circular del Palacio de Carlos V en la Alhambra<\/figcaption><\/figure>\n<p style=\"text-align: justify\">Los principios renacentistas dar\u00edan lugar a una nueva forma de representaci\u00f3n y construcci\u00f3n que hasta el arte contempor\u00e1neo no ser\u00edan cuestionados; sin embargo, el renacimiento como estilo ser\u00eda <strong>superado<\/strong> por los propios genios del mismo. As\u00ed, en Italia fueron <strong><a href=\"http:\/\/es.wikipedia.org\/wiki\/Miguel_%C3%81ngel\" target=\"_blank\">Miguel \u00c1ngel<\/a><\/strong>, <strong><a href=\"http:\/\/es.wikipedia.org\/wiki\/Leonardo_da_Vinci\" target=\"_blank\">Leonardo<\/a><\/strong> e incluso <strong><a href=\"http:\/\/es.wikipedia.org\/wiki\/Rafael_Sanzio\" target=\"_blank\">Rafael<\/a><\/strong> los que condujeron al renacimiento hacia nuevos derroteros, siendo ellos mismos los primeros que trabajaron lo hoy conocido como <strong><a href=\"http:\/\/es.wikipedia.org\/wiki\/Manierismo\" target=\"_blank\">manierismo<\/a><\/strong>. Ese manierismo se bas\u00f3 en la <strong>experimentaci\u00f3n y la transgresi\u00f3n<\/strong>, <strong>estilizando<\/strong> formas y proporciones y jugando con nuevos <strong>cromatismos<\/strong>, aunque cada artista tendr\u00e1 sus recursos y su propia &#8220;<strong><em>maniera<\/em><\/strong>&#8221; a la hora de crear.<\/p>\n<figure style=\"width: 314px\" class=\"wp-caption alignleft\"><img loading=\"lazy\" decoding=\"async\" class=\" \" src=\"https:\/\/dl.dropbox.com\/u\/50682084\/Blog%20-%20Arte%20espa%C3%B1ol%20del%20XVI\/Vista_aerea_del_Monasterio_de_El_Escorial.jpg\" alt=\"El Monasterio de El Escorial\" width=\"314\" height=\"209\" \/><figcaption class=\"wp-caption-text\">El Monasterio de El Escorial<\/figcaption><\/figure>\n<p style=\"text-align: justify\">En Espa\u00f1a, el manierismo se ver\u00e1 copado en cierto modo por el estilo <strong><a href=\"http:\/\/es.wikipedia.org\/wiki\/Arquitectura_herreriana\" target=\"_blank\">herreriano<\/a><\/strong>, llamado as\u00ed por su creador, <strong><a href=\"http:\/\/es.wikipedia.org\/wiki\/Juan_de_Herrera\" target=\"_blank\">Juan de Herrera<\/a><\/strong>, cuya obra magna es el <strong><a href=\"http:\/\/es.wikipedia.org\/wiki\/Monasterio_de_El_Escorial\" target=\"_blank\">Monasterio de El Escorial<\/a><\/strong>, enorme palacio-monasterio patrocinado e impulsado personalmente por <strong>Felipe II<\/strong>. En El Escorial, Juan de Herrera se hace servir de un estilo en que se valorizan los <strong>elementos constructivos<\/strong>, la <strong>ausencia decorativa<\/strong>, las l\u00edneas <strong>rectas<\/strong> y los vol\u00famenes <strong>c\u00fabicos<\/strong>.<\/p>\n<p style=\"text-align: justify\">El renacimiento espa\u00f1ol tendr\u00e1 en esta etapa manierista grandes muestras \u00a0arquitect\u00f3nicas al margen del herreriano m\u00e1s sobrio y austero. Importantes arquitectos como <strong><a href=\"http:\/\/es.wikipedia.org\/wiki\/Hern%C3%A1n_Ruiz_el_Joven\" target=\"_blank\">Hern\u00e1n Ruiz II<\/a><\/strong>, cuya obra est\u00e1 a caballo entre el purismo y el <strong>eclecticismo<\/strong> manierista, proyectar\u00e1n interesantes obras de una gran belleza y monumentalidad. Entre ellas est\u00e1 la conversi\u00f3n del alminar almohade de la antigua mezquita de <strong>Sevilla<\/strong> en campanario para la <a href=\"http:\/\/es.wikipedia.org\/wiki\/Catedral_de_Sevilla\" target=\"_blank\">catedral<\/a> cristiana, conocido como <strong><a href=\"http:\/\/es.wikipedia.org\/wiki\/Giralda\" target=\"_blank\">La Giralda<\/a><\/strong>. Hern\u00e1n Ruiz II supo combinar a la perfecci\u00f3n los rasgos <strong>moriscos<\/strong> del alminar con un <strong>nuevo programa iconogr\u00e1fico y decorativo<\/strong> que la convert\u00eda en una construcci\u00f3n <strong>estilizada<\/strong>, <strong>elegante<\/strong> y de una gran <strong>verticalidad<\/strong>, y cuyo eclecticismo y combinaci\u00f3n de elementos la convierten en una obra de un gran <strong>cromatismo<\/strong> y <strong>plasticidad<\/strong>.<\/p>\n<figure style=\"width: 410px\" class=\"wp-caption aligncenter\"><img loading=\"lazy\" decoding=\"async\" class=\" \" src=\"https:\/\/dl.dropbox.com\/u\/50682084\/Blog%20-%20Arte%20espa%C3%B1ol%20del%20XVI\/seville-giralda.jpg\" alt=\"La Giralda\" width=\"410\" height=\"614\" \/><figcaption class=\"wp-caption-text\">La Giralda<\/figcaption><\/figure>\n","protected":false},"excerpt":{"rendered":"<p>Como bien dijo Fernando Mar\u00edas en El siglo XVI: g\u00f3tico y renacimiento, dicha centuria es, &#8220;desde el punto de vista de la historia de su arte, un siglo complejo&#8221; y &#8220;radicalmente conflictivo&#8220;. Esto nos da una idea de las dificultades que encontraremos a la hora de estudiar y comprender las manifestaciones art\u00edsticas del quinientismo espa\u00f1ol, [&hellip;]<\/p>\n","protected":false},"author":2730,"featured_media":0,"parent":186,"menu_order":3,"comment_status":"open","ping_status":"closed","template":"","meta":{"footnotes":""},"class_list":["post-61","page","type-page","status-publish","hentry"],"_links":{"self":[{"href":"https:\/\/blogs.ua.es\/arteespanoldelxvi\/wp-json\/wp\/v2\/pages\/61","targetHints":{"allow":["GET"]}}],"collection":[{"href":"https:\/\/blogs.ua.es\/arteespanoldelxvi\/wp-json\/wp\/v2\/pages"}],"about":[{"href":"https:\/\/blogs.ua.es\/arteespanoldelxvi\/wp-json\/wp\/v2\/types\/page"}],"author":[{"embeddable":true,"href":"https:\/\/blogs.ua.es\/arteespanoldelxvi\/wp-json\/wp\/v2\/users\/2730"}],"replies":[{"embeddable":true,"href":"https:\/\/blogs.ua.es\/arteespanoldelxvi\/wp-json\/wp\/v2\/comments?post=61"}],"version-history":[{"count":41,"href":"https:\/\/blogs.ua.es\/arteespanoldelxvi\/wp-json\/wp\/v2\/pages\/61\/revisions"}],"predecessor-version":[{"id":967,"href":"https:\/\/blogs.ua.es\/arteespanoldelxvi\/wp-json\/wp\/v2\/pages\/61\/revisions\/967"}],"up":[{"embeddable":true,"href":"https:\/\/blogs.ua.es\/arteespanoldelxvi\/wp-json\/wp\/v2\/pages\/186"}],"wp:attachment":[{"href":"https:\/\/blogs.ua.es\/arteespanoldelxvi\/wp-json\/wp\/v2\/media?parent=61"}],"curies":[{"name":"wp","href":"https:\/\/api.w.org\/{rel}","templated":true}]}}