{"id":2,"date":"2009-09-27T13:17:52","date_gmt":"2009-09-27T11:17:52","guid":{"rendered":""},"modified":"2009-10-10T09:19:42","modified_gmt":"2009-10-10T07:19:42","slug":"informacion","status":"publish","type":"page","link":"https:\/\/blogs.ua.es\/asuncionlledo\/informacion\/","title":{"rendered":"Presentaci\u00f3n de nuestro Blog"},"content":{"rendered":"<p>El Blog Bases Pedag\u00f3gicas de ADEI, est\u00e1 creado por Asunci\u00f3n Lled\u00f3 Carreres, coordinadora de la asignatura de Bases Pedag\u00f3gicas de la Educaci\u00f3n Especial de 2\u00ba curso del T\u00edtulo de Maestro en todas sus especialidades. este Blog es una herramienta m\u00e1s de aprendizaje cooperativo e interactivo de esta asignatura y que asume como reto con su implementaci\u00f3n: conocer, comprender y compartir la diversidad desde una perspectiva inclusiva de la educaci\u00f3n en la atenci\u00f3n a la diversidad. A partir de ahora, los profesores y profesoras con los que comparto docencia: Salvador grau, Maite Tortosa, Francisco S\u00e1nchez, TM. Perandones e Ignasi Navarro,  van a colaborar en \u00e9ste para contribuir a este reto. Profesorado y alumnado nos vamos a convertir en protagonistas de nuestros conocimientos, aprendizajes y experiencias.<br \/>\nOs invito a participar en esta tarea que es un reto ya que la educaci\u00f3n es una tarea compartida y de todos sin olvidar que las escuelas son de todos y todas.<br \/>\nAsunci\u00f3n Lled\u00f3<br \/>\n(autora del Blog BP de ADEI).<\/p>\n","protected":false},"excerpt":{"rendered":"<p>El Blog Bases Pedag\u00f3gicas de ADEI, est\u00e1 creado por Asunci\u00f3n Lled\u00f3 Carreres, coordinadora de la asignatura de Bases Pedag\u00f3gicas de la Educaci\u00f3n Especial de 2\u00ba curso del T\u00edtulo de Maestro en todas sus especialidades. este Blog es una herramienta m\u00e1s de aprendizaje cooperativo e interactivo de esta asignatura y que asume como reto con su [&hellip;]<\/p>\n","protected":false},"author":1329,"featured_media":0,"parent":0,"menu_order":0,"comment_status":"open","ping_status":"open","template":"","meta":{"footnotes":""},"class_list":["post-2","page","type-page","status-publish","hentry"],"_links":{"self":[{"href":"https:\/\/blogs.ua.es\/asuncionlledo\/wp-json\/wp\/v2\/pages\/2","targetHints":{"allow":["GET"]}}],"collection":[{"href":"https:\/\/blogs.ua.es\/asuncionlledo\/wp-json\/wp\/v2\/pages"}],"about":[{"href":"https:\/\/blogs.ua.es\/asuncionlledo\/wp-json\/wp\/v2\/types\/page"}],"author":[{"embeddable":true,"href":"https:\/\/blogs.ua.es\/asuncionlledo\/wp-json\/wp\/v2\/users\/1329"}],"replies":[{"embeddable":true,"href":"https:\/\/blogs.ua.es\/asuncionlledo\/wp-json\/wp\/v2\/comments?post=2"}],"version-history":[{"count":2,"href":"https:\/\/blogs.ua.es\/asuncionlledo\/wp-json\/wp\/v2\/pages\/2\/revisions"}],"predecessor-version":[{"id":24,"href":"https:\/\/blogs.ua.es\/asuncionlledo\/wp-json\/wp\/v2\/pages\/2\/revisions\/24"}],"wp:attachment":[{"href":"https:\/\/blogs.ua.es\/asuncionlledo\/wp-json\/wp\/v2\/media?parent=2"}],"curies":[{"name":"wp","href":"https:\/\/api.w.org\/{rel}","templated":true}]}}