{"id":21,"date":"2013-01-09T18:21:10","date_gmt":"2013-01-09T18:21:10","guid":{"rendered":"https:\/\/blogs.ua.es\/ausiasmarch\/?page_id=21"},"modified":"2013-01-25T20:50:28","modified_gmt":"2013-01-25T20:50:28","slug":"recursos-de-informacion-consultados","status":"publish","type":"page","link":"https:\/\/blogs.ua.es\/ausiasmarch\/recursos-de-informacion-consultados\/","title":{"rendered":"Recursos de informaci\u00f3n consultados"},"content":{"rendered":"<p>Los recursos de informaci\u00f3n que hemos utilizado para nuestro blog son tanto en papel como en formato digital. Es decir, por una parte, los recursos tradicionales como los libros que encontramos en la biblioteca, especialmente en la UA; por otra parte, los recursos digitales o m\u00e9todos nuevos como bibliotecas virtuales y otros tipos de enlaces web que aporten informaci\u00f3n similar, como por ejemplo la RUA.<\/p>\n<p>&nbsp;<\/p>\n<p>Libros:<\/p>\n<p>FUSTER, Joan. Ausi\u00e0s March antologia po\u00e8tica a cura de Joan Fuster. 2\u00aa edici\u00f3n. Ed. La unitat. Sueca: Elisent Climent, 1979. Serie n\u00ba 43.ISBN: 84-85211-83-9<\/p>\n<p>&nbsp;<\/p>\n<p>GIMFERRER,Pere. Ausias March. Obra po\u00e9tica. Molas, Joaquim. Ediciones Alfaguara S.A. Madrid, 1978. ISBN: 84-204-0001-7 (R\u00fastica)<\/p>\n<p>&nbsp;<\/p>\n<p>DI GIROLAMO, C. ( Ausi\u00e0s March) P\u00e1ginas del Cancionero. Mic\u00f3, Jos\u00e9 Mar\u00eda. Primera edici\u00f3n. Ed. Pre-textos. Valencia, 2004. ISBN: 84-8191-624-2<\/p>\n<p>&nbsp;<\/p>\n<p>MATOSES, R. y VEDRELL, S. Ausi\u00e0s March el poeta i el seu temps. Una biografia il\u00b7lustrada. Edicions Bromera. Alzira, 1997. ISBN: 84-7660-353-3<\/p>\n<p>&nbsp;<\/p>\n<p>VILLALMANZO,J. Documenta Ausi\u00e0s March. Diputaci\u00f3 de Val\u00e8ncia Instituci\u00f3 Alfons el Magn\u00e0nim. Valencia, 1999. ISBN: 84-7822-245-6<\/p>\n<p>Cap\u00edtulos de libros:<\/p>\n<p>GARCIA SEMPERE, Marinela. &#8220;La recepci\u00f3 de l&#8217;obra d&#8217;Ausi\u00e0s March en els temps de Cervantes (Siglo de Oro)&#8221;. En: El Quixot i els cl\u00e0ssics valencians \/ Enric Balaguer (ed.). Alacant : Universitat d&#8217;Alacant, Vicerectorat d&#8217;Extensi\u00f3 Universitaria, 2006. ISBN 84-608-0478-X, pp. 11-33<\/p>\n","protected":false},"excerpt":{"rendered":"<p>Los recursos de informaci\u00f3n que hemos utilizado para nuestro blog son tanto en papel como en formato digital. Es decir, por una parte, los recursos tradicionales como los libros que encontramos en la biblioteca, especialmente en la UA; por otra parte, los recursos digitales o m\u00e9todos nuevos como bibliotecas virtuales y otros tipos de enlaces [&hellip;]<\/p>\n","protected":false},"author":2897,"featured_media":0,"parent":0,"menu_order":3,"comment_status":"open","ping_status":"open","template":"","meta":{"footnotes":""},"class_list":["post-21","page","type-page","status-publish","hentry"],"_links":{"self":[{"href":"https:\/\/blogs.ua.es\/ausiasmarch\/wp-json\/wp\/v2\/pages\/21","targetHints":{"allow":["GET"]}}],"collection":[{"href":"https:\/\/blogs.ua.es\/ausiasmarch\/wp-json\/wp\/v2\/pages"}],"about":[{"href":"https:\/\/blogs.ua.es\/ausiasmarch\/wp-json\/wp\/v2\/types\/page"}],"author":[{"embeddable":true,"href":"https:\/\/blogs.ua.es\/ausiasmarch\/wp-json\/wp\/v2\/users\/2897"}],"replies":[{"embeddable":true,"href":"https:\/\/blogs.ua.es\/ausiasmarch\/wp-json\/wp\/v2\/comments?post=21"}],"version-history":[{"count":16,"href":"https:\/\/blogs.ua.es\/ausiasmarch\/wp-json\/wp\/v2\/pages\/21\/revisions"}],"predecessor-version":[{"id":143,"href":"https:\/\/blogs.ua.es\/ausiasmarch\/wp-json\/wp\/v2\/pages\/21\/revisions\/143"}],"wp:attachment":[{"href":"https:\/\/blogs.ua.es\/ausiasmarch\/wp-json\/wp\/v2\/media?parent=21"}],"curies":[{"name":"wp","href":"https:\/\/api.w.org\/{rel}","templated":true}]}}