{"id":23,"date":"2013-01-09T18:21:36","date_gmt":"2013-01-09T18:21:36","guid":{"rendered":"https:\/\/blogs.ua.es\/ausiasmarch\/?page_id=23"},"modified":"2013-01-15T21:43:58","modified_gmt":"2013-01-15T21:43:58","slug":"metodologia","status":"publish","type":"page","link":"https:\/\/blogs.ua.es\/ausiasmarch\/metodologia\/","title":{"rendered":"Metodolog\u00eda"},"content":{"rendered":"<p>Los m\u00e9todos y procedimientos con los cuales vamos a realizar nuestra exposici\u00f3n de blog ser\u00e1n con el sustento de determinadas p\u00e1ginas web y tambi\u00e9n de libros de la biblioteca de la UA, en los cuales centraremos nuestra investigaci\u00f3n y descripci\u00f3n sobre el poeta valenciano medieval Ausi\u00e0s March, su obra, sus g\u00e9neros y su estilo.<\/p>\n","protected":false},"excerpt":{"rendered":"<p>Los m\u00e9todos y procedimientos con los cuales vamos a realizar nuestra exposici\u00f3n de blog ser\u00e1n con el sustento de determinadas p\u00e1ginas web y tambi\u00e9n de libros de la biblioteca de la UA, en los cuales centraremos nuestra investigaci\u00f3n y descripci\u00f3n sobre el poeta valenciano medieval Ausi\u00e0s March, su obra, sus g\u00e9neros y su estilo.<\/p>\n","protected":false},"author":2897,"featured_media":0,"parent":0,"menu_order":2,"comment_status":"open","ping_status":"open","template":"","meta":{"footnotes":""},"class_list":["post-23","page","type-page","status-publish","hentry"],"_links":{"self":[{"href":"https:\/\/blogs.ua.es\/ausiasmarch\/wp-json\/wp\/v2\/pages\/23","targetHints":{"allow":["GET"]}}],"collection":[{"href":"https:\/\/blogs.ua.es\/ausiasmarch\/wp-json\/wp\/v2\/pages"}],"about":[{"href":"https:\/\/blogs.ua.es\/ausiasmarch\/wp-json\/wp\/v2\/types\/page"}],"author":[{"embeddable":true,"href":"https:\/\/blogs.ua.es\/ausiasmarch\/wp-json\/wp\/v2\/users\/2897"}],"replies":[{"embeddable":true,"href":"https:\/\/blogs.ua.es\/ausiasmarch\/wp-json\/wp\/v2\/comments?post=23"}],"version-history":[{"count":4,"href":"https:\/\/blogs.ua.es\/ausiasmarch\/wp-json\/wp\/v2\/pages\/23\/revisions"}],"predecessor-version":[{"id":72,"href":"https:\/\/blogs.ua.es\/ausiasmarch\/wp-json\/wp\/v2\/pages\/23\/revisions\/72"}],"wp:attachment":[{"href":"https:\/\/blogs.ua.es\/ausiasmarch\/wp-json\/wp\/v2\/media?parent=23"}],"curies":[{"name":"wp","href":"https:\/\/api.w.org\/{rel}","templated":true}]}}