{"id":8,"date":"2012-11-16T18:14:30","date_gmt":"2012-11-16T18:14:30","guid":{"rendered":"https:\/\/blogs.ua.es\/ausiasmarch\/?page_id=8"},"modified":"2013-01-25T18:52:21","modified_gmt":"2013-01-25T18:52:21","slug":"presentacion","status":"publish","type":"page","link":"https:\/\/blogs.ua.es\/ausiasmarch\/presentacion\/","title":{"rendered":"Presentaci\u00f3n"},"content":{"rendered":"<p>Este blog ha sido realizado por Tha\u00efs Mu\u00f1oz Dillen y David Garc\u00eda, estudiantes del primer curso del grado en Humanidades para la asignatura de Fuentes y Documentos.<\/p>\n<p><img loading=\"lazy\" decoding=\"async\" class=\"aligncenter size-full wp-image-127\" src=\"https:\/\/blogs.ua.es\/ausiasmarch\/files\/2012\/11\/ausias_march1.jpg\" alt=\"\" width=\"266\" height=\"175\" \/>La finalidad de este blog es hacer un peque\u00f1o estudio sobre la figura del poeta y caballero valenciano medieval Ausi\u00e0s March.<\/p>\n<p><a href=\"https:\/\/blogs.ua.es\/ausiasmarch\/files\/2012\/11\/logo-ua.png\"><img loading=\"lazy\" decoding=\"async\" class=\"aligncenter size-full wp-image-12\" src=\"https:\/\/blogs.ua.es\/ausiasmarch\/files\/2012\/11\/logo-ua.png\" alt=\"Universidad de Alicante\" width=\"263\" height=\"45\" \/><\/a><\/p>\n<div><\/div>\n","protected":false},"excerpt":{"rendered":"<p>Este blog ha sido realizado por Tha\u00efs Mu\u00f1oz Dillen y David Garc\u00eda, estudiantes del primer curso del grado en Humanidades para la asignatura de Fuentes y Documentos. La finalidad de este blog es hacer un peque\u00f1o estudio sobre la figura del poeta y caballero valenciano medieval Ausi\u00e0s March.<\/p>\n","protected":false},"author":2897,"featured_media":0,"parent":0,"menu_order":1,"comment_status":"open","ping_status":"open","template":"","meta":{"footnotes":""},"class_list":["post-8","page","type-page","status-publish","hentry"],"_links":{"self":[{"href":"https:\/\/blogs.ua.es\/ausiasmarch\/wp-json\/wp\/v2\/pages\/8","targetHints":{"allow":["GET"]}}],"collection":[{"href":"https:\/\/blogs.ua.es\/ausiasmarch\/wp-json\/wp\/v2\/pages"}],"about":[{"href":"https:\/\/blogs.ua.es\/ausiasmarch\/wp-json\/wp\/v2\/types\/page"}],"author":[{"embeddable":true,"href":"https:\/\/blogs.ua.es\/ausiasmarch\/wp-json\/wp\/v2\/users\/2897"}],"replies":[{"embeddable":true,"href":"https:\/\/blogs.ua.es\/ausiasmarch\/wp-json\/wp\/v2\/comments?post=8"}],"version-history":[{"count":9,"href":"https:\/\/blogs.ua.es\/ausiasmarch\/wp-json\/wp\/v2\/pages\/8\/revisions"}],"predecessor-version":[{"id":11,"href":"https:\/\/blogs.ua.es\/ausiasmarch\/wp-json\/wp\/v2\/pages\/8\/revisions\/11"}],"wp:attachment":[{"href":"https:\/\/blogs.ua.es\/ausiasmarch\/wp-json\/wp\/v2\/media?parent=8"}],"curies":[{"name":"wp","href":"https:\/\/api.w.org\/{rel}","templated":true}]}}