{"id":16,"date":"2008-10-22T18:35:33","date_gmt":"2008-10-22T16:35:33","guid":{"rendered":"https:\/\/blogs.ua.es\/austriasmenores\/?page_id=16"},"modified":"2008-11-26T18:52:48","modified_gmt":"2008-11-26T16:52:48","slug":"felipe-iii-1598-1621","status":"publish","type":"page","link":"https:\/\/blogs.ua.es\/austriasmenores\/bibliografia-austrias-menores\/felipe-iii-1598-1621\/","title":{"rendered":"Felip III (1598 &#8211; 1621)"},"content":{"rendered":"<blockquote><p><a href=\"https:\/\/blogs.ua.es\/austriasmenores\/files\/2008\/10\/felipe3.jpg\"><img loading=\"lazy\" decoding=\"async\" class=\"alignleft size-medium wp-image-17\" src=\"https:\/\/blogs.ua.es\/austriasmenores\/files\/2008\/10\/felipe3.jpg\" alt=\"\" width=\"160\" height=\"152\" \/><\/a><\/p>\n<p><span style=\"font-size: 10pt;color: black;font-family: Verdana\">Va n\u00e0ixer el 14 d\u2019abril del 1578 en Alc\u00e0zar de Madrid.<span>\u00a0 <\/span>Fou l\u2019\u00faltim fill que va sobreviure de Felip II i Ana d\u2019Austria, ja que va ser el quart dels cinc fills del quart matrimoni de Felip II amb l\u2019arxiduquessa Ana d\u2019Austria.<\/span><\/p>\n<p style=\"text-align: justify\"><span style=\"font-size: 10pt;color: black;font-family: Verdana\">A la mort del seu pare, en setembre de l\u2019any 1598 ocupar\u00e0 el tro d\u2019Espanya i Portugal, ja que Felip II va aconseguir la unitat ib\u00e9rica en el 1581 amb l\u2019anexi\u00f3 dels territoris de Portugal a la corona espanyola.<\/span><\/p>\n<p style=\"text-align: justify\"><span style=\"font-size: 10pt;color: black;font-family: Verdana\">En abril del 1599 va contraure matrimoni amb la seua cosina Margarita d\u2019Austria, amb la qual va tenir huit fills.<\/span><\/p>\n<p style=\"text-align: justify\"><span style=\"font-size: 10pt;color: black;font-family: Verdana\">Durant el seu regnat, el sistema de govern va ser el mateix que en els primers Austries, encara que pronte es va substituir pel poder delegad en un v\u00e0lid, com a resultat de la insuficient capacitat del monarca.<span>\u00a0 <\/span>Aix\u00ed, des del comen\u00e7ament del seu regnat, el monarca va posar els assumptes de l\u2019Estat a mans del seu v\u00e0lid Francisco de Sandoval y Rojas, marqu\u00e9s de D\u00e8nia i, m\u00e9s tard, duc de Lerma.<span>\u00a0 <\/span>Va ser el primer de la s\u00e8rie de v\u00e0lids que regiren els destins d\u2019Espanya al llarg del s. XVIII.<\/span><\/p>\n<p style=\"text-align: justify\"><span style=\"font-size: 10pt;color: black;font-family: Verdana\">Entre el 1601 i el 1606 la Cort es va establir en Valladolid.<\/span><\/p>\n<p style=\"text-align: justify\"><span style=\"font-size: 10pt;color: black;font-family: Verdana\">Encara que va continuar la pol\u00edtica d\u2019hostilitat amb els turcs otomans, i es va enfrontar a l\u2019enemistat que hi havia amb la Rep\u00fablica de Ven\u00e8cia i el ducat de Saboya, la pol\u00edtica exterior de Felip III es va orientar envers la pacificaci\u00f3.<\/span><\/p>\n<p style=\"text-align: justify\"><span style=\"font-size: 10pt;color: black;font-family: Verdana\">En el 1609 es va firmar la Tregua dels Dotze Anys amb els Pa\u00efsos Baixos, que representava el reconeixement oficial de l\u2019exist\u00e8ncia d\u2019Holanda.<span>\u00a0 <\/span>Aquesta pau va permetre al govern enfrontar-se amb el problema dels moriscs, ja que la seua integraci\u00f3 en la societat espanyola s\u2019havia fet molt dif\u00edcil despr\u00e9s de les revoltes de les <\/span><span style=\"font-size: 10pt;color: red;font-family: Verdana\">Alpujarras<\/span><span style=\"font-size: 10pt;color: black;font-family: Verdana\">, essent aquest mateix any (1609) quan es va decidir l\u2019expulsi\u00f3 per motius religiosos i de seguretat interior.<\/span><\/p>\n<p style=\"text-align: justify\"><span style=\"font-size: 10pt;color: black;font-family: Verdana\">No obstant, aquest per\u00edode de pau va finalitzar en l\u2019any 1618 al comen\u00e7ar la Guerra dels Trenta Anys, en qu\u00e8 Espanya va donar suport a l\u2019emperador Fernando II d\u2019Austria contra l\u2019elector del <\/span><span style=\"font-size: 10pt;color: red;font-family: Verdana\">Palatinado<\/span><span style=\"font-size: 10pt;color: black;font-family: Verdana\">, Federico V.<\/span><\/p>\n<p style=\"text-align: justify\"><span style=\"font-size: 10pt;color: black;font-family: Verdana\">Tamb\u00e9, en el 1618 i a causa del deteriorament de la situaci\u00f3 pol\u00edtica i la crisi econ\u00f2mica, Felip III es va veure obligat a substituir a Lerma pel seu fill, el duc <\/span><span style=\"font-size: 10pt;font-family: Verdana\">d\u2019Uceda<span style=\"color: black\">, per\u00f2 limitant-lo en les seues funcions i, per tant, llevant-li poder.<\/span><\/span><\/p>\n<p style=\"text-align: justify\"><span style=\"font-size: 10pt;color: black;font-family: Verdana\">El regnat de Felip III va suposar el manteniment de l\u2019hegemonia espanyola en el m\u00f3n, per\u00f2 les seues dificultats econ\u00f2miques i la cessi\u00f3 del govern a privats o v\u00e0lids predeia el declivi de l\u2019Imperi.<\/span><\/p>\n<p style=\"text-align: justify\"><span style=\"font-size: 10pt;color: black;font-family: Verdana\">El 21 de mars del 1621, va morir a causa de febres i d\u2019erisipela a l\u2019edat de quaranta-tres anys i despr\u00e9s de vint-i-dos anys de regnat.<\/span><\/p>\n<p>\u00a0<\/p><\/blockquote>\n","protected":false},"excerpt":{"rendered":"<p>Va n\u00e0ixer el 14 d\u2019abril del 1578 en Alc\u00e0zar de Madrid.\u00a0 Fou l\u2019\u00faltim fill que va sobreviure de Felip II i Ana d\u2019Austria, ja que va ser el quart dels cinc fills del quart matrimoni de Felip II amb l\u2019arxiduquessa Ana d\u2019Austria. A la mort del seu pare, en setembre de l\u2019any 1598 ocupar\u00e0 el [&hellip;]<\/p>\n","protected":false},"author":946,"featured_media":0,"parent":14,"menu_order":0,"comment_status":"open","ping_status":"open","template":"","meta":{"footnotes":""},"class_list":["post-16","page","type-page","status-publish","hentry"],"_links":{"self":[{"href":"https:\/\/blogs.ua.es\/austriasmenores\/wp-json\/wp\/v2\/pages\/16","targetHints":{"allow":["GET"]}}],"collection":[{"href":"https:\/\/blogs.ua.es\/austriasmenores\/wp-json\/wp\/v2\/pages"}],"about":[{"href":"https:\/\/blogs.ua.es\/austriasmenores\/wp-json\/wp\/v2\/types\/page"}],"author":[{"embeddable":true,"href":"https:\/\/blogs.ua.es\/austriasmenores\/wp-json\/wp\/v2\/users\/946"}],"replies":[{"embeddable":true,"href":"https:\/\/blogs.ua.es\/austriasmenores\/wp-json\/wp\/v2\/comments?post=16"}],"version-history":[{"count":4,"href":"https:\/\/blogs.ua.es\/austriasmenores\/wp-json\/wp\/v2\/pages\/16\/revisions"}],"predecessor-version":[{"id":20,"href":"https:\/\/blogs.ua.es\/austriasmenores\/wp-json\/wp\/v2\/pages\/16\/revisions\/20"}],"up":[{"embeddable":true,"href":"https:\/\/blogs.ua.es\/austriasmenores\/wp-json\/wp\/v2\/pages\/14"}],"wp:attachment":[{"href":"https:\/\/blogs.ua.es\/austriasmenores\/wp-json\/wp\/v2\/media?parent=16"}],"curies":[{"name":"wp","href":"https:\/\/api.w.org\/{rel}","templated":true}]}}