{"id":58,"date":"2008-11-05T19:44:05","date_gmt":"2008-11-05T17:44:05","guid":{"rendered":"https:\/\/blogs.ua.es\/austriasmenores\/?page_id=58"},"modified":"2009-10-26T14:43:38","modified_gmt":"2009-10-26T12:43:38","slug":"problemes-de-la-monarquia-hispanica","status":"publish","type":"page","link":"https:\/\/blogs.ua.es\/austriasmenores\/problemes-de-la-monarquia-hispanica\/","title":{"rendered":"4)  Problemes de la Monarquia Hisp\u00e0nica"},"content":{"rendered":"<h2><span style=\"color: #000080\">1.\u00a0 LA ECONOMIA<\/span><\/h2>\n<p>El descobriment i explotaci\u00f3 d&#8217;Am\u00e8rica va tenir dues conseq\u00fc\u00e8ncies que van proporcionar l&#8217;enriquiment i el desenvolupament econ\u00f2mic durant la primera meitat del s. XVI.\u00a0 Es tracta de:<\/p>\n<ol>\n<li>L&#8217;arribada d&#8217;or i plata \u2192 Revoluci\u00f3 dels preus (=inflaci\u00f3).<\/li>\n<li>Aument de la demanda de productes agr\u00edcoles i industrials.<\/li>\n<\/ol>\n<p>Aquest desenvolupament va beneficiar sobretot a Castilla i despr\u00e9s a la resta de territori espanyol i, finalment, a la resta d&#8217;Europa.<\/p>\n<p>No obstant, en la segona meitat del s. XVI la situaci\u00f3 va canviar, ja que la putjada de preus produiria un encariment dels productes espanyols i com a resultat, una falta de competivitat d&#8217;aquestos productes front als europeus, que finalment s&#8217;apoderaran del mercat espanyol.<\/p>\n<blockquote><p><span style=\"color: #000080\">PUJADA DE PREUS \u2192 ENCARIMENT DE PRODUCTES (1r Castellans I\u00a02n Espanyols) \u2192 FALTA DE COMPETIVITAT <strong>\u2192<\/strong> ENTRADA MASIVA DE PRODUCTES EUROPEUS \u2192\u00a0 RUINA DE LA INDUSTRIA ESPANYOLA<\/span><\/p><\/blockquote>\n<p>El desenvolupament <em>d&#8217;una societat parasit\u00e0ria<\/em> (que viu de la resta de gent) en la que ning\u00fa treballa perqu\u00e8 no va ser posible una societat capitalista.\u00a0 Aix\u00ed, en el s. XVII la crisi afectar\u00e1 especialment a Castilla.\u00a0\u00a0La recuperaci\u00f3 d&#8217;aquesta crisi\u00a0comen\u00e7a en 1665 durant el regnat de Carles II (1r en Catalunya i\u00a02n en Andalucia).\u00a0 D&#8217;aquesta manera es produeix una inversi\u00f3: <em>els territoris menys poblats seran els m\u00e9s desenvolupats<\/em>.<\/p>\n<h2><!--more--><span style=\"color: #000080\">2.\u00a0 LA POL\u00cdTICA IMPERIALISTA <\/span><\/h2>\n<p>Al llarg de 2oo anys la Monarquia Hisp\u00e0nica haur\u00e0 de lluitar contra:<\/p>\n<ol>\n<li>Fran\u00e7a<\/li>\n<li>Anglaterra<\/li>\n<li>Holanda<\/li>\n<li>Princeps protestants alemanys<\/li>\n<li>Turcs<\/li>\n<\/ol>\n<p>La M.H. va presentar el seu domini (hegemonia) com una defensa del catolicisme front als enemics de la religi\u00f3 (musulmans i protestants).<\/p>\n<p>El cost de la pol\u00edtica econ\u00f3mica de la Monarquia va recaure fonamentalment sobre Castilla, ja que eren els m\u00e9s rics i, per tant, havien de pagar m\u00e9s impostos.\u00a0 Com a resultat, aquesta s&#8217;empobreix.<\/p>\n<p>2a meitat s. XVI<\/p>\n<blockquote><p>FELIPE II: \u00e9poca de guerres continues<\/p>\n<p>FELIPE III: \u00e9poca de treguas<\/p>\n<p>FELIPE IV: A partir de 1621 la situaci\u00f3 comen\u00e7a a canviar.\u00a0 La M.H. continua essent la 1a pot\u00e8ncia, per\u00f2 t\u00e9 cada vegada m\u00e9s enemics i, en conseq\u00fc\u00e8ncia, tindr\u00e0 majors dificultats per imposar-se.<\/p>\n<p>Felipe IV des d&#8217;un principi va deixar el poder en mans del <span style=\"color: #333399\">Comte Duc Ori\u00f3n de Olivares<\/span> ja que, pel que es veu no tenia temps per regnar (aficionat a la pintura y a les prostitutes).\u00a0 Aquest era un bel\u00b7licista i\u00a0tractava de recuperar prestigi, poder i respecte amb guerres.\u00a0\u00a0D&#8217;aquesta manera, embarcar\u00e0 la\u00a0M.H. en la\u00a0Guerra dels 30 anys i en altres conflictes.\u00a0 Per dur a terme els seus prop\u00f2sits, el comte necessitar\u00e0 diners.\u00a0 Si Castella no es troba en les millors condicions ser\u00e0n els altres territoris de la monarqu\u00eda els qui hauran de col\u00b7laborar en les despeses b\u00e8l\u00b7liques (Uni\u00f3 d&#8217;Armes).\u00a0 Tot a\u00e7\u00f2 significaria anar en contra dels furs d&#8217;aquells territoris.\u00a0 Finalment, ho van acceptar tots menys Catalunya i Portugal.<\/p>\n<p><span style=\"color: #008000\"><span style=\"text-decoration: underline\">Catalunya<\/span>:\u00a0 El comte va dur l&#8217;ex\u00e8rcit a la seua frontera \u2192 guerra \u2192 el principat de Catalunya no es declara independent, per\u00f2 no accepta a Felipe IV com rei i pren com a rei a Luis XIV de Fran\u00e7a \u2192\u00a0Finalment tornar\u00e0 a la M.H. derrotada durant la Guerra dels 30 anys.<\/span><\/p>\n<p><span style=\"color: #008000\"><span style=\"text-decoration: underline\">Portugal<\/span>: Es va independitzar.<\/span><\/p>\n<p>\u00a0<\/p>\n<p><strong>TRATAT DELS PIRINEUS<\/strong>:\u00a0 La M.H. perd la Catalunya Nort i deixa de ser la 1a pot\u00e8ncia militar, substitu\u00efda per Fran\u00e7a, per falta de recursos econ\u00f2mics i derrotes militars.\u00a0 No obstant, pel que fa a territoris continua essent la primera pot\u00e8ncia.<\/p><\/blockquote>\n<p>\u00a0<!--more--><\/p>\n<h2><span style=\"color: #000080\">\u00a03.\u00a0 MONARQUIA LIMITADA DAVANT L&#8217;ABSOLUTISME<\/span><\/h2>\n<p>\u00a0PACTISME = FORALISME = MONARQUIA PACTISTA o LIMITADA<\/p>\n<blockquote><p>Forma de pol\u00edtica, segons la qual per governar calia arribar a un pacte entre el rei i el regne.<\/p><\/blockquote>\n<p>El rei tenia que convocar obligat\u00f2riament a les corts en tres ocasions:<\/p>\n<ol>\n<li>Per putjar al tron i, per tant, ser reconegut pel regnat, havia de jurar els furs, la constituci\u00f3 del regne.<\/li>\n<li>Quan nomenava hereu.<\/li>\n<li>Cada vegada que volia modificar una llei o canviar un impost.<\/li>\n<\/ol>\n<p>El Pactisme es va desenvolupar en tota Europa, per\u00f2 no de la mateixa manera.\u00a0 Aix\u00ed, en Arag\u00f3 va estar tremendament desenvolupat perqu\u00e8 les corts van conseguir limitar el poder del rei.<\/p>\n<p>No conv\u00e9 idealitzar el Pactisme perqu\u00e8 no tenia res a veure amb la democr\u00e0cia, ja que qui controlava al rei no era el poble, sin\u00f3 els m\u00e9s poderosos (les corts).\u00a0 La majoria de la poblaci\u00f3 no participava.<\/p>\n<p>El sistema Pactista tamb\u00e9 es va desenvolupar en Castella.\u00a0 No obstant, aqu\u00ed els reis van aconseguir controlar les corts i es va produir una evoluci\u00f3 envers l&#8217;absolutisme.<\/p>\n<p>La M.H. no va ser un regne centralitzat.\u00a0 Quan mor Cales II, l&#8217;\u00faltim Austria, es continua mantenint el Pactisme fora de Castella.<\/p>\n","protected":false},"excerpt":{"rendered":"<p>1.\u00a0 LA ECONOMIA El descobriment i explotaci\u00f3 d&#8217;Am\u00e8rica va tenir dues conseq\u00fc\u00e8ncies que van proporcionar l&#8217;enriquiment i el desenvolupament econ\u00f2mic durant la primera meitat del s. XVI.\u00a0 Es tracta de: L&#8217;arribada d&#8217;or i plata \u2192 Revoluci\u00f3 dels preus (=inflaci\u00f3). Aument de la demanda de productes agr\u00edcoles i industrials. Aquest desenvolupament va beneficiar sobretot a Castilla [&hellip;]<\/p>\n","protected":false},"author":946,"featured_media":0,"parent":0,"menu_order":0,"comment_status":"open","ping_status":"open","template":"","meta":{"footnotes":""},"class_list":["post-58","page","type-page","status-publish","hentry"],"_links":{"self":[{"href":"https:\/\/blogs.ua.es\/austriasmenores\/wp-json\/wp\/v2\/pages\/58","targetHints":{"allow":["GET"]}}],"collection":[{"href":"https:\/\/blogs.ua.es\/austriasmenores\/wp-json\/wp\/v2\/pages"}],"about":[{"href":"https:\/\/blogs.ua.es\/austriasmenores\/wp-json\/wp\/v2\/types\/page"}],"author":[{"embeddable":true,"href":"https:\/\/blogs.ua.es\/austriasmenores\/wp-json\/wp\/v2\/users\/946"}],"replies":[{"embeddable":true,"href":"https:\/\/blogs.ua.es\/austriasmenores\/wp-json\/wp\/v2\/comments?post=58"}],"version-history":[{"count":10,"href":"https:\/\/blogs.ua.es\/austriasmenores\/wp-json\/wp\/v2\/pages\/58\/revisions"}],"predecessor-version":[{"id":164,"href":"https:\/\/blogs.ua.es\/austriasmenores\/wp-json\/wp\/v2\/pages\/58\/revisions\/164"}],"wp:attachment":[{"href":"https:\/\/blogs.ua.es\/austriasmenores\/wp-json\/wp\/v2\/media?parent=58"}],"curies":[{"name":"wp","href":"https:\/\/api.w.org\/{rel}","templated":true}]}}