{"id":28,"date":"2011-12-14T12:02:10","date_gmt":"2011-12-14T12:02:10","guid":{"rendered":"https:\/\/blogs.ua.es\/bandasmusicacv\/?page_id=28"},"modified":"2012-01-24T12:40:42","modified_gmt":"2012-01-24T12:40:42","slug":"historia-de-la-fsmcv","status":"publish","type":"page","link":"https:\/\/blogs.ua.es\/bandasmusicacv\/historia-de-la-fsmcv\/","title":{"rendered":"Explicaci\u00f3n general"},"content":{"rendered":"<p style=\"text-align: justify\"><strong><\/strong>Las bandas de m\u00fasica dentro de la Comunidad Valenciana cuentan, relativamente, de una corta historia a sus espaldas. Estando dispuestas\u00a0\u00a0en sus inicios de forma\u00a0independiente \u00a0unas de las\u00a0otras, fue\u00a0en el a\u00f1o 1968\u00a0cuando se\u00a0estableci\u00f3 un acuerdo en el cual\u00a0un gran n\u00famero de\u00a0las bandas de m\u00fasica\u00a0existentes en\u00a0la comunidad se asociaron en una misma instituci\u00f3n denominada: Federaci\u00f3n de Sociedades Musicales de la Comunidad Valenciana.<\/p>\n<p style=\"text-align: justify\"><strong>La FSMCV<\/strong><\/p>\n<p style=\"text-align: justify\">Al hablar de la Federaci\u00f3n de Sociedades Musicales de la Comunidad Valenciana (FSMCV) debemos se\u00f1alar que se trata de\u00a0una entidad\u00a0sin \u00e1nimo de lucro,\u00a0\u00a0que tiene por objeto la uni\u00f3n del colectivo de las bandas de m\u00fasica dentro de la Comunidad Valenciana, siendo estas asociaciones integrantes un medio empleado\u00a0para promover, difundir y dignificar la afici\u00f3n, ense\u00f1anza y pr\u00e1ctica de la m\u00fasica, mediante la potenciaci\u00f3n del asociacionismo y proporci\u00f3n a la sociedad civil de un medio de desarrollo y articulaci\u00f3n cultural. Esta\u00a0federaci\u00f3n\u00a0agrupa a 517 Sociedades Musicales\u00a0de toda la Comunidad.<\/p>\n<p style=\"text-align: justify\">Asimismo, la FSMCV asume la representaci\u00f3n y defensa de los intereses generales de sus sociedades federadas ante las instituciones p\u00fablicas y privadas, y solicita las ayudas necesarias para continuar la \u00edmproba labor cultural y docente de sus asociadas. En colaboraci\u00f3n con las instituciones, ofrece a la sociedad valenciana actividades culturales y facilita a toda su poblaci\u00f3n las mejores oportunidades de acceso al bien cultural musical.<\/p>\n<p style=\"text-align: justify\"><strong>\u00d3RGANO DE GOBIERNO<\/strong><\/p>\n<p style=\"text-align: justify\">Tal y como aparece definido en\u00a0la Ley de Asociaciones, el \u00f3rgano supremo de gobierno de la Federaci\u00f3n es la Asamblea General de Socios. El \u00f3rgano de administraci\u00f3n y representaci\u00f3n es la Junta Directiva.\u00a0Dicha Junta Directiva est\u00e1 formada por:<\/p>\n<p style=\"text-align: justify\">Presidente<br \/>\nVicepresidente primero<br \/>\nVicepresidente segundo (es el Presidente de la Sociedad Musical en la que se celebra la Asamblea anual)<br \/>\nSecretario General<br \/>\nTesorero y 15 vocales<\/p>\n<p style=\"text-align: justify\">Los miembros de la Junta son elegidos democr\u00e1ticamente en las Asambleas Generales por mandatos de cuatro a\u00f1os.<\/p>\n<p style=\"text-align: justify\"><em>A continuaci\u00f3n podemos leer la Declaraci\u00f3n Institucional de lo que significa e integra la Federaci\u00f3n:<\/em><\/p>\n<p style=\"text-align: justify\">La FEDERACION DE SOCIEDADES MUSICALES DE LA COMUNIDAD VALENCIANA (FSMCV) se constituye como una organizaci\u00f3n sin \u00e1nimo de lucro, de car\u00e1cter no oficial, con el prop\u00f3sito de integrar y coordinar el movimiento asociativo musical y cultural de la Comunidad Valenciana, cuyo m\u00e1ximo exponente est\u00e1 representado por las Sociedades Musicales con escuela y banda de M\u00fasica, entidades que, tradicionalmente, han contribuido a conservar el patrimonio cultural y musical de nuestro Pueblo, han vertebrado su estructura territorial y social y han fortalecido su identidad, como tal Pueblo, por ser la m\u00fasica una de las artes m\u00e1s arraigadas y uno de los rasgos esenciales de la idiosincrasia de esta Comunidad.<\/p>\n<p style=\"text-align: justify\">Constituyen el objetivo de la FSMCV, la promoci\u00f3n y el desarrollo de las Sociedades Musicales, en todas su vertientes, impulsando su crecimiento, diversificaci\u00f3n y mejora, tanto en su labor pedag\u00f3gica musical como en su actividad socio-cultural, prestando una especial atenci\u00f3n al crecimiento y normalizaci\u00f3n de sus escuelas de m\u00fasica, a la formaci\u00f3n musical de los j\u00f3venes y a su educaci\u00f3n integral, al perfeccionamiento del modelo de gesti\u00f3n de sus asociados y a la progresiva formaci\u00f3n de sus directivos en tareas de gesti\u00f3n.<\/p>\n<p style=\"text-align: justify\">La estructura directiva de la FSMCV est\u00e1 formada por un voluntariado elegido, desde su fundaci\u00f3n en 1968, de forma democr\u00e1tica por las entidades asociadas. Asimismo, y desde su inicio, la FSMCV se ha estructurado como una organizaci\u00f3n unitaria de todas las tierras de nuestra Comunidad y, por tanto, precursora de la actual Autonom\u00eda, y cuya estructura provincial y comarcal, democr\u00e1ticamente elegida, se articula de forma que la comunicaci\u00f3n pueda fluir de una forma bidireccional, libre y continuada, desde la Junta Directiva a todos los asociados, a trav\u00e9s de los \u00faltimos avances en las tecnolog\u00edas de la comunicaci\u00f3n para agilizar y optimizar este proceso.<\/p>\n<p style=\"text-align: justify\">Entendemos que la dial\u00e9ctica a mantener con las Instituciones P\u00fablicas y Privadas es la colaboraci\u00f3n y la cooperaci\u00f3n mutua, en base al planteamiento de propuestas y proyectos sobre las materias de inter\u00e9s mutuo de car\u00e1cter musical, asociativo, social y cultural, que puedan materializarse en programas concretos de actuaci\u00f3n.<\/p>\n<p style=\"text-align: justify\">\u00a0<\/p>\n<p style=\"text-align: justify\">\u00a0<\/p>\n","protected":false},"excerpt":{"rendered":"<p>Las bandas de m\u00fasica dentro de la Comunidad Valenciana cuentan, relativamente, de una corta historia a sus espaldas. Estando dispuestas\u00a0\u00a0en sus inicios de forma\u00a0independiente \u00a0unas de las\u00a0otras, fue\u00a0en el a\u00f1o 1968\u00a0cuando se\u00a0estableci\u00f3 un acuerdo en el cual\u00a0un gran n\u00famero de\u00a0las bandas de m\u00fasica\u00a0existentes en\u00a0la comunidad se asociaron en una misma instituci\u00f3n denominada: Federaci\u00f3n de Sociedades [&hellip;]<\/p>\n","protected":false},"author":2370,"featured_media":0,"parent":0,"menu_order":0,"comment_status":"open","ping_status":"open","template":"","meta":{"footnotes":""},"class_list":["post-28","page","type-page","status-publish","hentry"],"_links":{"self":[{"href":"https:\/\/blogs.ua.es\/bandasmusicacv\/wp-json\/wp\/v2\/pages\/28","targetHints":{"allow":["GET"]}}],"collection":[{"href":"https:\/\/blogs.ua.es\/bandasmusicacv\/wp-json\/wp\/v2\/pages"}],"about":[{"href":"https:\/\/blogs.ua.es\/bandasmusicacv\/wp-json\/wp\/v2\/types\/page"}],"author":[{"embeddable":true,"href":"https:\/\/blogs.ua.es\/bandasmusicacv\/wp-json\/wp\/v2\/users\/2370"}],"replies":[{"embeddable":true,"href":"https:\/\/blogs.ua.es\/bandasmusicacv\/wp-json\/wp\/v2\/comments?post=28"}],"version-history":[{"count":13,"href":"https:\/\/blogs.ua.es\/bandasmusicacv\/wp-json\/wp\/v2\/pages\/28\/revisions"}],"predecessor-version":[{"id":176,"href":"https:\/\/blogs.ua.es\/bandasmusicacv\/wp-json\/wp\/v2\/pages\/28\/revisions\/176"}],"wp:attachment":[{"href":"https:\/\/blogs.ua.es\/bandasmusicacv\/wp-json\/wp\/v2\/media?parent=28"}],"curies":[{"name":"wp","href":"https:\/\/api.w.org\/{rel}","templated":true}]}}