{"id":40,"date":"2011-12-21T14:44:02","date_gmt":"2011-12-21T14:44:02","guid":{"rendered":"https:\/\/blogs.ua.es\/bandasmusicacv\/?page_id=40"},"modified":"2012-01-19T00:18:10","modified_gmt":"2012-01-19T00:18:10","slug":"presentacion-del-blog","status":"publish","type":"page","link":"https:\/\/blogs.ua.es\/bandasmusicacv\/presentacion-del-blog\/","title":{"rendered":"Presentaci\u00f3n del Blog"},"content":{"rendered":"<p>&nbsp;<\/p>\n<p>Este blog ha sido realizado por los alumnos de 1\u00ba del Grado de Historia, Pablo Ant\u00f3n Jerez y Daniel Abad Fayos en el cual tratamos todo lo referido a las bandas de m\u00fasica de la Comunidad Valenciana, poniendo a disposici\u00f3n de los distintos lectores interesados en la materia de una\u00a0manera resumida, todo aquello relacionado con las Bandas de M\u00fasica de la Comunidad Valenciana: su fundaci\u00f3n como Federaci\u00f3n, las bandas existentes en toda la comunidad, la metodolog\u00eda seguida en la realizaci\u00f3n del trabajo y una valoraci\u00f3n general sobre que nos ha representado el trabajo en su realizaci\u00f3n y la importancia que presenta en la cultura aut\u00f3ctona.<\/p>\n<p><img loading=\"lazy\" decoding=\"async\" class=\"aligncenter\" src=\"http:\/\/img.europapress.net\/fotoweb\/fotonoticia_20111222200535_500.jpg\" alt=\"\" width=\"500\" height=\"332\" \/><\/p>\n<p>&nbsp;<\/p>\n","protected":false},"excerpt":{"rendered":"<p>&nbsp; Este blog ha sido realizado por los alumnos de 1\u00ba del Grado de Historia, Pablo Ant\u00f3n Jerez y Daniel Abad Fayos en el cual tratamos todo lo referido a las bandas de m\u00fasica de la Comunidad Valenciana, poniendo a disposici\u00f3n de los distintos lectores interesados en la materia de una\u00a0manera resumida, todo aquello relacionado [&hellip;]<\/p>\n","protected":false},"author":2552,"featured_media":0,"parent":0,"menu_order":0,"comment_status":"open","ping_status":"open","template":"","meta":{"footnotes":""},"class_list":["post-40","page","type-page","status-publish","hentry"],"_links":{"self":[{"href":"https:\/\/blogs.ua.es\/bandasmusicacv\/wp-json\/wp\/v2\/pages\/40","targetHints":{"allow":["GET"]}}],"collection":[{"href":"https:\/\/blogs.ua.es\/bandasmusicacv\/wp-json\/wp\/v2\/pages"}],"about":[{"href":"https:\/\/blogs.ua.es\/bandasmusicacv\/wp-json\/wp\/v2\/types\/page"}],"author":[{"embeddable":true,"href":"https:\/\/blogs.ua.es\/bandasmusicacv\/wp-json\/wp\/v2\/users\/2552"}],"replies":[{"embeddable":true,"href":"https:\/\/blogs.ua.es\/bandasmusicacv\/wp-json\/wp\/v2\/comments?post=40"}],"version-history":[{"count":8,"href":"https:\/\/blogs.ua.es\/bandasmusicacv\/wp-json\/wp\/v2\/pages\/40\/revisions"}],"predecessor-version":[{"id":175,"href":"https:\/\/blogs.ua.es\/bandasmusicacv\/wp-json\/wp\/v2\/pages\/40\/revisions\/175"}],"wp:attachment":[{"href":"https:\/\/blogs.ua.es\/bandasmusicacv\/wp-json\/wp\/v2\/media?parent=40"}],"curies":[{"name":"wp","href":"https:\/\/api.w.org\/{rel}","templated":true}]}}