{"id":44,"date":"2011-12-21T18:17:57","date_gmt":"2011-12-21T18:17:57","guid":{"rendered":"https:\/\/blogs.ua.es\/bandasmusicacv\/?page_id=44"},"modified":"2012-01-19T00:07:30","modified_gmt":"2012-01-19T00:07:30","slug":"metodologia","status":"publish","type":"page","link":"https:\/\/blogs.ua.es\/bandasmusicacv\/metodologia\/","title":{"rendered":"Metodolog\u00eda"},"content":{"rendered":"<p>&nbsp;<\/p>\n<p>Los criterios adoptados para realizaci\u00f3n y puesta en marcha del Blog &#8220;Bandas\u00a0 de\u00a0\u00a0\u00a0\u00a0 M\u00fasica de la Comunidad Valenciana&#8221;\u00a0 han sido los siguientes:<\/p>\n<ul>\n<li>Investigaci\u00f3n documental sobre las agrupaciones musicales de la Comunidad Valenciana y todo lo relacionado al tema. Creaci\u00f3n de la Federaci\u00f3n de Sociedades Musicales, fecha de inicio y su finalidad.<\/li>\n<\/ul>\n<ul>\n<li>Dicha investigaci\u00f3n documental se ha realizado en las bibliotecas de la Universidad de Alicante, Biblioteca Municipal &#8220;Jorge Juan&#8221; de Novelda. Tambi\u00e9n se ha consultado la base inform\u00e1tica &#8221; Xarxa de Biblioteques Valencianes&#8221;.<\/li>\n<\/ul>\n<ul>\n<li>Una vez recopilado el material, se pas\u00f3 a la selecci\u00f3n de documentos audiovisuales para incluir en el Blog<\/li>\n<\/ul>\n<p>&nbsp;<\/p>\n<p>&nbsp;<\/p>\n","protected":false},"excerpt":{"rendered":"<p>&nbsp; Los criterios adoptados para realizaci\u00f3n y puesta en marcha del Blog &#8220;Bandas\u00a0 de\u00a0\u00a0\u00a0\u00a0 M\u00fasica de la Comunidad Valenciana&#8221;\u00a0 han sido los siguientes: Investigaci\u00f3n documental sobre las agrupaciones musicales de la Comunidad Valenciana y todo lo relacionado al tema. Creaci\u00f3n de la Federaci\u00f3n de Sociedades Musicales, fecha de inicio y su finalidad. Dicha investigaci\u00f3n documental [&hellip;]<\/p>\n","protected":false},"author":2552,"featured_media":0,"parent":0,"menu_order":0,"comment_status":"open","ping_status":"open","template":"","meta":{"footnotes":""},"class_list":["post-44","page","type-page","status-publish","hentry"],"_links":{"self":[{"href":"https:\/\/blogs.ua.es\/bandasmusicacv\/wp-json\/wp\/v2\/pages\/44","targetHints":{"allow":["GET"]}}],"collection":[{"href":"https:\/\/blogs.ua.es\/bandasmusicacv\/wp-json\/wp\/v2\/pages"}],"about":[{"href":"https:\/\/blogs.ua.es\/bandasmusicacv\/wp-json\/wp\/v2\/types\/page"}],"author":[{"embeddable":true,"href":"https:\/\/blogs.ua.es\/bandasmusicacv\/wp-json\/wp\/v2\/users\/2552"}],"replies":[{"embeddable":true,"href":"https:\/\/blogs.ua.es\/bandasmusicacv\/wp-json\/wp\/v2\/comments?post=44"}],"version-history":[{"count":4,"href":"https:\/\/blogs.ua.es\/bandasmusicacv\/wp-json\/wp\/v2\/pages\/44\/revisions"}],"predecessor-version":[{"id":166,"href":"https:\/\/blogs.ua.es\/bandasmusicacv\/wp-json\/wp\/v2\/pages\/44\/revisions\/166"}],"wp:attachment":[{"href":"https:\/\/blogs.ua.es\/bandasmusicacv\/wp-json\/wp\/v2\/media?parent=44"}],"curies":[{"name":"wp","href":"https:\/\/api.w.org\/{rel}","templated":true}]}}