{"id":46,"date":"2011-12-21T18:18:21","date_gmt":"2011-12-21T18:18:21","guid":{"rendered":"https:\/\/blogs.ua.es\/bandasmusicacv\/?page_id=46"},"modified":"2012-01-19T00:14:30","modified_gmt":"2012-01-19T00:14:30","slug":"recursos-de-informacion","status":"publish","type":"page","link":"https:\/\/blogs.ua.es\/bandasmusicacv\/recursos-de-informacion\/","title":{"rendered":"Recursos de informaci\u00f3n"},"content":{"rendered":"<p>Nos hemos basado, la mayoria de las ocasiones en documentaci\u00f3n encontrada en base de datos de las diferentes bibliotecas virtuales y art\u00edculos, de la Xarxa de Biblioteques de la Comunitat Valenciana relacionados con el tema, colgados en la red. Adem\u00e1s, de consultar diferentes bibliotecas como la de la Universidad de Alicante, donde la informaci\u00f3n acerca de este tema es notoria. Tambi\u00e9n otra gran parte de la bibliograf\u00eda obtenida para la realizaci\u00f3n de este blog pertenece a libros extra\u00eddos de la Biblioteca Municipal &#8220;Jorge Juan&#8221; de Novelda.<\/p>\n<p>&nbsp;<\/p>\n","protected":false},"excerpt":{"rendered":"<p>Nos hemos basado, la mayoria de las ocasiones en documentaci\u00f3n encontrada en base de datos de las diferentes bibliotecas virtuales y art\u00edculos, de la Xarxa de Biblioteques de la Comunitat Valenciana relacionados con el tema, colgados en la red. Adem\u00e1s, de consultar diferentes bibliotecas como la de la Universidad de Alicante, donde la informaci\u00f3n acerca [&hellip;]<\/p>\n","protected":false},"author":2552,"featured_media":0,"parent":0,"menu_order":0,"comment_status":"open","ping_status":"open","template":"","meta":{"footnotes":""},"class_list":["post-46","page","type-page","status-publish","hentry"],"_links":{"self":[{"href":"https:\/\/blogs.ua.es\/bandasmusicacv\/wp-json\/wp\/v2\/pages\/46","targetHints":{"allow":["GET"]}}],"collection":[{"href":"https:\/\/blogs.ua.es\/bandasmusicacv\/wp-json\/wp\/v2\/pages"}],"about":[{"href":"https:\/\/blogs.ua.es\/bandasmusicacv\/wp-json\/wp\/v2\/types\/page"}],"author":[{"embeddable":true,"href":"https:\/\/blogs.ua.es\/bandasmusicacv\/wp-json\/wp\/v2\/users\/2552"}],"replies":[{"embeddable":true,"href":"https:\/\/blogs.ua.es\/bandasmusicacv\/wp-json\/wp\/v2\/comments?post=46"}],"version-history":[{"count":7,"href":"https:\/\/blogs.ua.es\/bandasmusicacv\/wp-json\/wp\/v2\/pages\/46\/revisions"}],"predecessor-version":[{"id":74,"href":"https:\/\/blogs.ua.es\/bandasmusicacv\/wp-json\/wp\/v2\/pages\/46\/revisions\/74"}],"wp:attachment":[{"href":"https:\/\/blogs.ua.es\/bandasmusicacv\/wp-json\/wp\/v2\/media?parent=46"}],"curies":[{"name":"wp","href":"https:\/\/api.w.org\/{rel}","templated":true}]}}