{"id":48,"date":"2011-12-21T18:18:32","date_gmt":"2011-12-21T18:18:32","guid":{"rendered":"https:\/\/blogs.ua.es\/bandasmusicacv\/?page_id=48"},"modified":"2012-01-19T00:08:24","modified_gmt":"2012-01-19T00:08:24","slug":"valoracion-general","status":"publish","type":"page","link":"https:\/\/blogs.ua.es\/bandasmusicacv\/valoracion-general\/","title":{"rendered":"Valoraci\u00f3n"},"content":{"rendered":"<p>Como valoraci\u00f3n general del trabajo, hemos de decir que a\u00fan trat\u00e1ndose de un tema concreto, acotado en su contenido no nos ha resultado complicado encontrar informaci\u00f3n acerca de distintos aspectos de las bandas de m\u00fasica y lo que estas representan. En cuanto al contenido del blog, la mayor cantidad de conocimientos acerca de la constituci\u00f3n de las bandas de m\u00fasica valencianas como federaci\u00f3n ha hecho que se convierta \u00e9ste en el tema sobre el que gira el blog, dejando un poco m\u00e1s de lado informaci\u00f3n acerca de las bandas de m\u00fasica anteriormente a esta asociaci\u00f3n. Como rese\u00f1a hemos de decir que nos hubiera agradado hablar de la m\u00fasica festera y su repercusi\u00f3n en un mayor grado, como por ejemplo lo que representan las bandas de m\u00fasica en las fiestas mayores como las Fallas o Les fogueres de Sant Joan,\u00a0ya que\u00a0se trata de un elemento fundamental dentro de estas celebraciones. Debemos tratar la relevancia que conlleva este tema ya que, hablar de la m\u00fasica de bandas dentro de la Comunidad Valenciana es hablar de una identidad cultural, una identidad, algo que define al territorio y que forma parte de la cultura.<\/p>\n<p>Por \u00faltimo y para concluir decir que la recopilaci\u00f3n de informaci\u00f3n se ha llevado a cabo de una forma amena y distendida y que el tema tratado sobre las bandas de m\u00fasica de la Comunidad Valenciana nos ha ayudado a comprender mejor la cultura que nos rodea y la importancia de la m\u00fasica como signo de identidad.<\/p>\n","protected":false},"excerpt":{"rendered":"<p>Como valoraci\u00f3n general del trabajo, hemos de decir que a\u00fan trat\u00e1ndose de un tema concreto, acotado en su contenido no nos ha resultado complicado encontrar informaci\u00f3n acerca de distintos aspectos de las bandas de m\u00fasica y lo que estas representan. En cuanto al contenido del blog, la mayor cantidad de conocimientos acerca de la constituci\u00f3n [&hellip;]<\/p>\n","protected":false},"author":2552,"featured_media":0,"parent":0,"menu_order":1,"comment_status":"open","ping_status":"open","template":"","meta":{"footnotes":""},"class_list":["post-48","page","type-page","status-publish","hentry"],"_links":{"self":[{"href":"https:\/\/blogs.ua.es\/bandasmusicacv\/wp-json\/wp\/v2\/pages\/48","targetHints":{"allow":["GET"]}}],"collection":[{"href":"https:\/\/blogs.ua.es\/bandasmusicacv\/wp-json\/wp\/v2\/pages"}],"about":[{"href":"https:\/\/blogs.ua.es\/bandasmusicacv\/wp-json\/wp\/v2\/types\/page"}],"author":[{"embeddable":true,"href":"https:\/\/blogs.ua.es\/bandasmusicacv\/wp-json\/wp\/v2\/users\/2552"}],"replies":[{"embeddable":true,"href":"https:\/\/blogs.ua.es\/bandasmusicacv\/wp-json\/wp\/v2\/comments?post=48"}],"version-history":[{"count":8,"href":"https:\/\/blogs.ua.es\/bandasmusicacv\/wp-json\/wp\/v2\/pages\/48\/revisions"}],"predecessor-version":[{"id":172,"href":"https:\/\/blogs.ua.es\/bandasmusicacv\/wp-json\/wp\/v2\/pages\/48\/revisions\/172"}],"wp:attachment":[{"href":"https:\/\/blogs.ua.es\/bandasmusicacv\/wp-json\/wp\/v2\/media?parent=48"}],"curies":[{"name":"wp","href":"https:\/\/api.w.org\/{rel}","templated":true}]}}