{"id":18,"date":"2009-10-06T20:45:18","date_gmt":"2009-10-06T18:45:18","guid":{"rendered":"https:\/\/blogs.ua.es\/barbarroja\/?page_id=18"},"modified":"2009-11-05T23:08:44","modified_gmt":"2009-11-05T21:08:44","slug":"18","status":"publish","type":"page","link":"https:\/\/blogs.ua.es\/barbarroja\/18\/","title":{"rendered":"Or\u00edgenes"},"content":{"rendered":"<p style=\"text-align: justify\"><span style=\"color: #000000\"><strong>Hayredd\u00edn<\/strong> (tambi\u00e9n lo podemos encontrar como Jeiredd\u00edn, Harad\u00edn, Khair-ed Din o Hayr al-Din) naci\u00f3 en Mitilene, en\u00a0la isla de Lesbos, en 1475, que entonces estaba bajo el control del Imperio otomano.<\/span><\/p>\n<p style=\"text-align: center\"><span style=\"color: #000000\"><\/p>\n<figure id=\"attachment_141\" aria-describedby=\"caption-attachment-141\" style=\"width: 379px\" class=\"wp-caption aligncenter\"><img loading=\"lazy\" decoding=\"async\" class=\"size-full wp-image-141    \" src=\"https:\/\/blogs.ua.es\/barbarroja\/files\/2009\/10\/mapa-mudo-de-grecia-copia-copia.jpg\" alt=\"Situaci\u00f3n de la isla de Lesbos, en las Islas Griegas, lugar de nacimiento de Barbarroja\" width=\"379\" height=\"265\" srcset=\"https:\/\/blogs.ua.es\/barbarroja\/files\/2009\/10\/mapa-mudo-de-grecia-copia-copia.jpg 1881w, https:\/\/blogs.ua.es\/barbarroja\/files\/2009\/10\/mapa-mudo-de-grecia-copia-copia-300x209.jpg 300w, https:\/\/blogs.ua.es\/barbarroja\/files\/2009\/10\/mapa-mudo-de-grecia-copia-copia-1024x714.jpg 1024w\" sizes=\"auto, (max-width: 379px) 100vw, 379px\" \/><figcaption id=\"caption-attachment-141\" class=\"wp-caption-text\">Situaci\u00f3n de la isla de Lesbos, en las Islas Griegas, lugar de nacimiento de Barbarroja<\/figcaption><\/figure>\n<p><\/span><\/p>\n<p style=\"text-align: justify\"><span style=\"color: #000000\">Es conocido como Barbarroja, apodo que hered\u00f3 de su hermano por tener el pelo y la barba de color rojizo; tambi\u00e9n se dice que el apodo fue otorgado por los italianos debido a unas variaciones ling\u00fc\u00edsticas de su t\u00edtulo honor\u00edfico\u00a0de <em>Baba Oru\u00e7.<\/em><\/span><\/p>\n<p style=\"text-align: justify\"><span style=\"color: #000000\">Las fuentes cuentan que Barbarroja naci\u00f3 en el seno de una familia de renegados por la siguiente historia. El padre de Hayredd\u00edn, llamado <strong>Yakup<\/strong>,\u00a0viv\u00eda en Grecia y, cuando los turcos tomaron el pa\u00eds alrededor del a\u00f1o\u00a01460, se lo llevaron a Constantinopla, lo hicieron turco\u00a0y lo pusieron al servicio del sult\u00e1n. Un d\u00eda cometi\u00f3 un delito y, por miedo al castigo, huy\u00f3 a Mitilene, quedando como renegado\u00a0ante los turcos. All\u00ed se cas\u00f3 con una mujer cristiana llamada <strong>Catalina<\/strong>, de la que se dice que era viuda de un sacerdote y que ten\u00eda marido y tres hijos. El matrimonio tuvo seis hijos: dos ni\u00f1as -de las que no se sabe pr\u00e1cticamente nada- y cuatro ni\u00f1os.\u00a0El mayor de los varones se llamaba\u00a0<strong>Aruj<\/strong> (tambi\u00e9n Omiche u Horuc), el segundo <strong>Il\u00edas<\/strong> (o Ja\u00e7a), el tercero Hayredd\u00edn y el \u00faltimo\u00a0<strong>Isaac <\/strong>(o Mau\u00e7ete). Por entonces, la tradici\u00f3n en las familias de religiones\u00a0mixtas\u00a0era que las hijas se convirtieran a la fe cristiana y los hijos a la isl\u00e1mica, hecho que ocurri\u00f3 con los hijos de Yakup y Catalina.<\/span><\/p>\n<div class=\"mceTemp\" style=\"text-align: justify\">\n<div class=\"mceTemp\"><span style=\"color: #000000\">Algunas fuentes dicen que Yakup era alfarero y que sus hijos lo ayudaban en este negocio familiar, pero otras cuentan que se dedicaba a viajar en barco por las islas cercanas\u00a0vendiendo vino, ajo y cebollas (esto se entender\u00eda como un antecedente\u00a0de la futura labor de Hayredd\u00edn y\u00a0Aruj\u00a0como comerciantes y piratas). Es posible que Yakup se dedicase a vender la alfarer\u00eda que elaboraba con la ayuda de sus hijos mediante el comercio mar\u00edtimo. Otra versi\u00f3n presenta a Yakup como un se\u00f1or feudal\u00a0miembro de la caballer\u00eda otomana;\u00a0se tratar\u00eda de\u00a0un <em>jen\u00edzaro<\/em>, que era el nombre que se les daba a los soldados adiestrados que formaban parte de la \u00e9lite\u00a0del ej\u00e9rcito otomano. Esto puede que se refiera a la \u00e9poca en la que Yakup\u00a0fue trasladado a Constantinpla con el fin de trabajar para el sult\u00e1n.<\/span><\/div>\n<p style=\"text-align: justify\"><span style=\"color: #000000\">Aunque pobre y renegado, Yakup quer\u00eda que sus hijos fuesen virtuosos y que aprendiesen, por lo que les busc\u00f3 oficios:\u00a0Il\u00edas se dedic\u00f3 a la carpinter\u00eda, Isaac\u00a0a los estudios, Hayredd\u00edn se convirti\u00f3 en alfarero y\u00a0Aruj naveg\u00f3 con su padre para aprender a comerciar. Pero, a pesar de todo, con el tiempo los cuatro hermanos se convertir\u00edan en marineros del comercio internacional y en piratas del Mediterr\u00e1neo.<\/span><\/p>\n<p style=\"text-align: justify\"><span style=\"color: #000000\">A\u00f1os m\u00e1s tarde, Yakup morir\u00eda dejando a su esposa Catalina, viuda por segunda vez,\u00a0al cargo de sus hijos.<\/span><\/p>\n<\/div>\n","protected":false},"excerpt":{"rendered":"<p>Hayredd\u00edn (tambi\u00e9n lo podemos encontrar como Jeiredd\u00edn, Harad\u00edn, Khair-ed Din o Hayr al-Din) naci\u00f3 en Mitilene, en\u00a0la isla de Lesbos, en 1475, que entonces estaba bajo el control del Imperio otomano. Es conocido como Barbarroja, apodo que hered\u00f3 de su hermano por tener el pelo y la barba de color rojizo; tambi\u00e9n se dice que [&hellip;]<\/p>\n","protected":false},"author":1351,"featured_media":0,"parent":0,"menu_order":1,"comment_status":"closed","ping_status":"closed","template":"","meta":{"footnotes":""},"class_list":["post-18","page","type-page","status-publish","hentry"],"_links":{"self":[{"href":"https:\/\/blogs.ua.es\/barbarroja\/wp-json\/wp\/v2\/pages\/18","targetHints":{"allow":["GET"]}}],"collection":[{"href":"https:\/\/blogs.ua.es\/barbarroja\/wp-json\/wp\/v2\/pages"}],"about":[{"href":"https:\/\/blogs.ua.es\/barbarroja\/wp-json\/wp\/v2\/types\/page"}],"author":[{"embeddable":true,"href":"https:\/\/blogs.ua.es\/barbarroja\/wp-json\/wp\/v2\/users\/1351"}],"replies":[{"embeddable":true,"href":"https:\/\/blogs.ua.es\/barbarroja\/wp-json\/wp\/v2\/comments?post=18"}],"version-history":[{"count":67,"href":"https:\/\/blogs.ua.es\/barbarroja\/wp-json\/wp\/v2\/pages\/18\/revisions"}],"predecessor-version":[{"id":326,"href":"https:\/\/blogs.ua.es\/barbarroja\/wp-json\/wp\/v2\/pages\/18\/revisions\/326"}],"wp:attachment":[{"href":"https:\/\/blogs.ua.es\/barbarroja\/wp-json\/wp\/v2\/media?parent=18"}],"curies":[{"name":"wp","href":"https:\/\/api.w.org\/{rel}","templated":true}]}}