{"id":283,"date":"2009-10-29T22:12:42","date_gmt":"2009-10-29T20:12:42","guid":{"rendered":"https:\/\/blogs.ua.es\/barbarroja\/?page_id=283"},"modified":"2009-11-19T10:36:40","modified_gmt":"2009-11-19T08:36:40","slug":"hazanas-de-pirata","status":"publish","type":"page","link":"https:\/\/blogs.ua.es\/barbarroja\/hazanas-de-pirata\/","title":{"rendered":"Haza\u00f1as de pirata"},"content":{"rendered":"<p style=\"text-align: justify\"><span style=\"color: #000000\">Muerto <strong>Aruj<\/strong>, el mayor de los hermanos Barbarroja, en Tlemec\u00e9n durante una batalla contra los espa\u00f1oles del a\u00f1o 1518, <strong>Hayredd\u00edn <\/strong>hereda el gobierno de Argel. Adem\u00e1s,\u00a0las ansias de venganza por la muerte de sus tres hermanos le llevar\u00e1 a luchar con m\u00e1s fuerza que nunca y a ser temido por toda la cristiandad mediterr\u00e1nea, hasta el punto de verlo indestructible.<\/span><\/p>\n<figure id=\"attachment_116\" aria-describedby=\"caption-attachment-116\" style=\"width: 237px\" class=\"wp-caption aligncenter\"><img loading=\"lazy\" decoding=\"async\" class=\"size-full wp-image-116\" src=\"https:\/\/blogs.ua.es\/barbarroja\/files\/2009\/10\/Hayreddin.jpg\" alt=\"Hayredd\u00edn Barbarroja (biografiasiniestras)\" width=\"237\" height=\"320\" srcset=\"https:\/\/blogs.ua.es\/barbarroja\/files\/2009\/10\/Hayreddin.jpg 237w, https:\/\/blogs.ua.es\/barbarroja\/files\/2009\/10\/Hayreddin-222x300.jpg 222w\" sizes=\"auto, (max-width: 237px) 100vw, 237px\" \/><figcaption id=\"caption-attachment-116\" class=\"wp-caption-text\">Hayredd\u00edn Barbarroja (biografiasiniestras)<\/figcaption><\/figure>\n<p style=\"text-align: justify\"><span style=\"color: #000000\">Hay que tener presente que Aruj y Hayredd\u00edn eran bastante diferentes: mientras a Aruj le interesaban las cuestiones pol\u00edticas, a su hermano menor este tema no le atra\u00eda nada. Tenemos que imaginarnos a Barbarroja como un aut\u00e9ntico corsario, el cual se preocupaba \u00fanicamente por las acciones de pillaje, es decir, por atacar naves enemigas para hacerse con riquezas y esclavos. Como su hermano, Hayredd\u00edn continu\u00f3 con la acci\u00f3n de transportar a los mud\u00e9jares del sur de Espa\u00f1a al norte de \u00c1frica.<\/span><\/p>\n<p style=\"text-align: justify\"><span style=\"color: #000000\">La primera medida que tom\u00f3 fue matar a los espa\u00f1oles cautivos de Argel. Al mismo tiempo, el rey <strong>Carlos I <\/strong>de Espa\u00f1a ordenaba al virrey de Sicilia, <strong><a href=\"http:\/\/es.wikipedia.org\/wiki\/Hugo_de_Moncada\" target=\"_blank\">Hugo de Moncada<\/a><\/strong>, que atacase Argel y matara a su nuevo rey Barbarroja. De esta batalla sali\u00f3 vistorioso el pirata, del que las fuentes dicen que tal era su orgullo que sus expectativas nadie pod\u00eda llegar a imagin\u00e1rselas; las enormes riquezas, el gran n\u00famero de cautivos, de naves y de artiller\u00eda aumentaban su soberbia.<\/span><\/p>\n<p><span style=\"color: #000000\"><\/p>\n<figure id=\"attachment_294\" aria-describedby=\"caption-attachment-294\" style=\"width: 280px\" class=\"wp-caption aligncenter\"><img loading=\"lazy\" decoding=\"async\" class=\"size-full wp-image-294 \" src=\"https:\/\/blogs.ua.es\/barbarroja\/files\/2009\/11\/puerto-de-argel.jpg\" alt=\"Puerto de Argel (biografiasiniestras)\" width=\"280\" height=\"218\" srcset=\"https:\/\/blogs.ua.es\/barbarroja\/files\/2009\/11\/puerto-de-argel.jpg 400w, https:\/\/blogs.ua.es\/barbarroja\/files\/2009\/11\/puerto-de-argel-300x234.jpg 300w\" sizes=\"auto, (max-width: 280px) 100vw, 280px\" \/><figcaption id=\"caption-attachment-294\" class=\"wp-caption-text\">Puerto de Argel (biografiasiniestras)<\/figcaption><\/figure>\n<p><\/span><\/p>\n<p style=\"text-align: justify\"><span style=\"color: #000000\">Su venganza continuaba, por lo que atac\u00f3 la plaza espa\u00f1ola de Or\u00e1n (Argelia). A finales de ese mismo a\u00f1o, Barbarroja, junto a su ej\u00e9rcito turco, reconquist\u00f3 Tlemec\u00e9n.<\/span><\/p>\n<p style=\"text-align: justify\"><span style=\"color: #000000\"><span style=\"color: #000000\">Algunas fuentes cuentan que un \u00edntimo amigo y servidor de Aruj, un tal <strong>Ben-alcalde o Benalcadi<\/strong>, quiso acercarse a Hayredd\u00edn, pero \u00e9ste rechaz\u00f3 su apoyo. Benalcadi quiso vengarse y lleg\u00f3 a Argel con un gran n\u00famero de turcos con la idea de comenzar una guerra. Lo primero que hicieron fue rodear la ciudad, por lo que Barbarroja tuvo que avandonar su reino. Tras la hu\u00edda, Hayredd\u00edn se refugi\u00f3 en Gijar o Jijar y, atacando naves de Cerde\u00f1a y sus alrededores, llegaba a Gijar recuperando parte de su antigua riqueza. Barbarroja se dirigi\u00f3 a la isla de Djerba (T\u00fanez), conocida por los espa\u00f1oles como Gerbes o Gelves y que en 1520 ser\u00e1 ocupada por Hugo de Mocada, y all\u00ed es apoyado por otros corsarios y ladrones, muy crueles seg\u00fan las fuentes. Hayredd\u00edn, junto a sus nuevos tripulantes y su ejercito, recupera el reino de Argel. Movido por la venganza, hace prisioneros a todos los espa\u00f1oles que no pudieron huir de Argel y as\u00ed permanecer\u00edan hasta que se hiciesen moros o muriesen. Las otras fuentes no citan nada sobre este episodio de hu\u00edda de Argel y posterior reconquista. En 1519 otra flota hispano-italiana intent\u00f3 recuperar Argel, pero Barbarroja la derrot\u00f3.<\/span><\/span><\/p>\n<p style=\"text-align: justify\"><span style=\"color: #000000\"><\/span><span style=\"color: #000000\">El gobernador de Bona (actualmente Annaba), una ciudad costera de Argelia, estaba bajo el mandato del rey de T\u00fanez, pero se subleva y decide entregarle la ciudad a Barbarroja, al cual hab\u00eda conocido durante una estancia en T\u00fanez. Sin embargo, el gobernador se arrepiente antes de entregarle la ciudad al pirata, pues su rey se entera y lo convence de continuar a su lado. Cuando Barbarroja llega a Bona y se encuentra con la ciudad cerrada, la bombardea; pero, a pesar del ataque, no consigue cambiar nada. Otras fuentes confirman que s\u00ed captur\u00f3 Bona.<\/span><\/p>\n<p style=\"text-align: justify\"><span style=\"color: #000000\">Hayredd\u00edn intenta ocupar el reino de Cuco de forma irracional seg\u00fan las fuentes, pues cuentan que acus\u00f3 al rey del Cuco de la muerte de su hermano; sin embargo, otras cuentan que en Cuco estaba el hermano del ya muerto Ben-alcalde (o Benalcadi) y que Barbarroja quiso echarle de la ciudad. El pirata perdi\u00f3 en esta batalla a sus mejores capitanes y \u00e9l mismo fue herido gravemente, por lo que estuvo obligado a abandonar. Algunos documentos cuentan que, desde este momento, el corsario se dio cuenta de que necesitaba un apoyo m\u00e1s grande para conservar sus territorios ante la desconfianza de sus s\u00fabditos y, adem\u00e1s, sus enemigos crec\u00edan, pues ahora ten\u00eda en contra suya a los cristianos y a los magreb\u00edes.<\/span><\/p>\n<figure id=\"attachment_45\" aria-describedby=\"caption-attachment-45\" style=\"width: 133px\" class=\"wp-caption alignleft\"><img loading=\"lazy\" decoding=\"async\" class=\"size-medium wp-image-45  \" src=\"https:\/\/blogs.ua.es\/barbarroja\/files\/2009\/10\/442px-Battle_of_Vienna_SultanMurads_with_janissaries-221x300.jpg\" alt=\"Jen\u00edzaros, la \u00e9lite de los soldados del Imperio otomano (wikipedia)\" width=\"133\" height=\"180\" srcset=\"https:\/\/blogs.ua.es\/barbarroja\/files\/2009\/10\/442px-Battle_of_Vienna_SultanMurads_with_janissaries-221x300.jpg 221w, https:\/\/blogs.ua.es\/barbarroja\/files\/2009\/10\/442px-Battle_of_Vienna_SultanMurads_with_janissaries.jpg 442w\" sizes=\"auto, (max-width: 133px) 100vw, 133px\" \/><figcaption id=\"caption-attachment-45\" class=\"wp-caption-text\">Jen\u00edzaros (wikipedia)<\/figcaption><\/figure>\n<p style=\"text-align: justify\"><span style=\"color: #000000\">La soluci\u00f3n ante esta inseguridad era unirse a la llamada Sublime puerta, al gobierno turco. Desde este modo, Barbarroja cede todos sus territorios al Imperio otomano a cambio de colaboraci\u00f3n en la lucha contra sus enemigos. <strong>Selim I<\/strong> acepta esta propuesta y le otorga a Hayredd\u00edn fortuna, el t\u00edtulo de gobernador y un gran n\u00famero de <em>jen\u00edzaros<\/em>. Esta alianza supuso un enorme peligro para los magreb\u00edes, ya que ve\u00edan peligrar su independencia.<\/span><\/p>\n<p style=\"text-align: justify\">\u00a0<\/p>\n<figure id=\"attachment_129\" aria-describedby=\"caption-attachment-129\" style=\"width: 192px\" class=\"wp-caption alignright\"><img loading=\"lazy\" decoding=\"async\" class=\"size-full wp-image-129 \" src=\"https:\/\/blogs.ua.es\/barbarroja\/files\/2009\/10\/soliman-I.jpg\" alt=\"Solim\u00e1n I el Magn\u00edfico (historiedades)\" width=\"192\" height=\"191\" srcset=\"https:\/\/blogs.ua.es\/barbarroja\/files\/2009\/10\/soliman-I.jpg 213w, https:\/\/blogs.ua.es\/barbarroja\/files\/2009\/10\/soliman-I-150x150.jpg 150w\" sizes=\"auto, (max-width: 192px) 100vw, 192px\" \/><figcaption id=\"caption-attachment-129\" class=\"wp-caption-text\">Solim\u00e1n I el Magn\u00edfico (historiedades)<\/figcaption><\/figure>\n<p style=\"text-align: justify\"><span style=\"color: #000000\">En 1520 muere Selim I y su hijo <strong><a href=\"https:\/\/blogs.ua.es\/solimanelmagnifico\/\" target=\"_blank\">Solim\u00e1n I el Magn\u00edfico<\/a><\/strong><strong> <\/strong>(el Turco) se convierte en el nuevo sult\u00e1n otomano. A partir de este a\u00f1o, Barbarroja se dedica a conquistar los territorios enemigos: ataca Provenza, Tol\u00f3n y las islas de Hy\u00e8res (Francia); el Reino de Valencia sufri\u00f3 muchos saqueos (Santa Pola, Alicante, Denia, Cartagena, Altea\u2026); en 1521 atac\u00f3 las Islas Baleares, capturando algunas naves espa\u00f1olas, y el Pe\u00f1\u00f3n de V\u00e9lez de la Gomera; recorre las costas del sur de Italia y Sicilia para hacerse con m\u00e1s riquezas. En resumen, el corsario, desde la misma Argel, organizaba ataques sobre las costas napolitanas, el Levante espa\u00f1ol y las islas Baleares, C\u00f3rcega, Cerde\u00f1a y Sicilia. Barbarroja busca alianzas y se encuentra con crueles ladrones como <strong>Sin\u00e1n el Jud\u00edo<\/strong>, <strong>Harad\u00edn Cachidiablo<\/strong>, <strong>Salarr\u00e1ez<\/strong> y <strong>Tabas<\/strong>; adem\u00e1s, llegaban de diferentes lugares hombres que ofrec\u00edan al corsario sus galeras y su servicio, as\u00ed como su vida.<\/span><\/p>\n<p style=\"text-align: justify\"><span style=\"color: #000000\">\u00a0<\/span><\/p>\n<figure id=\"attachment_120\" aria-describedby=\"caption-attachment-120\" style=\"width: 533px\" class=\"wp-caption aligncenter\"><img loading=\"lazy\" decoding=\"async\" class=\"size-full wp-image-120 \" src=\"https:\/\/blogs.ua.es\/barbarroja\/files\/2009\/10\/mapa-blanco-europa-africa-copia.jpg\" alt=\"Mapa del Imperio Otomano en \u00e9poca de Selim I y Solim\u00e1n I\" width=\"533\" height=\"334\" srcset=\"https:\/\/blogs.ua.es\/barbarroja\/files\/2009\/10\/mapa-blanco-europa-africa-copia.jpg 889w, https:\/\/blogs.ua.es\/barbarroja\/files\/2009\/10\/mapa-blanco-europa-africa-copia-300x187.jpg 300w\" sizes=\"auto, (max-width: 533px) 100vw, 533px\" \/><figcaption id=\"caption-attachment-120\" class=\"wp-caption-text\">Mapa del Imperio Otomano en \u00e9poca de Selim I y Solim\u00e1n I<\/figcaption><\/figure>\n<p style=\"text-align: justify\"><span style=\"color: #000000\">En 1522 Barbarroja particip\u00f3 en la conquista de la isla de Rodas por mandato del Imperio otomano. Tras la victoria definitiva de los turcos a principios del a\u00f1o 1523, la Orden de los <strong>Caballeros de San Juan<\/strong> abandona la isla.<\/span><\/p>\n<p><span style=\"color: #000000\"><\/p>\n<figure id=\"attachment_302\" aria-describedby=\"caption-attachment-302\" style=\"width: 256px\" class=\"wp-caption aligncenter\"><img loading=\"lazy\" decoding=\"async\" class=\"size-full wp-image-302 \" src=\"https:\/\/blogs.ua.es\/barbarroja\/files\/2009\/10\/rodas.jpg\" alt=\"Mapa de Rodas (biografiasiniestras)\" width=\"256\" height=\"206\" srcset=\"https:\/\/blogs.ua.es\/barbarroja\/files\/2009\/10\/rodas.jpg 320w, https:\/\/blogs.ua.es\/barbarroja\/files\/2009\/10\/rodas-300x241.jpg 300w\" sizes=\"auto, (max-width: 256px) 100vw, 256px\" \/><figcaption id=\"caption-attachment-302\" class=\"wp-caption-text\">Mapa de Rodas (biografiasiniestras)<\/figcaption><\/figure>\n<p><\/span><\/p>\n<p style=\"text-align: justify\"><span style=\"color: #000000\"><span style=\"color: #000000\">El rey del Cuco muere y, a partir de entonces, los ber\u00e9beres se ponen de parte del corsario. De este modo, Barbarroja se convierte en el se\u00f1or de pr\u00e1cticamente toda la costa de Berber\u00eda (desde Argel hasta T\u00fanez).<\/span><\/span><\/p>\n<p style=\"text-align: justify\"><span style=\"color: #000000\">A Barbarroja le quedaba un punto importante que conquistar, el Pe\u00f1\u00f3n de Argel. Esta peque\u00f1a isla en las costas de Argelia era un fuerte de espa\u00f1oles construido cuando huyeron de Argel por la conquista de Aruj. La fortaleza, dirigida por el espa\u00f1ol <strong>Mart\u00edn de Vargas<\/strong>, se le hab\u00eda resistido al pirata, pues la ciudad estaba muy bien amurallada. En 1529, aprovechando que el rey Carlos I de Espa\u00f1a se hab\u00eda marchado a Italia para ser coronado emperador, Barbarroja comienza el asedio al Pe\u00f1\u00f3n y se hace con \u00e9l, construyendo un gran puerto mediante la uni\u00f3n de la tierra con la isla. Cuentan las fuentes cristianas que Mart\u00edn de Vargas muri\u00f3 en esta batalla heroicamente.<\/span>\u00a0<\/p>\n<figure id=\"attachment_101\" aria-describedby=\"caption-attachment-101\" style=\"width: 400px\" class=\"wp-caption aligncenter\"><img loading=\"lazy\" decoding=\"async\" class=\"size-full wp-image-101\" src=\"https:\/\/blogs.ua.es\/barbarroja\/files\/2009\/10\/Argel.jpg\" alt=\"Mapa de la Rep\u00fablica corsaria de Argel (biografiasiniestras)\" width=\"400\" height=\"280\" srcset=\"https:\/\/blogs.ua.es\/barbarroja\/files\/2009\/10\/Argel.jpg 400w, https:\/\/blogs.ua.es\/barbarroja\/files\/2009\/10\/Argel-300x210.jpg 300w\" sizes=\"auto, (max-width: 400px) 100vw, 400px\" \/><figcaption id=\"caption-attachment-101\" class=\"wp-caption-text\">Mapa de la Rep\u00fablica corsaria de Argel (biografiasiniestras)<\/figcaption><\/figure>\n<p style=\"text-align: justify\"><span style=\"color: #000000\">En octubre de ese mismo a\u00f1o (1529), uno de los corsarios de Barbarroja, Harad\u00edn Cachidiablo, es atacado cerca de la isla de Formentera por el capit\u00e1n espa\u00f1ol <strong><a href=\"http:\/\/es.wikipedia.org\/wiki\/Rodrigo_de_Portuondo\" target=\"_blank\">Rodrigo de Portundo o Portuondo<\/a><\/strong> y su hijo <strong>Domingo<\/strong>. Seg\u00fan las fuentes espa\u00f1olas, esta batalla supuso una gran p\u00e9rdida para los espa\u00f1oles, porque de 8 galeras perdieron 7, el capit\u00e1n muri\u00f3 y su hijo fue capturado y m\u00e1s tarde asesinado. Pero, para otras fuentes, la gran p\u00e9rdida la sufri\u00f3 Barbarroja, ya que perdi\u00f3 6 galeras.<\/span><\/p>\n<figure id=\"attachment_305\" aria-describedby=\"caption-attachment-305\" style=\"width: 252px\" class=\"wp-caption alignleft\"><img loading=\"lazy\" decoding=\"async\" class=\"size-full wp-image-305  \" src=\"https:\/\/blogs.ua.es\/barbarroja\/files\/2009\/10\/combatemessinag2.jpg\" alt=\"Combate de Mesina (biografiasiniestras)\" width=\"252\" height=\"143\" srcset=\"https:\/\/blogs.ua.es\/barbarroja\/files\/2009\/10\/combatemessinag2.jpg 400w, https:\/\/blogs.ua.es\/barbarroja\/files\/2009\/10\/combatemessinag2-300x170.jpg 300w\" sizes=\"auto, (max-width: 252px) 100vw, 252px\" \/><figcaption id=\"caption-attachment-305\" class=\"wp-caption-text\">Combate de Mesina (biografiasiniestras)<\/figcaption><\/figure>\n<p style=\"text-align: justify\"><span style=\"color: #000000\">A partir de 1530, Hayredd\u00edn protagoniz\u00f3 muchos ataques a territorios mediterr\u00e1neos, como a Andaluc\u00eda, las Islas Baleares, Marsella, Crotone, Mesina, Campania, Toscana, Tr\u00edpoli (entregada por Carlos I a los Caballeros de San Juan), etc.<\/span><\/p>\n<p>\u00a0<\/p>\n<figure id=\"attachment_306\" aria-describedby=\"caption-attachment-306\" style=\"width: 192px\" class=\"wp-caption alignright\"><img loading=\"lazy\" decoding=\"async\" class=\"size-full wp-image-306  \" src=\"https:\/\/blogs.ua.es\/barbarroja\/files\/2009\/10\/andrea-doria-2.jpg\" alt=\"Andrea Doria (galeon)\" width=\"192\" height=\"169\" \/><figcaption id=\"caption-attachment-306\" class=\"wp-caption-text\">Andrea Doria (galeon)<\/figcaption><\/figure>\n<p style=\"text-align: justify\"><span style=\"color: #000000\">En 1531 Barbarroja se encuentra con el almirante genov\u00e9s <strong><a href=\"http:\/\/es.wikipedia.org\/wiki\/Andrea_Doria\" target=\"_blank\">Andrea Doria<\/a><\/strong>, que estaba al servicio de Carlos I de Espa\u00f1a, y en la batalla sale victorioso el primero. Mientras el pirata turco atacaba las costas espa\u00f1olas, Doria ataca las costas argelinas. En esta \u00e9poca se produce un mot\u00edn de los prisioneros cristianos de Argel, lo cual es solucionado por Barbarroja con la tortura y matanza de aquellos.<\/span><\/p>\n<p style=\"text-align: justify\"><span style=\"color: #000000\">\u00a0<\/span><\/p>\n<p style=\"text-align: justify\"><span style=\"color: #000000\">Una historia cuenta que en Cerde\u00f1a cada a\u00f1o veneraban la vigilia del santo en la iglesia de Sant Antioco y que en 1532 Barbarroja, aprovechando la cantidad de cristianos que habr\u00eda en esta fiesta, decidi\u00f3 atacar la isla. Pero esto no lleg\u00f3 a producirse, porque una tormenta destruy\u00f3 la flota, lo cual se explica en las fuentes cristianas como un castigo divino.<\/span><\/p>\n","protected":false},"excerpt":{"rendered":"<p>Muerto Aruj, el mayor de los hermanos Barbarroja, en Tlemec\u00e9n durante una batalla contra los espa\u00f1oles del a\u00f1o 1518, Hayredd\u00edn hereda el gobierno de Argel. Adem\u00e1s,\u00a0las ansias de venganza por la muerte de sus tres hermanos le llevar\u00e1 a luchar con m\u00e1s fuerza que nunca y a ser temido por toda la cristiandad mediterr\u00e1nea, hasta [&hellip;]<\/p>\n","protected":false},"author":1351,"featured_media":0,"parent":0,"menu_order":3,"comment_status":"open","ping_status":"open","template":"","meta":{"footnotes":""},"class_list":["post-283","page","type-page","status-publish","hentry"],"_links":{"self":[{"href":"https:\/\/blogs.ua.es\/barbarroja\/wp-json\/wp\/v2\/pages\/283","targetHints":{"allow":["GET"]}}],"collection":[{"href":"https:\/\/blogs.ua.es\/barbarroja\/wp-json\/wp\/v2\/pages"}],"about":[{"href":"https:\/\/blogs.ua.es\/barbarroja\/wp-json\/wp\/v2\/types\/page"}],"author":[{"embeddable":true,"href":"https:\/\/blogs.ua.es\/barbarroja\/wp-json\/wp\/v2\/users\/1351"}],"replies":[{"embeddable":true,"href":"https:\/\/blogs.ua.es\/barbarroja\/wp-json\/wp\/v2\/comments?post=283"}],"version-history":[{"count":37,"href":"https:\/\/blogs.ua.es\/barbarroja\/wp-json\/wp\/v2\/pages\/283\/revisions"}],"predecessor-version":[{"id":285,"href":"https:\/\/blogs.ua.es\/barbarroja\/wp-json\/wp\/v2\/pages\/283\/revisions\/285"}],"wp:attachment":[{"href":"https:\/\/blogs.ua.es\/barbarroja\/wp-json\/wp\/v2\/media?parent=283"}],"curies":[{"name":"wp","href":"https:\/\/api.w.org\/{rel}","templated":true}]}}