{"id":357,"date":"2009-11-09T15:34:30","date_gmt":"2009-11-09T13:34:30","guid":{"rendered":"https:\/\/blogs.ua.es\/barbarroja\/?page_id=357"},"modified":"2009-11-11T14:37:31","modified_gmt":"2009-11-11T12:37:31","slug":"conquistas-como-almirante","status":"publish","type":"page","link":"https:\/\/blogs.ua.es\/barbarroja\/conquistas-como-almirante\/","title":{"rendered":"Almirante jefe"},"content":{"rendered":"<p><span style=\"color: #000000\">\u00a0<\/span><\/p>\n<figure id=\"attachment_358\" aria-describedby=\"caption-attachment-358\" style=\"width: 239px\" class=\"wp-caption aligncenter\"><img loading=\"lazy\" decoding=\"async\" class=\"size-full wp-image-358 \" src=\"https:\/\/blogs.ua.es\/barbarroja\/files\/2009\/11\/240px-Barbarossa_Hayreddin_Pasha.jpg\" alt=\"Hayredd\u00edn Barbarroja (biografiasiniestras)\" width=\"239\" height=\"320\" srcset=\"https:\/\/blogs.ua.es\/barbarroja\/files\/2009\/11\/240px-Barbarossa_Hayreddin_Pasha.jpg 299w, https:\/\/blogs.ua.es\/barbarroja\/files\/2009\/11\/240px-Barbarossa_Hayreddin_Pasha-224x300.jpg 224w\" sizes=\"auto, (max-width: 239px) 100vw, 239px\" \/><figcaption id=\"caption-attachment-358\" class=\"wp-caption-text\">Hayredd\u00edn Barbarroja (biografiasiniestras)<\/figcaption><\/figure>\n<p style=\"text-align: justify\"><span style=\"color: #000000\">A partir de 1533, <strong>Barbarroja<\/strong> se puso al servicio del sult\u00e1n turco <strong>Solim\u00e1n el Magn\u00edfico<\/strong>. Una de las fuentes cuenta que Hayredd\u00edn deseaba servir al nuevo sult\u00e1n para conseguir su protecci\u00f3n, pues tem\u00eda al almirante <strong>Andrea Doria<\/strong>, a pesar de que lo hab\u00eda derrotado. El pirata le mandaba cartas hasta que Solim\u00e1n le contest\u00f3 invit\u00e1ndole a Estambul, antigua Constantinopla, en 1533. Pero, seg\u00fan otra fuente, el sult\u00e1n otomano se vio agobiado por los ataques de Doria y pens\u00f3 que ser\u00eda conveniente tener a un poderoso almirante bajo su mandato. Y, cuando alguien es convocado por el sult\u00e1n, es mejor asegurarse una buena relaci\u00f3n con \u00e9l, por lo que Hayredd\u00edn embarc\u00f3 hacia Estambul con presentes y esclavos de sobra.<\/span><\/p>\n<p style=\"text-align: justify\"><span style=\"color: #000000\">La historia cuenta que, cuando Barbarroja lleg\u00f3 a la capital del Imperio otomano, el sult\u00e1n estaba ausente y el pirata tuvo que esperarlo en su nave, a pesar de que \u00e9l se esperaba una gran fiesta en su honor. Viendo que Solim\u00e1n tardaba, parti\u00f3 a buscarlo para decirle lo mal que hab\u00eda sido tratado en Estambul. Barbarroja regres\u00f3 a la ciudad con una carta del sult\u00e1n obligando a sus siervos a que trataran al pirata como a un rey.<\/span><\/p>\n<figure id=\"attachment_359\" aria-describedby=\"caption-attachment-359\" style=\"width: 461px\" class=\"wp-caption aligncenter\"><img loading=\"lazy\" decoding=\"async\" class=\"size-full wp-image-359   \" src=\"https:\/\/blogs.ua.es\/barbarroja\/files\/2009\/11\/constantinopla2.jpg\" alt=\"Mapa de Constantinopla\/Estambul y sus sultanes (biografiasiniestras)\" width=\"461\" height=\"318\" srcset=\"https:\/\/blogs.ua.es\/barbarroja\/files\/2009\/11\/constantinopla2.jpg 1600w, https:\/\/blogs.ua.es\/barbarroja\/files\/2009\/11\/constantinopla2-300x207.jpg 300w, https:\/\/blogs.ua.es\/barbarroja\/files\/2009\/11\/constantinopla2-1024x707.jpg 1024w\" sizes=\"auto, (max-width: 461px) 100vw, 461px\" \/><figcaption id=\"caption-attachment-359\" class=\"wp-caption-text\">Mapa de Constantinopla\/Estambul y sus sultanes (biografiasiniestras)<\/figcaption><\/figure>\n<figure id=\"attachment_360\" aria-describedby=\"caption-attachment-360\" style=\"width: 144px\" class=\"wp-caption alignleft\"><img loading=\"lazy\" decoding=\"async\" class=\"size-medium wp-image-360  \" src=\"https:\/\/blogs.ua.es\/barbarroja\/files\/2009\/11\/397-OSMANLI_DENIZCILIK_-229x300.jpg\" alt=\"Solim\u00e1n I recibe a Barbarroja en Estambul\" width=\"144\" height=\"189\" srcset=\"https:\/\/blogs.ua.es\/barbarroja\/files\/2009\/11\/397-OSMANLI_DENIZCILIK_-229x300.jpg 229w, https:\/\/blogs.ua.es\/barbarroja\/files\/2009\/11\/397-OSMANLI_DENIZCILIK_.jpg 306w\" sizes=\"auto, (max-width: 144px) 100vw, 144px\" \/><figcaption id=\"caption-attachment-360\" class=\"wp-caption-text\">Solim\u00e1n I recibe a Barbarroja en Estambul (filibusterosdeaguadulce)<\/figcaption><\/figure>\n<p style=\"text-align: justify\"><span style=\"color: #000000\">Cuando Solim\u00e1n I se present\u00f3 en la capital nombr\u00f3 a Hayredd\u00edn Barbarroja \u201ccapit\u00e1n general del mar y de todas sus flotas\u201d, es decir, almirante jefe de la armada otomana (<em>Kapan-i Derva<\/em> o <em>Kapud\u00e1n Baj\u00e1<\/em>). Tambien le dio el t\u00edtulo honorifico de <em>Baba Oru\u00e7<\/em> o <em>Baylar Bey<\/em> (jefe gobernador o comandante general), d\u00e1ndole el gobierno de algunas provincias del mar Egeo, as\u00ed como Argel. Otras fuentes, sin embargo, hablan de la grandiosa entrada del pirata en Estambul y su buena acogida.<\/span><\/p>\n<p style=\"text-align: justify\">\u00a0<\/p>\n<p><span style=\"color: #000000\">Desde entonces, Barbarroja establece las bases de su actuaci\u00f3n en dos frentes: hostilidad continua a las tierras cristianas, en especial la Espa\u00f1a de <strong>Carlos I<\/strong>, y proteccion del sult\u00e1n Solim\u00e1n el Magn\u00edfico.<\/span><span style=\"color: #000000\">\u00a0<\/span><\/p>\n<figure id=\"attachment_373\" aria-describedby=\"caption-attachment-373\" style=\"width: 170px\" class=\"wp-caption alignright\"><img loading=\"lazy\" decoding=\"async\" class=\"size-medium wp-image-373   \" src=\"https:\/\/blogs.ua.es\/barbarroja\/files\/2009\/11\/barco-argelino-300x259.jpg\" alt=\"Barco corsario argelino (forum.paradoxplaza)\" width=\"170\" height=\"147\" srcset=\"https:\/\/blogs.ua.es\/barbarroja\/files\/2009\/11\/barco-argelino-300x259.jpg 300w, https:\/\/blogs.ua.es\/barbarroja\/files\/2009\/11\/barco-argelino.jpg 312w\" sizes=\"auto, (max-width: 170px) 100vw, 170px\" \/><figcaption id=\"caption-attachment-373\" class=\"wp-caption-text\">Barco corsario argelino (forum.paradoxplaza)<\/figcaption><\/figure>\n<p style=\"text-align: justify\"><span style=\"color: #000000\">En un tiempo record Barbarroja cre\u00f3 una enorme armada con las pautas de la pirater\u00eda argelina. La principal caracter\u00edstica de esta flota era que estaba formada por galeras m\u00e1s peque\u00f1as, m\u00e1s \u00e1giles y mejor maniobrables, frente a las de las potencias cristianas, que eran grandes y pesadas. Barbarroja pretend\u00eda crear una flota m\u00e1s profesional, con una tripulaci\u00f3n m\u00e1s entrenada, por lo que, como colaboradores, utiliz\u00f3 a cristianos e italianos renegados, sustituyendo a los anteriores griegos y turcos poco preparados. Esta nueva armada dirigida por Barbarroja garantizar\u00e1 el dominio turco del mediterr\u00e1neo durante los siguientes 40 a\u00f1os.<\/span><\/p>\n<figure id=\"attachment_374\" aria-describedby=\"caption-attachment-374\" style=\"width: 165px\" class=\"wp-caption alignleft\"><img loading=\"lazy\" decoding=\"async\" class=\"size-medium wp-image-374 \" src=\"https:\/\/blogs.ua.es\/barbarroja\/files\/2009\/11\/francisco_i_de_francia-206x300.jpg\" alt=\"Francisco I de Francia (lasmanzanasdulces)\" width=\"165\" height=\"240\" srcset=\"https:\/\/blogs.ua.es\/barbarroja\/files\/2009\/11\/francisco_i_de_francia-206x300.jpg 206w, https:\/\/blogs.ua.es\/barbarroja\/files\/2009\/11\/francisco_i_de_francia.jpg 271w\" sizes=\"auto, (max-width: 165px) 100vw, 165px\" \/><figcaption id=\"caption-attachment-374\" class=\"wp-caption-text\">Francisco I de Francia (lasmanzanasdulces)<\/figcaption><\/figure>\n<p style=\"text-align: justify\"><span style=\"color: #000000\"><a href=\"http:\/\/es.wikipedia.org\/wiki\/Francisco_I_de_Francia\" target=\"_blank\"><strong>Francisco I<\/strong><\/a><\/span><span style=\"color: #000000\">, rey de Francia, necesitaba ayuda con G\u00e9nova en esta \u00e9poca, por lo que intent\u00f3 que Barbarroja se cambiara de bando. A pesar del rechazo del pirata, el sult\u00e1n Solim\u00e1n y Francisco I ten\u00edan algo en com\u00fan: la enemistad con Carlos I de Espa\u00f1a, por lo que ambos reyes sellan una alianza. Hayredd\u00edn, entonces, se dirigi\u00f3 a G\u00e9nova para conquistarla en nombre del rey franc\u00e9s.<\/span><\/p>\n<p>\u00a0<\/p>\n<p style=\"text-align: justify\"><span style=\"color: #000000\">Barbarroja, ansioso por probar su nueva flota, lleva a cabo en 1534 una de las m\u00e1s terribles incursiones corsarias (<em>raids<\/em>) sobre Italia. Arras\u00f3 las costas de Sicilia, Cerde\u00f1a, la Toscana, Campania y Calabria; incursion\u00f3 en algunas islas italianas como Elba, Capri, Procida o Ponza; y bombarde\u00f3 puertos como los de Cetraro, N\u00e1poles u Ostia. Ocurri\u00f3 que cuando Barbarroja atac\u00f3 el puerto de Ostia las campanas de las iglesias de Roma sonaron para avisar del peligro de la invasi\u00f3n isl\u00e1mica; algunos cardenales pensaron que la ciudad era el objetivo del pirata, por lo que la abandonaron buscando lugares m\u00e1s seguros.<\/span><\/p>\n<figure id=\"attachment_376\" aria-describedby=\"caption-attachment-376\" style=\"width: 430px\" class=\"wp-caption aligncenter\"><img loading=\"lazy\" decoding=\"async\" class=\"size-full wp-image-376  \" src=\"https:\/\/blogs.ua.es\/barbarroja\/files\/2009\/11\/raid.jpg\" alt=\"Incursiones corsarias de Barbarroja por las costas italianas en 1534\" width=\"430\" height=\"437\" srcset=\"https:\/\/blogs.ua.es\/barbarroja\/files\/2009\/11\/raid.jpg 796w, https:\/\/blogs.ua.es\/barbarroja\/files\/2009\/11\/raid-295x300.jpg 295w\" sizes=\"auto, (max-width: 430px) 100vw, 430px\" \/><figcaption id=\"caption-attachment-376\" class=\"wp-caption-text\">Incursiones corsarias de Barbarroja por las costas italianas en 1534<\/figcaption><\/figure>\n<p style=\"text-align: justify\"><span style=\"color: #000000\">Como curiosidad est\u00e1 la historia de <strong><a href=\"http:\/\/en.wikipedia.org\/wiki\/Giulia_Gonzaga\" target=\"_blank\">Giulia Gonzaga<\/a><\/strong>: Hayredd\u00edn quer\u00eda atacar la ciudad de Fondi (ciudad italiana del interior) para capturar a Giulia Gonzaga, famosa por su belleza, y entreg\u00e1rsela al sult\u00e1n; por suerte, seg\u00fan cuentan las fuentes, la joven escap\u00f3. A pesar de esto, Barbarroja arras\u00f3 la ciudad y esclaviz\u00f3 a toda la poblaci\u00f3n.<\/span><\/p>\n<p style=\"text-align: justify\"><span style=\"color: #000000\">Barbarroja y su flota salieron victoriosos en su batalla contra la Cristiandad, adem\u00e1s de obtener tal bot\u00edn en riquezas y esclavos que no sab\u00edan ya d\u00f3nde meterlos.<\/span><\/p>\n<p style=\"text-align: justify\"><span style=\"color: #000000\">Con la excusa de arreglar cuentas con el sult\u00e1n de T\u00fanez, <strong>Muley Hass\u00e1n<\/strong>, el pirata se dispuso a entrar en el pa\u00eds. Pero, en realidad, su viaje devastador por Italia finalizar\u00e1 con una ofensiva contra T\u00fanez, ataque pactado ya con Solim\u00e1n. En 1534, en tan s\u00f3lo dos d\u00edas, conquist\u00f3 T\u00fanez, el mejor puerto de la costa de Berber\u00eda y centro del Mediterr\u00e1neo; tambi\u00e9n tom\u00f3 Cartago y la fortaleza de La Goleta, situada en la entrada de la laguna salada en cuya orilla se encontraba T\u00fanez.<\/span><\/p>\n<figure id=\"attachment_377\" aria-describedby=\"caption-attachment-377\" style=\"width: 360px\" class=\"wp-caption aligncenter\"><img loading=\"lazy\" decoding=\"async\" class=\"size-full wp-image-377 \" src=\"https:\/\/blogs.ua.es\/barbarroja\/files\/2009\/11\/TNEZ_T1.JPG\" alt=\"T\u00fanez (biografiasiniestras)\" width=\"360\" height=\"196\" srcset=\"https:\/\/blogs.ua.es\/barbarroja\/files\/2009\/11\/TNEZ_T1.JPG 400w, https:\/\/blogs.ua.es\/barbarroja\/files\/2009\/11\/TNEZ_T1-300x163.jpg 300w\" sizes=\"auto, (max-width: 360px) 100vw, 360px\" \/><figcaption id=\"caption-attachment-377\" class=\"wp-caption-text\">T\u00fanez (biografiasiniestras)<\/figcaption><\/figure>\n<p style=\"text-align: justify\"><span style=\"color: #000000\">Muley Hass\u00e1n huy\u00f3 de la ciudad y pidi\u00f3 ayuda al rey Carlos, el cual, harto de la tiraner\u00eda mar\u00edtima del pirata, pens\u00f3 que hab\u00eda llegado el momento de intervenir.<\/span><\/p>\n","protected":false},"excerpt":{"rendered":"<p>\u00a0 A partir de 1533, Barbarroja se puso al servicio del sult\u00e1n turco Solim\u00e1n el Magn\u00edfico. Una de las fuentes cuenta que Hayredd\u00edn deseaba servir al nuevo sult\u00e1n para conseguir su protecci\u00f3n, pues tem\u00eda al almirante Andrea Doria, a pesar de que lo hab\u00eda derrotado. El pirata le mandaba cartas hasta que Solim\u00e1n le contest\u00f3 [&hellip;]<\/p>\n","protected":false},"author":1351,"featured_media":0,"parent":0,"menu_order":4,"comment_status":"open","ping_status":"open","template":"","meta":{"footnotes":""},"class_list":["post-357","page","type-page","status-publish","hentry"],"_links":{"self":[{"href":"https:\/\/blogs.ua.es\/barbarroja\/wp-json\/wp\/v2\/pages\/357","targetHints":{"allow":["GET"]}}],"collection":[{"href":"https:\/\/blogs.ua.es\/barbarroja\/wp-json\/wp\/v2\/pages"}],"about":[{"href":"https:\/\/blogs.ua.es\/barbarroja\/wp-json\/wp\/v2\/types\/page"}],"author":[{"embeddable":true,"href":"https:\/\/blogs.ua.es\/barbarroja\/wp-json\/wp\/v2\/users\/1351"}],"replies":[{"embeddable":true,"href":"https:\/\/blogs.ua.es\/barbarroja\/wp-json\/wp\/v2\/comments?post=357"}],"version-history":[{"count":36,"href":"https:\/\/blogs.ua.es\/barbarroja\/wp-json\/wp\/v2\/pages\/357\/revisions"}],"predecessor-version":[{"id":362,"href":"https:\/\/blogs.ua.es\/barbarroja\/wp-json\/wp\/v2\/pages\/357\/revisions\/362"}],"wp:attachment":[{"href":"https:\/\/blogs.ua.es\/barbarroja\/wp-json\/wp\/v2\/media?parent=357"}],"curies":[{"name":"wp","href":"https:\/\/api.w.org\/{rel}","templated":true}]}}