{"id":408,"date":"2009-11-17T16:50:43","date_gmt":"2009-11-17T14:50:43","guid":{"rendered":"https:\/\/blogs.ua.es\/barbarroja\/?page_id=408"},"modified":"2009-11-18T12:46:44","modified_gmt":"2009-11-18T10:46:44","slug":"tunez-barbarroja-contra-carlos-i","status":"publish","type":"page","link":"https:\/\/blogs.ua.es\/barbarroja\/tunez-barbarroja-contra-carlos-i\/","title":{"rendered":"T\u00fanez: Barbarroja vs. Carlos I"},"content":{"rendered":"<p>\u00a0<\/p>\n<figure id=\"attachment_409\" aria-describedby=\"caption-attachment-409\" style=\"width: 435px\" class=\"wp-caption aligncenter\"><img loading=\"lazy\" decoding=\"async\" class=\"size-full wp-image-409  \" src=\"https:\/\/blogs.ua.es\/barbarroja\/files\/2009\/11\/tunez.jpg\" alt=\"Mapa de T\u00fanez (wikipedia)\" width=\"435\" height=\"336\" srcset=\"https:\/\/blogs.ua.es\/barbarroja\/files\/2009\/11\/tunez.jpg 777w, https:\/\/blogs.ua.es\/barbarroja\/files\/2009\/11\/tunez-300x231.jpg 300w\" sizes=\"auto, (max-width: 435px) 100vw, 435px\" \/><figcaption id=\"caption-attachment-409\" class=\"wp-caption-text\">Mapa de T\u00fanez (wikipedia)<\/figcaption><\/figure>\n<p><span style=\"color: #000000\">El monarca <strong>Carlos I<\/strong> de Espa\u00f1a decidi\u00f3, haciendo o\u00eddos sordos a los consejos de los hombres de la Corte, enviar una gran expedici\u00f3n para conquistar <a href=\"http:\/\/es.wikipedia.org\/wiki\/Jornada_de_T%C3%BAnez\" target=\"_blank\">T\u00fanez <\/a>y, de este modo, acabar con el almirante otomano <strong>Barbarroja<\/strong>. El emperador dio m\u00e1xima importancia a este ataque, hasta el punto que \u00e9l mismo se puso al frente de su ej\u00e9rcito.<\/span><\/p>\n<p style=\"text-align: justify\"><span style=\"color: #000000\">Los primeros preparativos se iniciaron en Andaluc\u00eda y Catalu\u00f1a a principios de 1535. A los soldados castellanos y alemanes se sumaron los italianos de Sicilia y <span style=\"color: #000000\">N\u00e1poles, adem\u00e1s de los refuerzos proporcionados por el rey de Portugal <a href=\"http:\/\/es.wikipedia.org\/wiki\/Juan_III_de_Portugal\" target=\"_blank\"><strong>Juan III<\/strong><\/a><\/span><\/span><span style=\"color: #000000\">, el papado, la Orden de los <strong>Caballeros de San Juan<\/strong> y <span style=\"color: #000000\">G\u00e9nova. 35.000 combatientes cristianos formaban este ejercito internacional<\/span><\/span><span style=\"color: #000000\">, a cuyo mando estaba el Emperador y representantes de la nobleza castellana como el <a href=\"http:\/\/es.wikipedia.org\/wiki\/Condado_de_Benavente\" target=\"_blank\"><strong>conde de Benavente<\/strong><\/a><\/span> <span style=\"color: #000000\">o el <strong><a href=\"https:\/\/blogs.ua.es\/duquedealba\/\" target=\"_blank\">duque de Alba<\/a><\/strong><span style=\"color: #000000\">.<\/span><\/span><span style=\"color: #000000\">La armada sali\u00f3 de Barcelona en junio de 1535 y se uni\u00f3 a los soldados italianos en Cerde\u00f1a. Adem\u00e1s, la acci\u00f3n contaba con 400 barcos de guerra comandados por <strong>Andrea Doria<\/strong>, gran enemigo de Barbarroja, mientras que a cargo de la infanter\u00eda estaba el <strong><a href=\"http:\/\/www.biografiasyvidas.com\/biografia\/v\/vasto.htm\" target=\"_blank\">marqu\u00e9s de Vasto<\/a><\/strong>.<\/span><\/p>\n<figure id=\"attachment_418\" aria-describedby=\"caption-attachment-418\" style=\"width: 427px\" class=\"wp-caption aligncenter\"><img loading=\"lazy\" decoding=\"async\" class=\"size-full wp-image-418  \" src=\"https:\/\/blogs.ua.es\/barbarroja\/files\/2009\/11\/revista-tropas-barcelona.jpg\" alt=\"Revista de las tropas cristianas en Barcelona (paradoxplaza)\" width=\"427\" height=\"324\" srcset=\"https:\/\/blogs.ua.es\/barbarroja\/files\/2009\/11\/revista-tropas-barcelona.jpg 593w, https:\/\/blogs.ua.es\/barbarroja\/files\/2009\/11\/revista-tropas-barcelona-300x227.jpg 300w\" sizes=\"auto, (max-width: 427px) 100vw, 427px\" \/><figcaption id=\"caption-attachment-418\" class=\"wp-caption-text\">Revista de las tropas cristianas en Barcelona (paradoxplaza)<\/figcaption><\/figure>\n<p style=\"text-align: justify\"><span style=\"color: #000000\">Desde Cerde\u00f1a la flota se dirigi\u00f3 al norte de \u00c1frica y lleg\u00f3 a la costa tunecina a mediados de junio. Barbarroja no impidi\u00f3 el desembarco porque crey\u00f3 que, para frenar el avance de los cristianos, ser\u00eda suficiente la fortaleza de La Goleta, pues hab\u00eda mandado all\u00ed a 80.000 soldados al mando de <strong>Sin\u00e1n el Jud\u00edo<\/strong> y un buen n\u00famero de <em>jen\u00edzaros<\/em>.<\/span><\/p>\n<figure id=\"attachment_419\" aria-describedby=\"caption-attachment-419\" style=\"width: 225px\" class=\"wp-caption alignleft\"><img loading=\"lazy\" decoding=\"async\" class=\"size-full wp-image-419 \" src=\"https:\/\/blogs.ua.es\/barbarroja\/files\/2009\/11\/La-goleta.jpg\" alt=\"Bombardeo y asedio de La Goleta (artehistoria)\" width=\"225\" height=\"381\" srcset=\"https:\/\/blogs.ua.es\/barbarroja\/files\/2009\/11\/La-goleta.jpg 281w, https:\/\/blogs.ua.es\/barbarroja\/files\/2009\/11\/La-goleta-177x300.jpg 177w\" sizes=\"auto, (max-width: 225px) 100vw, 225px\" \/><figcaption id=\"caption-attachment-419\" class=\"wp-caption-text\">Bombardeo y asedio de La Goleta (artehistoria)<\/figcaption><\/figure>\n<p style=\"text-align: justify\"><span style=\"color: #000000\">Al llegar a La Goleta, los generales espa\u00f1oles vieron que ser\u00eda necesario organizar un sitio. Los cristianos, no acostumbrados a ese tipo de clima, comenzaron a sufrir las altas temperaturas; adem\u00e1s, los musulmanes, desde los alrededores, organizaban constantes emboscadas. Tras casi un mes en el lugar, el rey Carlos comprendi\u00f3 que su \u00fanica oportunidad era realizar un ataque definitivo.<\/span><\/p>\n<p style=\"text-align: justify\"><span style=\"color: #000000\">Tanto desde tierra como desde la armada de Andrea Doria se lanz\u00f3 un intenso bombardeo que provoc\u00f3 la ca\u00edda de la torre principal de la fortaleza. La infanter\u00eda cristiana escal\u00f3 la muralla y los soldados turcos tuvieron que huir. Carlos I hab\u00eda conseguido dar un paso adelante hacia T\u00fanez.<\/span><\/p>\n<p style=\"text-align: justify\"><span style=\"color: #000000\">En La Goleta, el rey espa\u00f1ol encontr\u00f3 ca\u00f1ones con la marca de la <a href=\"http:\/\/es.wikipedia.org\/wiki\/Flor_de_lis\" target=\"_blank\">flor de Lys francesa<\/a>\u00a0y, seg\u00fan otras fuentes, cartas que <strong>Solim\u00e1n I el Magn\u00edfico<\/strong> y <strong>Francisco I<\/strong> de Francia se hab\u00edan intercambiado para concretar los detalles de su alianza. De este modo se descubre la traici\u00f3n a la Cristiandad del monarca franc\u00e9s.<\/span><\/p>\n<p style=\"text-align: justify\"><span style=\"color: #000000\">El ej\u00e9rcito cristiano se apodera de 85 barcos y 200 piezas de artiller\u00eda de Barbarroja. Aunque algunos generales le aconsejaron retirarse, el Emperador orden\u00f3 proseguir y marchar hacia T\u00fanez, situada a unos 10 kil\u00f3metros de distancia. El camino era como el infierno para los espa\u00f1oles, que mor\u00edan de calor y sed. Carlos I dirigi\u00f3 a su ejercito a unos pozos de agua pr\u00f3ximos a la ciudad, pero all\u00ed los esperaba Barbarroja y sus tropas; los cristianos supieron hacer frente a esta emboscada turca.<\/span><\/p>\n<p style=\"text-align: justify\"><span style=\"color: #000000\">A mediados de julio, el ej\u00e9rcito de la Cristiandad lleg\u00f3 a T\u00fanez. Los ataques de los turcos eran muy fuertes y, esta vez, Carlos I no contaba con la ayuda de Andrea Doria. Necesitaba un milagro para vencer a Barbarroja y ese milagro sucedi\u00f3: m\u00e1s de 20.000 cautivos cristianos de T\u00fanez aprovecharon la salida de los musulmanes para alzarse en armas. Un espa\u00f1ol, <strong>Francisco Medell\u00edn<\/strong>, y un italiano, <strong>Vicente de C\u00e1taro<\/strong>, encabezaron el ataque. Los cautivos mataron a sus guardianes y permitieron la entrada de los soldados cristianos en la ciudad.<\/span><\/p>\n<p><span style=\"color: #000000\"><\/p>\n<figure id=\"attachment_424\" aria-describedby=\"caption-attachment-424\" style=\"width: 269px\" class=\"wp-caption aligncenter\"><img loading=\"lazy\" decoding=\"async\" class=\"size-full wp-image-424 \" src=\"https:\/\/blogs.ua.es\/barbarroja\/files\/2009\/11\/guerradetunezfx7.jpg\" alt=\"Guerra de T\u00fanez (latabernadelpuerto)\" width=\"269\" height=\"360\" srcset=\"https:\/\/blogs.ua.es\/barbarroja\/files\/2009\/11\/guerradetunezfx7.jpg 336w, https:\/\/blogs.ua.es\/barbarroja\/files\/2009\/11\/guerradetunezfx7-224x300.jpg 224w\" sizes=\"auto, (max-width: 269px) 100vw, 269px\" \/><figcaption id=\"caption-attachment-424\" class=\"wp-caption-text\">Guerra de T\u00fanez (latabernadelpuerto)<\/figcaption><\/figure>\n<p><\/span><\/p>\n<p style=\"text-align: justify\"><span style=\"color: #000000\">Barbarroja comprendi\u00f3 que no pod\u00eda hacer frente a enemigos externos e internos y realizar\u00e1 una hu\u00edda envuelta de leyenda en la que se aprecia su indiscutible genialidad. Hayredd\u00edn huye hacia la ciudad de Bona, donde est\u00e1 parte de su flota, y Andrea Doria, conociendo sus intenciones, env\u00eda a su sobrino a la ciudad para que destruya las naves del corsario; pero, cuando \u00e9ste llega, descubre que en el puerto no hay ning\u00fan barco, por lo que pens\u00f3 que hab\u00eda llegado demasiado tarde. Lo que ocurri\u00f3 en realidad fue que el pirata hab\u00eda dado la orden de sumergir los barcos para que el puerto pareciera vac\u00edo y, cuando lleg\u00f3 a Bona, s\u00f3lo tuvo que reflotarlos para dirigirse a Argel. Las fuentes hablan de la furia que Doria descarg\u00f3 contra su sobrino por permitir que Barbarroja escapara.<\/span><\/p>\n<figure id=\"attachment_423\" aria-describedby=\"caption-attachment-423\" style=\"width: 216px\" class=\"wp-caption alignright\"><img loading=\"lazy\" decoding=\"async\" class=\"size-full wp-image-423   \" src=\"https:\/\/blogs.ua.es\/barbarroja\/files\/2009\/11\/saqueo.jpg\" alt=\"Los espa\u00f1oles haciendo esclavos en T\u00fanez (revista historia National Geographic)\" width=\"216\" height=\"203\" srcset=\"https:\/\/blogs.ua.es\/barbarroja\/files\/2009\/11\/saqueo.jpg 500w, https:\/\/blogs.ua.es\/barbarroja\/files\/2009\/11\/saqueo-300x280.jpg 300w\" sizes=\"auto, (max-width: 216px) 100vw, 216px\" \/><figcaption id=\"caption-attachment-423\" class=\"wp-caption-text\">Los espa\u00f1oles haciendo esclavos en T\u00fanez (revista historia National Geographic)<\/figcaption><\/figure>\n<p style=\"text-align: justify\"><span style=\"color: #000000\">Los cristianos tomaron la plaza de T\u00fanez y Carlos I permiti\u00f3 que sus soldados hiciesen miles de esclavos (exactamente 18.000) y saquearan la ciudad durante tres d\u00edas, lo cual ha pasado a la historia como uno de los saqueos espa\u00f1oles m\u00e1s salvajes. El Emperador firm\u00f3 un tratado con <strong>Muley Hass\u00e1n<\/strong>, antiguo gobernador de T\u00fanez, al que repuso en el gobierno con la condici\u00f3n de que le sirviese como vasallo. En agosto de 1535, la flota regresar\u00e1 a Italia.<\/span><\/p>\n<p style=\"text-align: justify\"><span style=\"color: #000000\">\u00a0<\/span><\/p>\n<p style=\"text-align: justify\"><span style=\"color: #000000\">Barbarroja, nada m\u00e1s llegar a Argel, comenzar\u00e1 a preparar su venganza.<\/span><\/p>\n<p style=\"text-align: justify\">\u00a0<\/p>\n","protected":false},"excerpt":{"rendered":"<p>\u00a0 El monarca Carlos I de Espa\u00f1a decidi\u00f3, haciendo o\u00eddos sordos a los consejos de los hombres de la Corte, enviar una gran expedici\u00f3n para conquistar T\u00fanez y, de este modo, acabar con el almirante otomano Barbarroja. El emperador dio m\u00e1xima importancia a este ataque, hasta el punto que \u00e9l mismo se puso al frente [&hellip;]<\/p>\n","protected":false},"author":1351,"featured_media":0,"parent":0,"menu_order":5,"comment_status":"open","ping_status":"open","template":"","meta":{"footnotes":""},"class_list":["post-408","page","type-page","status-publish","hentry"],"_links":{"self":[{"href":"https:\/\/blogs.ua.es\/barbarroja\/wp-json\/wp\/v2\/pages\/408","targetHints":{"allow":["GET"]}}],"collection":[{"href":"https:\/\/blogs.ua.es\/barbarroja\/wp-json\/wp\/v2\/pages"}],"about":[{"href":"https:\/\/blogs.ua.es\/barbarroja\/wp-json\/wp\/v2\/types\/page"}],"author":[{"embeddable":true,"href":"https:\/\/blogs.ua.es\/barbarroja\/wp-json\/wp\/v2\/users\/1351"}],"replies":[{"embeddable":true,"href":"https:\/\/blogs.ua.es\/barbarroja\/wp-json\/wp\/v2\/comments?post=408"}],"version-history":[{"count":25,"href":"https:\/\/blogs.ua.es\/barbarroja\/wp-json\/wp\/v2\/pages\/408\/revisions"}],"predecessor-version":[{"id":443,"href":"https:\/\/blogs.ua.es\/barbarroja\/wp-json\/wp\/v2\/pages\/408\/revisions\/443"}],"wp:attachment":[{"href":"https:\/\/blogs.ua.es\/barbarroja\/wp-json\/wp\/v2\/media?parent=408"}],"curies":[{"name":"wp","href":"https:\/\/api.w.org\/{rel}","templated":true}]}}