{"id":453,"date":"2009-11-25T10:05:13","date_gmt":"2009-11-25T08:05:13","guid":{"rendered":"https:\/\/blogs.ua.es\/barbarroja\/?page_id=453"},"modified":"2009-11-25T14:20:37","modified_gmt":"2009-11-25T12:20:37","slug":"batallas-de-preveza-y-argel","status":"publish","type":"page","link":"https:\/\/blogs.ua.es\/barbarroja\/batallas-de-preveza-y-argel\/","title":{"rendered":"Batallas de Preveza y Argel"},"content":{"rendered":"<figure id=\"attachment_466\" aria-describedby=\"caption-attachment-466\" style=\"width: 194px\" class=\"wp-caption aligncenter\"><img loading=\"lazy\" decoding=\"async\" class=\"size-full wp-image-466\" src=\"https:\/\/blogs.ua.es\/barbarroja\/files\/2009\/11\/OSMANLI_DENIZCILIK_243-copia.jpg\" alt=\"Hayredd\u00edn Barbarroja (biografiassiniestras)\" width=\"194\" height=\"237\" \/><figcaption id=\"caption-attachment-466\" class=\"wp-caption-text\">Hayredd\u00edn Barbarroja (biografiassiniestras)<\/figcaption><\/figure>\n<p style=\"text-align: justify\"><span style=\"color: #000000\">Argel se convirti\u00f3 en el refugio de <strong>Barbarroja<\/strong> cuando \u00e9ste tuvo que huir de T\u00fanez para salvar su vida de los furiosos cristianos. All\u00ed puso todo su empe\u00f1o en reorganizar la flota otomana y, de nuevo, tomar la represalia, pues hab\u00eda sido vencido y humillado por sus grandes enemigos.<\/span><\/p>\n<p style=\"text-align: justify\"><span style=\"color: #000000\">Barbarroja fue llamado a Estambul por el sult\u00e1n <strong>Solim\u00e1n el Magn\u00edfico<\/strong>. Sali\u00f3 armado con una gran flota, porque, por supuesto, no se dirig\u00eda directamente a la capital del Imperio otomano, sino que primero fue a vengarse del rey espa\u00f1ol atacando las Baleares. Hayredd\u00edn orden\u00f3 a sus marinos que se vistiesen de cristianos y que hiciesen lo mismo con las galeras; de este modo, cuando atracaron en el puerto de Mahon (Menorca), los habitantes pensaron que era la victoriosa armada imperial y no se protegieron de su llegada.<\/span><\/p>\n<figure id=\"attachment_465\" aria-describedby=\"caption-attachment-465\" style=\"width: 350px\" class=\"wp-caption aligncenter\"><img loading=\"lazy\" decoding=\"async\" class=\"size-full wp-image-465 \" src=\"https:\/\/blogs.ua.es\/barbarroja\/files\/2009\/11\/mahon1.jpg\" alt=\"Mapa del puerto de Mahon, en Menorca (paradoxplaza)\" width=\"350\" height=\"251\" srcset=\"https:\/\/blogs.ua.es\/barbarroja\/files\/2009\/11\/mahon1.jpg 500w, https:\/\/blogs.ua.es\/barbarroja\/files\/2009\/11\/mahon1-300x215.jpg 300w\" sizes=\"auto, (max-width: 350px) 100vw, 350px\" \/><figcaption id=\"caption-attachment-465\" class=\"wp-caption-text\">Mapa del puerto de Mahon, en Menorca (paradoxplaza)<\/figcaption><\/figure>\n<p style=\"text-align: justify\"><span style=\"color: #000000\">Las fuentes cuentan que el gobernador de la isla, <strong>Mosen Oliver<\/strong>, qued\u00f3 fuera de la ciudad cuando Barbarroja la cerc\u00f3 y no sab\u00eda c\u00f3mo entrar para poder avisar a sus ciudadanos del inesperado ataque. En el mejor momento un bandolero menorqu\u00edn se ofreci\u00f3 a penetrar en la ciudad y avisar a la poblaci\u00f3n si le retiraban la pena, a lo cual el gobernador acept\u00f3; los habitantes fueron avisados de la farsa y comenzaron a defenderse. A pesar de esto, Barbarroja y sus hombres se llevaron todo lo que pudieron y m\u00e1s, pues incluso robaron las aldabas y cerrojos de las puertas. El caso de Mahon es s\u00f3lo un ejemplo de tantos puertos que fueron destruidos y saqueados por la flota otomana, pues, durante meses, Hayredd\u00edn se dedic\u00f3 a obtener el m\u00e1ximo bot\u00edn posible para consumar su venganza.<\/span><\/p>\n<p style=\"text-align: justify\"><span style=\"color: #000000\">En 1536 el pirata lleg\u00f3 a Estambul y el sult\u00e1n le encarg\u00f3 tomar el mando del ataque naval otomano contra el <a href=\"http:\/\/es.wikipedia.org\/wiki\/Reino_de_N%C3%A1poles\" target=\"_blank\">Reino de N\u00e1poles<\/a> de los <a href=\"http:\/\/es.wikipedia.org\/wiki\/Casa_de_Austria\" target=\"_blank\">Habsburgo<\/a>. Un a\u00f1o despu\u00e9s, Barbarroja captura las ciudades italianas de Otranto y Ugento, y la fortaleza de Castro.<\/span><\/p>\n<p style=\"text-align: justify\"><span style=\"color: #000000\">La expansi\u00f3n del Imperio otomano provoc\u00f3 una crisis econ\u00f3mica en la Rep\u00fablica de Venecia, que se ve incapaz de continuar la guerra contra el infiel. La primera solucion que llev\u00f3 a cabo fue firmar un pacto con los turcos en el a\u00f1o 1538, pero Barbarroja rompi\u00f3 el acuerdo, ya que sigui\u00f3 atacando por mar; incluso se veng\u00f3 de los venecianos atacando sus islas egeas y j\u00f3nicas, arrebat\u00e1ndoles Corf\u00fa (Grecia) e incursionando en Calabria (Italia). La segunda medida que tom\u00f3 Venecia fue aliarse con el <a href=\"http:\/\/es.wikipedia.org\/wiki\/Paulo_III\" target=\"_blank\"><strong>Papa<\/strong> <strong>Pablo III<\/strong><\/a> y con <strong>Carlos I<\/strong> de Espa\u00f1a contra Solim\u00e1n. Las naves venecianas, dirigidas por el capitan <strong>Domingo Capello<\/strong>, las papales, capitaneadas por <strong>Marco Grimano<\/strong>, junto con las imperiales, comandadas por <strong>Andrea Doria<\/strong> y don <strong>Fernando de Gonzaga<\/strong>, formaron la Liga Santa. Es una de las mayores movilizaciones armadas del siglo XVI, con lo que podemos llegar a entender lo hartos y desesperados que estaban los cristianos por deshacerse de los turcos. La enorme flota cristiana fue en b\u00fasqueda de Barbarroja, que se encontraba en Preveza (Grecia).<\/span><\/p>\n<p style=\"text-align: justify\"><span style=\"color: #000000\">La <a href=\"http:\/\/es.wikipedia.org\/wiki\/Batalla_de_Preveza\" target=\"_blank\">Batalla de Preveza<\/a> (1538) ser\u00e1 recordada como uno de los episodios m\u00e1s vergonzosos de los cristianos. La armada de la Liga Santa contaba con unos 300 barcos y 60.000 soldados, frente a los 122 barcos y 20.000 soldados del Imperio otomano. Las condiciones climatol\u00f3gicas fueron adversas, lo que dificult\u00f3 el ataque cristiano, pero, seg\u00fan otras fuentes, la derrota se debi\u00f3 a una mala estrategia: Andrea Doria estaba dentro de la bah\u00eda de Preveza y permaneci\u00f3 all\u00ed demasiado tiempo, pues la flota otomana estaba ya muy pr\u00f3xima; la salida fue dificultosa y el despliegue no era f\u00e1cil, lo que aprovech\u00f3 el pirata turco para realizar un ataque r\u00e1pido y destructivo. Por tanto, a pesar de la clara desventaja num\u00e9rica de la flota de Barbarroja, Doria acab\u00f3 por dar la orden de retirada.<\/span><\/p>\n<figure id=\"attachment_469\" aria-describedby=\"caption-attachment-469\" style=\"width: 384px\" class=\"wp-caption aligncenter\"><img loading=\"lazy\" decoding=\"async\" class=\"size-full wp-image-469  \" src=\"https:\/\/blogs.ua.es\/barbarroja\/files\/2009\/11\/Battle_of_Preveza.gif\" alt=\"Batalla de Preveza (biblioteca-tercer-milenio)\" width=\"384\" height=\"239\" srcset=\"https:\/\/blogs.ua.es\/barbarroja\/files\/2009\/11\/Battle_of_Preveza.gif 800w, https:\/\/blogs.ua.es\/barbarroja\/files\/2009\/11\/Battle_of_Preveza-300x187.gif 300w\" sizes=\"auto, (max-width: 384px) 100vw, 384px\" \/><figcaption id=\"caption-attachment-469\" class=\"wp-caption-text\">Batalla de Preveza (biblioteca-tercer-milenio)<\/figcaption><\/figure>\n<p style=\"text-align: justify\"><span style=\"color: #000000\">Durante 33 a\u00f1os el Mediterr\u00e1neo ser\u00eda un mar turco (hasta la <a href=\"http:\/\/es.wikipedia.org\/wiki\/Batalla_de_Lepanto\" target=\"_blank\">Batalla de Lepanto<\/a> en 1571).<\/span><\/p>\n<figure id=\"attachment_470\" aria-describedby=\"caption-attachment-470\" style=\"width: 221px\" class=\"wp-caption alignright\"><img loading=\"lazy\" decoding=\"async\" class=\"size-full wp-image-470  \" src=\"https:\/\/blogs.ua.es\/barbarroja\/files\/2009\/11\/turcos-lanzando-proyectiles-humanos-filibusteros.jpg\" alt=\"Piratas turcos lanzando proyectiles humanos (filibusterosdeaguadulce)\" width=\"221\" height=\"123\" srcset=\"https:\/\/blogs.ua.es\/barbarroja\/files\/2009\/11\/turcos-lanzando-proyectiles-humanos-filibusteros.jpg 306w, https:\/\/blogs.ua.es\/barbarroja\/files\/2009\/11\/turcos-lanzando-proyectiles-humanos-filibusteros-300x167.jpg 300w\" sizes=\"auto, (max-width: 221px) 100vw, 221px\" \/><figcaption id=\"caption-attachment-470\" class=\"wp-caption-text\">Piratas turcos lanzando proyectiles humanos (filibusterosdeaguadulce)<\/figcaption><\/figure>\n<p style=\"text-align: justify\"><span style=\"color: #000000\">Andrea Doria, un a\u00f1o despu\u00e9s, quiso tomar la revancha conquistando la ciudad de Castilnovo (en la costa de Dalmacia, Croacia), pero Solim\u00e1n mand\u00f3 a tiempo a Barbarroja, que acab\u00f3 expulsando al almirante genov\u00e9s. Hayredd\u00edn captur\u00f3 algunas ciudades griegas como Sk\u00edathos, Andros y Serifos. Tambi\u00e9n el castillo de Risan, la fortaleza veneciana de Cattaro y la espa\u00f1ola de Santa Veneranda. Finalmente regres\u00f3 a Estambul.<\/span><\/p>\n<p style=\"text-align: justify\"><span style=\"color: #000000\">La Rep\u00fablica de Venecia, sinti\u00e9ndose derrotada tras el fracaso de Preveza, firma un tratado de paz con Solim\u00e1n en 1540, con el cual reconocen las conquistas turcas y pagan 300.000 ducados de oro.<\/span><\/p>\n<p style=\"text-align: justify\"><span style=\"color: #000000\">\u00a0<\/span><\/p>\n<p style=\"text-align: justify\"><span style=\"color: #000000\">En 1541 Carlos I decidi\u00f3, tras regresar de visitar a los reyes de Alemania y Francia, repetir la experiencia de T\u00fanez atacando Argel. Otras fuentes cuentan que el rey espa\u00f1ol mantuvo conversaciones secretas con Barbarroja para que abandonara al sult\u00e1n, otorg\u00e1ndole el cargo de almirante jefe de su flota y el gobierno del Norte de \u00c1frica, pero el pirata rechaz\u00f3 su oferta. Entonces, Carlos I, enfadado, decidi\u00f3 conquistar Argel. Lo primero que hizo el rey fue escribir a los capitanes <strong>Duque de Alba<\/strong> y don <a href=\"http:\/\/es.wikipedia.org\/wiki\/Bernardino_de_Mendoza\" target=\"_blank\"><strong>Bernardino de Mendoza<\/strong> <\/a>para que prepararan la armada. Debido a una deficiente planificaci\u00f3n, la expedici\u00f3n se retras\u00f3 hasta principios de oto\u00f1o; sus hombres de confianza intentaron disuadirlo, porque no era la temporada m\u00e1s id\u00f3nea para una guerra, pero Carlos sigui\u00f3 adelante. As\u00ed, cuando el rey espa\u00f1ol desembarc\u00f3 en la ciudad de Argel, unas tormentas dispersaron la flota y la lucha por tierra tampoco tuvo mucho \u00e9xito. El monarca tuvo que huir dej\u00e1ndose en esa guerra muchos hombres, embarcaciones, dinero y prestigio.<\/span><\/p>\n<figure id=\"attachment_472\" aria-describedby=\"caption-attachment-472\" style=\"width: 326px\" class=\"wp-caption aligncenter\"><img loading=\"lazy\" decoding=\"async\" class=\"size-full wp-image-472     \" src=\"https:\/\/blogs.ua.es\/barbarroja\/files\/2009\/11\/desgraciada-emprese-contra-argel.jpg\" alt=\"Desgraciada empresa contra Argel, 1541 (revista historia National Geographic)\" width=\"326\" height=\"232\" srcset=\"https:\/\/blogs.ua.es\/barbarroja\/files\/2009\/11\/desgraciada-emprese-contra-argel.jpg 943w, https:\/\/blogs.ua.es\/barbarroja\/files\/2009\/11\/desgraciada-emprese-contra-argel-300x214.jpg 300w\" sizes=\"auto, (max-width: 326px) 100vw, 326px\" \/><figcaption id=\"caption-attachment-472\" class=\"wp-caption-text\">Desgraciada empresa contra Argel, 1541 (Historia de los Barbarroja, L\u00f3pez de G\u00f3mara)<\/figcaption><\/figure>\n<p style=\"text-align: justify\"><span style=\"color: #000000\">A partir de este estrepitoso fracaso Carlos I se ir\u00e1 desentendiendo de los asuntos de Berber\u00eda y se centrar\u00e1 en el centro de Europa, que tambi\u00e9n estaba amenazado por los otomanos.<\/span><\/p>\n","protected":false},"excerpt":{"rendered":"<p>Argel se convirti\u00f3 en el refugio de Barbarroja cuando \u00e9ste tuvo que huir de T\u00fanez para salvar su vida de los furiosos cristianos. All\u00ed puso todo su empe\u00f1o en reorganizar la flota otomana y, de nuevo, tomar la represalia, pues hab\u00eda sido vencido y humillado por sus grandes enemigos. Barbarroja fue llamado a Estambul por [&hellip;]<\/p>\n","protected":false},"author":1351,"featured_media":0,"parent":0,"menu_order":6,"comment_status":"open","ping_status":"open","template":"","meta":{"footnotes":""},"class_list":["post-453","page","type-page","status-publish","hentry"],"_links":{"self":[{"href":"https:\/\/blogs.ua.es\/barbarroja\/wp-json\/wp\/v2\/pages\/453","targetHints":{"allow":["GET"]}}],"collection":[{"href":"https:\/\/blogs.ua.es\/barbarroja\/wp-json\/wp\/v2\/pages"}],"about":[{"href":"https:\/\/blogs.ua.es\/barbarroja\/wp-json\/wp\/v2\/types\/page"}],"author":[{"embeddable":true,"href":"https:\/\/blogs.ua.es\/barbarroja\/wp-json\/wp\/v2\/users\/1351"}],"replies":[{"embeddable":true,"href":"https:\/\/blogs.ua.es\/barbarroja\/wp-json\/wp\/v2\/comments?post=453"}],"version-history":[{"count":21,"href":"https:\/\/blogs.ua.es\/barbarroja\/wp-json\/wp\/v2\/pages\/453\/revisions"}],"predecessor-version":[{"id":463,"href":"https:\/\/blogs.ua.es\/barbarroja\/wp-json\/wp\/v2\/pages\/453\/revisions\/463"}],"wp:attachment":[{"href":"https:\/\/blogs.ua.es\/barbarroja\/wp-json\/wp\/v2\/media?parent=453"}],"curies":[{"name":"wp","href":"https:\/\/api.w.org\/{rel}","templated":true}]}}