{"id":534,"date":"2009-12-03T15:01:23","date_gmt":"2009-12-03T13:01:23","guid":{"rendered":"https:\/\/blogs.ua.es\/barbarroja\/?page_id=534"},"modified":"2009-12-04T15:27:53","modified_gmt":"2009-12-04T13:27:53","slug":"pacifico-final","status":"publish","type":"page","link":"https:\/\/blogs.ua.es\/barbarroja\/pacifico-final\/","title":{"rendered":"Pac\u00edfico final"},"content":{"rendered":"<figure id=\"attachment_112\" aria-describedby=\"caption-attachment-112\" style=\"width: 153px\" class=\"wp-caption alignright\"><img loading=\"lazy\" decoding=\"async\" class=\"size-full wp-image-112 \" src=\"https:\/\/blogs.ua.es\/barbarroja\/files\/2009\/10\/Chaireddin_Barbarossa-siglo-XVI.jpg\" alt=\"Hayredd\u00edn Barbarroja (wikipedia)\" width=\"153\" height=\"350\" \/><figcaption id=\"caption-attachment-112\" class=\"wp-caption-text\">Hayredd\u00edn Barbarroja (wikipedia)<\/figcaption><\/figure>\n<p style=\"text-align: justify\"><span style=\"color: #000000\">En 1545 <strong>Hayredd\u00edn <\/strong><strong>Barbarroja<\/strong> se retir\u00f3 definitivamente a Estambul para descansar y disfrutar de su fortuna despu\u00e9s de alrededor de 30 a\u00f1os de pirater\u00eda y vida en la mar.<\/span><\/p>\n<p style=\"text-align: justify\"><span style=\"color: #000000\"><span style=\"color: #000000\">M<\/span>and\u00f3 construir un palacio en el barrio <em>B\u00fcy\u00fckdere<\/em>, situado al noroeste de las costas del estrecho del <a href=\"http:\/\/www.cervantes.org.tr\/articulo.asp?index=4\" target=\"_blank\">B\u00f3sforo<\/a>. Algunas fuentes dicen que en realidad no se hab\u00eda retirado, sino que estaba planificando la creaci\u00f3n de una nueva armada.<\/span><\/p>\n<p style=\"text-align: justify\"><span style=\"color: #000000\">Parece ser que, inseguro ante la posibilidad de dejar su gobierno de Argel y que las flotas espa\u00f1olas intentasen de nuevo conquistar la rep\u00fablica, nombr\u00f3 a su \u00fanico hijo <strong>Hasan<\/strong> (o Asan-Aga) gobernador, tanto de Argel como de los territorios del norte de \u00c1frica. Otras fuentes explican que Hasan no era su hijo, sino el capit\u00e1n mayor de los <em>jen\u00edzaros<\/em>.<\/span><\/p>\n<p style=\"text-align: justify\"><span style=\"color: #000000\">Dict\u00f3 sus memorias a <strong>Muradi Sinan Reis<\/strong>. Se trata de 5 vol\u00famenes conocidos como <em><span style=\"text-decoration: underline\">Gazavat Hayreddin Pasa<\/span><\/em> (<span style=\"text-decoration: underline\">Memories of Jeiredd\u00edn Pasha<\/span>).<\/span><\/p>\n<p style=\"text-align: justify\"><span style=\"color: #000000\">Barbarroja muri\u00f3 en 1546. Y no muri\u00f3 como un gran h\u00e9roe en combate como su hermano <strong>Aruj<\/strong>, sino en la cama como un anciano de 71 a\u00f1os. La causa de la muerte fueron, literalmente, \u201cunas recias calenturas\u201d; seg\u00fan algunas fuentes, fueron calenturas provocadas por las exigencias amorosas de su \u00faltima y joven esposa.<\/span><\/p>\n<figure id=\"attachment_528\" aria-describedby=\"caption-attachment-528\" style=\"width: 161px\" class=\"wp-caption alignleft\"><img loading=\"lazy\" decoding=\"async\" class=\"size-medium wp-image-528  \" src=\"https:\/\/blogs.ua.es\/barbarroja\/files\/2009\/12\/yesil-turbe-kendimenotlar-224x300.jpg\" alt=\"Mausoleo Verde, lugar donde est\u00e1 enterrado el pirata (kendimenotlar)\" width=\"161\" height=\"216\" srcset=\"https:\/\/blogs.ua.es\/barbarroja\/files\/2009\/12\/yesil-turbe-kendimenotlar-224x300.jpg 224w, https:\/\/blogs.ua.es\/barbarroja\/files\/2009\/12\/yesil-turbe-kendimenotlar.jpg 590w\" sizes=\"auto, (max-width: 161px) 100vw, 161px\" \/><figcaption id=\"caption-attachment-528\" class=\"wp-caption-text\">Mausoleo Verde, lugar donde est\u00e1 enterrado el pirata (kendimenotlar)<\/figcaption><\/figure>\n<p style=\"text-align: justify\"><span style=\"color: #000000\">Hayredd\u00edn fue enterrado y sigue enterrado en el llamado Mausoleo Verde<\/span> (<span style=\"color: #000000\"><a href=\"http:\/\/www.worldlingo.com\/ma\/enwiki\/es\/Turbe\" target=\"_blank\">Yesil Turbe<\/a><\/span><span style=\"color: #000000\">) cerca del puerto del distrito de <em>Besiktas<\/em>, en la zona europea de Estambul, lugar donde sol\u00eda reunirse con su flota. El mausoleo fue construido en 1541 por el famoso arquitecto <strong><a href=\"http:\/\/es.wikipedia.org\/wiki\/Sinan\" target=\"_blank\">Sinan<\/a><\/strong>.<\/span><\/p>\n<p><span style=\"color: #000000\">\u00a0<\/span><\/p>\n<p style=\"text-align: justify\"><span style=\"color: #000000\">Las leyendas sobre Barbarroja continuaron a pesar de su muerte, llegando incluso a nuestros d\u00edas. Los turcos contaban que su cuerpo fue hallado varias veces fuera de su sepultura, hasta que un hechicero griego lo enterr\u00f3 junto a un perro muerto. A\u00f1os despu\u00e9s, los otomanos, antes de entrar en combate, iban a su tumba y le rend\u00edan homenaje. En el epitafio de su tumba estaba escrita la frase:<em> <\/em>\u201c<em>Esta es la tumba del guerrero de la fe, el almirante Hayreddin Baj\u00e1, conquistador de Argel y T\u00fanez. Dios (Al\u00e1) lo tenga en su misericordia<\/em>\u201d.<\/span><\/p>\n<p style=\"text-align: justify\"><span style=\"color: #000000\">\u00a0<\/span><span style=\"color: #000000\">En 1944 se construy\u00f3 junto al mausoleo un monumento en su honor.<\/span><\/p>\n<figure id=\"attachment_541\" aria-describedby=\"caption-attachment-541\" style=\"width: 326px\" class=\"wp-caption aligncenter\"><img loading=\"lazy\" decoding=\"async\" class=\"size-full wp-image-541 \" src=\"https:\/\/blogs.ua.es\/barbarroja\/files\/2009\/12\/monumento-B.jpg\" alt=\"Monumento en honor a Barbarroja (wikipedia\/cervantes)\" width=\"326\" height=\"253\" srcset=\"https:\/\/blogs.ua.es\/barbarroja\/files\/2009\/12\/monumento-B.jpg 466w, https:\/\/blogs.ua.es\/barbarroja\/files\/2009\/12\/monumento-B-300x232.jpg 300w\" sizes=\"auto, (max-width: 326px) 100vw, 326px\" \/><figcaption id=\"caption-attachment-541\" class=\"wp-caption-text\">Monumento en honor a Barbarroja (wikipedia\/cervantes)<\/figcaption><\/figure>\n<p style=\"text-align: justify\"><span style=\"color: #000000\">Conviene recordar que Barbarroja realiz\u00f3 haza\u00f1as importantes, como el hecho de que cre\u00f3 las bases del estado corsario de <a href=\"http:\/\/es.wikipedia.org\/wiki\/Argel\" target=\"_blank\">Argel<\/a>, que durar\u00eda hasta 1830, a\u00f1o en que Francia conquist\u00f3 el territorio.<\/span><\/p>\n<p style=\"text-align: justify\"><span style=\"color: #000000\"><strong>Carlos I<\/strong> de Espa\u00f1a pod\u00eda considerarse aliviado por la muerte de Barbarroja, pues le dio muchos quebraderos de cabeza, pero esto no fue exactamente as\u00ed. El protegido de Barbarroja, el pirata <strong><a href=\"http:\/\/es.wikipedia.org\/wiki\/Turgut_Reis\" target=\"_blank\">Dragut<\/a> <\/strong>(o Turgut Reis en turco), se convirti\u00f3 desde entonces en la mayor amenaza para las costas cristianas mediterr\u00e1neas.<\/span><\/p>\n<figure id=\"attachment_529\" aria-describedby=\"caption-attachment-529\" style=\"width: 190px\" class=\"wp-caption aligncenter\"><img loading=\"lazy\" decoding=\"async\" class=\"size-full wp-image-529   \" src=\"https:\/\/blogs.ua.es\/barbarroja\/files\/2009\/12\/dragut-turkkorsanlari.jpg\" alt=\"Dragut (turkkorsanlari)\" width=\"190\" height=\"269\" srcset=\"https:\/\/blogs.ua.es\/barbarroja\/files\/2009\/12\/dragut-turkkorsanlari.jpg 564w, https:\/\/blogs.ua.es\/barbarroja\/files\/2009\/12\/dragut-turkkorsanlari-211x300.jpg 211w\" sizes=\"auto, (max-width: 190px) 100vw, 190px\" \/><figcaption id=\"caption-attachment-529\" class=\"wp-caption-text\">Dragut (turkkorsanlari)<\/figcaption><\/figure>\n","protected":false},"excerpt":{"rendered":"<p>En 1545 Hayredd\u00edn Barbarroja se retir\u00f3 definitivamente a Estambul para descansar y disfrutar de su fortuna despu\u00e9s de alrededor de 30 a\u00f1os de pirater\u00eda y vida en la mar. Mand\u00f3 construir un palacio en el barrio B\u00fcy\u00fckdere, situado al noroeste de las costas del estrecho del B\u00f3sforo. Algunas fuentes dicen que en realidad no se [&hellip;]<\/p>\n","protected":false},"author":1351,"featured_media":0,"parent":0,"menu_order":8,"comment_status":"open","ping_status":"open","template":"","meta":{"footnotes":""},"class_list":["post-534","page","type-page","status-publish","hentry"],"_links":{"self":[{"href":"https:\/\/blogs.ua.es\/barbarroja\/wp-json\/wp\/v2\/pages\/534","targetHints":{"allow":["GET"]}}],"collection":[{"href":"https:\/\/blogs.ua.es\/barbarroja\/wp-json\/wp\/v2\/pages"}],"about":[{"href":"https:\/\/blogs.ua.es\/barbarroja\/wp-json\/wp\/v2\/types\/page"}],"author":[{"embeddable":true,"href":"https:\/\/blogs.ua.es\/barbarroja\/wp-json\/wp\/v2\/users\/1351"}],"replies":[{"embeddable":true,"href":"https:\/\/blogs.ua.es\/barbarroja\/wp-json\/wp\/v2\/comments?post=534"}],"version-history":[{"count":18,"href":"https:\/\/blogs.ua.es\/barbarroja\/wp-json\/wp\/v2\/pages\/534\/revisions"}],"predecessor-version":[{"id":537,"href":"https:\/\/blogs.ua.es\/barbarroja\/wp-json\/wp\/v2\/pages\/534\/revisions\/537"}],"wp:attachment":[{"href":"https:\/\/blogs.ua.es\/barbarroja\/wp-json\/wp\/v2\/media?parent=534"}],"curies":[{"name":"wp","href":"https:\/\/api.w.org\/{rel}","templated":true}]}}