{"id":637,"date":"2010-01-12T23:19:10","date_gmt":"2010-01-12T21:19:10","guid":{"rendered":"https:\/\/blogs.ua.es\/barbarroja\/?page_id=637"},"modified":"2010-01-13T13:25:29","modified_gmt":"2010-01-13T11:25:29","slug":"historia-de-la-pirateria","status":"publish","type":"page","link":"https:\/\/blogs.ua.es\/barbarroja\/historia-de-la-pirateria\/","title":{"rendered":"Historia de la pirater\u00eda"},"content":{"rendered":"<p style=\"text-align: justify\"><span style=\"color: #000000\">La pirater\u00eda es una pr\u00e1ctica muy antigua de bandolerismo por mar, cuyos prop\u00f3sitos son robar, exigir rescate por personas secuestradas, esclavizar a los capturados o apoderarse de la nave a la que se ataca. Los corsarios eran otro tipo de piratas que no actuaban por su cuenta, sino que eran contratados para atacar naves de un pa\u00eds enemigo. Si una persona influyente ofrec\u00eda una <em>patente de corso<\/em> a un pirata, \u00e9sta supon\u00eda que no ser\u00eda tratado como un ladr\u00f3n, sino como un verdadero soldado de mar.<\/span><\/p>\n<p style=\"text-align: justify\"><span style=\"color: #000000\">Las primeras referencias sobre la pr\u00e1ctica de la pirater\u00eda datan del siglo V a. C. y se centran en la <em>Costa<\/em><em> de los piratas<\/em>, en el <a href=\"http:\/\/es.wikipedia.org\/wiki\/Golfo_P%C3%A9rsico\" target=\"_blank\">Golfo P\u00e9rsico<\/a>, adem\u00e1s del mar Mediterr\u00e1neo y el mar de China.<\/span><\/p>\n<p style=\"text-align: justify\"><span style=\"color: #000000\">Parece ser que los antiguos egipcios consideraban piratas a los llamados <a href=\"http:\/\/es.wikipedia.org\/wiki\/Pueblos_del_Mar\" target=\"_blank\">Pueblos del Mar<\/a>, pero, para algunos autores, estos pueblos tan s\u00f3lo fueron marineros.<\/span><\/p>\n<figure id=\"attachment_638\" aria-describedby=\"caption-attachment-638\" style=\"width: 240px\" class=\"wp-caption aligncenter\"><img loading=\"lazy\" decoding=\"async\" class=\"size-medium wp-image-638 \" title=\"pueblos del mar-notasdecultura\" src=\"https:\/\/blogs.ua.es\/barbarroja\/files\/2010\/01\/pueblos-del-mar-notasdecultura-300x181.jpg\" alt=\"Batalla del Delta entre Rams\u00e9s III y los Pueblos del Mar en el siglo XII a. C. (wikipedia)\" width=\"240\" height=\"145\" srcset=\"https:\/\/blogs.ua.es\/barbarroja\/files\/2010\/01\/pueblos-del-mar-notasdecultura-300x181.jpg 300w, https:\/\/blogs.ua.es\/barbarroja\/files\/2010\/01\/pueblos-del-mar-notasdecultura.jpg 400w\" sizes=\"auto, (max-width: 240px) 100vw, 240px\" \/><figcaption id=\"caption-attachment-638\" class=\"wp-caption-text\">Batalla del Delta entre Rams\u00e9s III y los Pueblos del Mar en el siglo XII a. C. (wikipedia)<\/figcaption><\/figure>\n<p style=\"text-align: justify\"><span style=\"color: #000000\">Los mitos griegos tambi\u00e9n han dejado huella sobre piratas cl\u00e1sicos. Un ejemplo de ello es <a href=\"http:\/\/es.wikipedia.org\/wiki\/Jas%C3%B3n\" target=\"_blank\">Jas\u00f3n y los Argonautas<\/a> o <a href=\"http:\/\/es.wikipedia.org\/wiki\/Odiseo\" target=\"_blank\">Ulises\/Odiseo<\/a>. Estos hombres eran considerados h\u00e9roes en sus pa\u00edses, pues la pirater\u00eda todav\u00eda no ten\u00eda las connotaciones negativas que tendr\u00e1 m\u00e1s adelante.<\/span><\/p>\n<div class=\"mceTemp mceIEcenter\">\n<p style=\"text-align: justify\"><span style=\"color: #000000\">Para Roma los piratas constitu\u00edan un gran peligro, ya que imped\u00edan el comercio mar\u00edtimo al Imperio. Estos operaban primero en las costas monta\u00f1osas de<\/span> <a href=\"http:\/\/es.wikipedia.org\/wiki\/Cilicia\" target=\"_blank\">Cilicia<\/a> <span style=\"color: #000000\">y despu\u00e9s en el Mediterr\u00e1neo. Las sociedades de la \u00e9poca eran esclavistas, por lo que la captura de personas y su venta como esclavos era una actividad muy buscada. Pompeyo, como proc\u00f3nsul de los mares, acab\u00f3 con los piratas de Sicilia, Italia y Cilicia.<\/span><\/p>\n<figure id=\"attachment_640\" aria-describedby=\"caption-attachment-640\" style=\"width: 162px\" class=\"wp-caption alignright\"><img loading=\"lazy\" decoding=\"async\" class=\"size-medium wp-image-640  \" title=\"guerreros vikingos a\u00f1o 1100-fisicanet\" src=\"https:\/\/blogs.ua.es\/barbarroja\/files\/2010\/01\/guerreros-vikingos-a\u00f1o-1100-fisicanet-300x216.jpg\" alt=\"Guerreros vikingos (fisicanet)\" width=\"162\" height=\"117\" srcset=\"https:\/\/blogs.ua.es\/barbarroja\/files\/2010\/01\/guerreros-vikingos-a\u00f1o-1100-fisicanet-300x216.jpg 300w, https:\/\/blogs.ua.es\/barbarroja\/files\/2010\/01\/guerreros-vikingos-a\u00f1o-1100-fisicanet.jpg 392w\" sizes=\"auto, (max-width: 162px) 100vw, 162px\" \/><figcaption id=\"caption-attachment-640\" class=\"wp-caption-text\">Guerreros vikingos (fisicanet)<\/figcaption><\/figure>\n<p style=\"text-align: justify\"><span style=\"color: #000000\">Desde el siglo VIII d. C. los pueblos del norte, los famosos <a href=\"http:\/\/es.wikipedia.org\/wiki\/Vikingo\" target=\"_blank\">vikingos<\/a>, realizaron incursiones en el mar del Norte, el Cant\u00e1brico y el Mediterr\u00e1neo. Los piratas vikingos atacaron la Pen\u00ednsula en m\u00e1s de una ocasi\u00f3n, como cuando llegaron a la costa asturleonesa y se adentraron hasta La Coru\u00f1a, donde <\/span><span style=\"color: #000000\"><a href=\"http:\/\/www.biografiasyvidas.com\/biografia\/o\/ordono_i.htm\" target=\"_blank\">Ordo\u00f1o I<\/a><\/span><span style=\"color: #000000\"> los derrot\u00f3, o cuando el conde Gonzalo Sancho acab\u00f3 con la flota del noruego Gunrod. Las leyendas cuentan que estos piratas eran los m\u00e1s terribles guerreros de toda Europa, pues estaban dispuestos a dar su vida en combate. Los ataques vikingos terminaron y se postulan diferentes causas: aceptaron la fe cristiana; la pirater\u00eda fue solo una moda pasajera; o deseaban contactar con Europa de un modo comercial y no invadi\u00e9ndolos.<\/span><\/p>\n<p><span style=\"color: #000000\"><\/span><span style=\"color: #000000\"><span style=\"color: #000000\">\u00a0<\/span><\/span><\/p>\n<figure id=\"attachment_641\" aria-describedby=\"caption-attachment-641\" style=\"width: 162px\" class=\"wp-caption alignleft\"><img loading=\"lazy\" decoding=\"async\" class=\"size-full wp-image-641  \" title=\"simbad barco arabe-losviajesdesimbad\" src=\"https:\/\/blogs.ua.es\/barbarroja\/files\/2010\/01\/simbad-barco-arabe-losviajesdesimbad.jpg\" alt=\"Barco \u00e1rabe (losviajesdesimbad)\" width=\"162\" height=\"131\" \/><figcaption id=\"caption-attachment-641\" class=\"wp-caption-text\">Barco \u00e1rabe (losviajesdesimbad)<\/figcaption><\/figure>\n<p style=\"text-align: justify\">Los \u00e1rabes, que actuaban en el Oc\u00e9ano \u00cdndico, abrieron la ruta que iba desde la pen\u00ednsula Ar\u00e1biga a China. La zona m\u00e1s influida por sus ataques era el estrecho de Malaca. Un ejemplo de pirata \u00e1rabe es la historia de <a href=\"http:\/\/es.wikipedia.org\/wiki\/Simbad_el_Marino\" target=\"_blank\">Simbad el marino<\/a>.<\/p>\n<p style=\"text-align: justify\"><span style=\"color: #000000\">\u00a0<\/span><\/p>\n<p style=\"text-align: justify\"><span style=\"color: #000000\">\u00a0<\/span><\/p>\n<p style=\"text-align: justify\"><span style=\"color: #000000\"><a href=\"http:\/\/es.wikipedia.org\/wiki\/Roger_de_Flor\" target=\"_blank\">Roger de Flor<\/a> fue un pirata \u00edtalo-catal\u00e1n, que estuvo en la \u00faltima <a href=\"http:\/\/es.wikipedia.org\/wiki\/Cruzadas\" target=\"_blank\">Cruzada<\/a>, luch\u00f3 al servicio del rey <a href=\"http:\/\/es.wikipedia.org\/wiki\/Federico_II_de_Sicilia\" target=\"_blank\">Federico II de Sicilia<\/a> y fue reclutado por <a href=\"http:\/\/es.wikipedia.org\/wiki\/Andr%C3%B3nico_II_Pale%C3%B3logo\" target=\"_blank\">Andr\u00f3nico II<\/a> para luchar contra los turcos.<\/span>\u00a0<\/p>\n<p><span style=\"color: #000000\"><\/span><\/p>\n<figure id=\"attachment_643\" aria-describedby=\"caption-attachment-643\" style=\"width: 240px\" class=\"wp-caption aligncenter\"><img loading=\"lazy\" decoding=\"async\" class=\"size-medium wp-image-643 \" title=\"roger de flor, al mando de los almog\u00e1vares, saluda al emperador de bizancio-kalipedia\" src=\"https:\/\/blogs.ua.es\/barbarroja\/files\/2010\/01\/roger-de-flor-al-mando-de-los-almog\u00e1vares-saluda-al-emperador-de-bizancio-kalipedia-300x178.jpg\" alt=\"Roger de Flor al mando de los almog\u00e1vares saludando al emperador de Bizancio (kalipedia)\" width=\"240\" height=\"142\" srcset=\"https:\/\/blogs.ua.es\/barbarroja\/files\/2010\/01\/roger-de-flor-al-mando-de-los-almog\u00e1vares-saluda-al-emperador-de-bizancio-kalipedia-300x178.jpg 300w, https:\/\/blogs.ua.es\/barbarroja\/files\/2010\/01\/roger-de-flor-al-mando-de-los-almog\u00e1vares-saluda-al-emperador-de-bizancio-kalipedia.jpg 555w\" sizes=\"auto, (max-width: 240px) 100vw, 240px\" \/><figcaption id=\"caption-attachment-643\" class=\"wp-caption-text\">Roger de Flor al mando de los almog\u00e1vares saludando al emperador de Bizancio (kalipedia)<\/figcaption><\/figure>\n<p style=\"text-align: justify\">Los piratas <a href=\"http:\/\/www.cabovolo.com\/2008\/10\/la-hermandad-de-los-vitalianos-los.html\" target=\"_blank\">vitalianos<\/a> eran habitantes de las ciudades del mar B\u00e1ltico y de algunas del mar del Norte, que se unieron alrededor del a\u00f1o 1.200 para controlar el comercio de la zona. Pasado el tiempo formar\u00edan la <a href=\"http:\/\/es.wikipedia.org\/wiki\/Liga_Hanse%C3%A1tica\" target=\"_blank\">Liga Hanse\u00e1tica<\/a> (o Hansa). Entre los miembros del grupo destacaban G\u00f6dehe Michelsen, Wigbad, y Claus St\u00f6rtebekker (h\u00e9roe de la cultura popular alemana).<\/p>\n<figure id=\"attachment_644\" aria-describedby=\"caption-attachment-644\" style=\"width: 180px\" class=\"wp-caption aligncenter\"><img loading=\"lazy\" decoding=\"async\" class=\"size-medium wp-image-644 \" title=\"klaus_stoertebekker-hoerspielclub\" src=\"https:\/\/blogs.ua.es\/barbarroja\/files\/2010\/01\/klaus_stoertebekker-hoerspielclub-300x291.jpg\" alt=\"Claus St\u00f6rtebekker, h\u00e9roe alem\u00e1n (hoerspielclub)\" width=\"180\" height=\"175\" srcset=\"https:\/\/blogs.ua.es\/barbarroja\/files\/2010\/01\/klaus_stoertebekker-hoerspielclub-300x291.jpg 300w, https:\/\/blogs.ua.es\/barbarroja\/files\/2010\/01\/klaus_stoertebekker-hoerspielclub.jpg 339w\" sizes=\"auto, (max-width: 180px) 100vw, 180px\" \/><figcaption id=\"caption-attachment-644\" class=\"wp-caption-text\">Claus St\u00f6rtebekker, h\u00e9roe alem\u00e1n (hoerspielclub)<\/figcaption><\/figure>\n<p style=\"text-align: justify\">Durante la Edad Moderna la expansi\u00f3n del Islam y los sultanatos turcos constituir\u00e1n un problema para las potencias cristianas. Destacan los corsarios berberiscos, que consideraban la pirater\u00eda a las naves cristianas como una Guerra Santa. Entre los piratas turcos sobresalen los hermanos <strong>Barbarroja<\/strong> (Aruj y Hayredd\u00edn).<\/p>\n<p style=\"text-align: justify\">Los piratas galos, junto con alg\u00fan espa\u00f1ol, se asentaron en las <a href=\"http:\/\/es.wikipedia.org\/wiki\/Mar_Caribe\" target=\"_blank\">islas del Caribe<\/a>, entre los que sobresalen Diego Ingenios y <a href=\"http:\/\/es.wikipedia.org\/wiki\/Jacques_de_Sores\" target=\"_blank\">Jacques de Sores<\/a>.<\/p>\n<figure id=\"attachment_660\" aria-describedby=\"caption-attachment-660\" style=\"width: 112px\" class=\"wp-caption alignright\"><img loading=\"lazy\" decoding=\"async\" class=\"size-medium wp-image-660    \" title=\"john hawkins-nmm.ac\" src=\"https:\/\/blogs.ua.es\/barbarroja\/files\/2010\/01\/john-hawkins-nmm.ac_-246x300.jpg\" alt=\"John Hawkins (nmm)\" width=\"112\" height=\"136\" srcset=\"https:\/\/blogs.ua.es\/barbarroja\/files\/2010\/01\/john-hawkins-nmm.ac_-246x300.jpg 246w, https:\/\/blogs.ua.es\/barbarroja\/files\/2010\/01\/john-hawkins-nmm.ac_.jpg 492w\" sizes=\"auto, (max-width: 112px) 100vw, 112px\" \/><figcaption id=\"caption-attachment-660\" class=\"wp-caption-text\">John Hawkins (nmm)<\/figcaption><\/figure>\n<p style=\"text-align: justify\">En Inglaterra la actividad de corso se convirti\u00f3 en un negocio reconocido: el rey <span style=\"color: #000000\"><a href=\"http:\/\/es.wikipedia.org\/wiki\/Enrique_VIII_de_Inglaterra\" target=\"_blank\">Enrique VIII<\/a><\/span><span style=\"color: #000000\"><a href=\"http:\/\/es.wikipedia.org\/wiki\/Enrique_VIII_de_Inglaterra\" target=\"_blank\"> <\/a>y despu\u00e9s <\/span><span style=\"color: #000000\"><a href=\"http:\/\/es.wikipedia.org\/wiki\/Isabel_I_de_Inglaterra\" target=\"_blank\">Isabel I<\/a><\/span><span style=\"color: #000000\"> entregaban patentes de corso a cambio de una parte del bot\u00edn obtenido. Los piratas eran como comerciantes, pues compraban productos que luego vend\u00edan a los colonos. Un ejemplo de pirata\/comerciante fue <\/span><span style=\"color: #000000\"><a href=\"http:\/\/es.wikipedia.org\/wiki\/John_Hawkins\" target=\"_blank\">John Hawkins<\/a><\/span><span style=\"color: #000000\">, el cual compraba especies y vend\u00eda esclavos de \u00c1frica, con lo cual pobl\u00f3 de negros africanos la zona del Caribe. Algunos otros corsarios son <a href=\"http:\/\/es.wikipedia.org\/wiki\/Woodes_Rogers\" target=\"_blank\">Woodes Rogers<\/a>, Stephen Courtney (William Dampierre) y <a href=\"http:\/\/mgar.net\/var\/fdrake.htm\" target=\"_blank\">Francis Drake<\/a><\/span>.<\/p>\n<figure id=\"attachment_661\" aria-describedby=\"caption-attachment-661\" style=\"width: 146px\" class=\"wp-caption aligncenter\"><img loading=\"lazy\" decoding=\"async\" class=\"size-medium wp-image-661   \" title=\"francis drake-lilalions\" src=\"https:\/\/blogs.ua.es\/barbarroja\/files\/2010\/01\/francis-drake-lilalions-300x300.jpg\" alt=\"Francis Drake (lilalions)\" width=\"146\" height=\"146\" srcset=\"https:\/\/blogs.ua.es\/barbarroja\/files\/2010\/01\/francis-drake-lilalions-300x300.jpg 300w, https:\/\/blogs.ua.es\/barbarroja\/files\/2010\/01\/francis-drake-lilalions-150x150.jpg 150w, https:\/\/blogs.ua.es\/barbarroja\/files\/2010\/01\/francis-drake-lilalions.jpg 450w\" sizes=\"auto, (max-width: 146px) 100vw, 146px\" \/><figcaption id=\"caption-attachment-661\" class=\"wp-caption-text\">Francis Drake (lilalions)<\/figcaption><\/figure>\n<div class=\"mceTemp mceIEcenter\" style=\"text-align: justify\"><span style=\"color: #000000\"><span style=\"color: #000000\">Los piratas abundaban en el mar Caribe, pues los <a href=\"http:\/\/es.wikipedia.org\/wiki\/Reyes_Cat%C3%B3licos\" target=\"_blank\">Reyes Cat\u00f3licos<\/a> permitieron a sus s\u00fabditos tripular naves en las Indias sin ning\u00fan tipo de preparaci\u00f3n. Por las continuas p\u00e9rdidas, Felipe II prohibi\u00f3 que los barcos navegasen hacia las Indias sin protecci\u00f3n.<\/span><\/span><\/div>\n<figure id=\"attachment_663\" aria-describedby=\"caption-attachment-663\" style=\"width: 137px\" class=\"wp-caption alignleft\"><img loading=\"lazy\" decoding=\"async\" class=\"size-medium wp-image-663 \" title=\"el-olones-piratas\" src=\"https:\/\/blogs.ua.es\/barbarroja\/files\/2010\/01\/el-olones-piratas-228x300.jpg\" alt=\"El Olon\u00e9s (piratas)\" width=\"137\" height=\"180\" srcset=\"https:\/\/blogs.ua.es\/barbarroja\/files\/2010\/01\/el-olones-piratas-228x300.jpg 228w, https:\/\/blogs.ua.es\/barbarroja\/files\/2010\/01\/el-olones-piratas.jpg 396w\" sizes=\"auto, (max-width: 137px) 100vw, 137px\" \/><figcaption id=\"caption-attachment-663\" class=\"wp-caption-text\">El Olon\u00e9s (piratas)<\/figcaption><\/figure>\n<p class=\"mceTemp mceIEcenter\" style=\"text-align: justify\"><span style=\"color: #000000\">En la zona de la Am\u00e9rica hispana actuaban los aventureros conocidos como bucaneros, entre cuyas filas resalta<\/span> <a href=\"http:\/\/es.wikipedia.org\/wiki\/Henry_Morgan\" target=\"_blank\">Henry Morgan<\/a><span style=\"color: #000000\">,<\/span> <a href=\"http:\/\/es.wikipedia.org\/wiki\/Jean-David_Nau\" target=\"_blank\">El Olon\u00e9s<\/a> <span style=\"color: #000000\">(o Jean-David Nau) y<\/span> <a href=\"http:\/\/es.wikipedia.org\/wiki\/Laurens_de_Graaf\" target=\"_blank\">Laurens de Graff<\/a><span style=\"color: #000000\">.<\/span><\/p>\n<p class=\"mceTemp mceIEcenter\" style=\"text-align: justify\"><span style=\"color: #000000\">La pirater\u00eda caribe\u00f1a comenz\u00f3 a decaer cuando el bucanero se interpret\u00f3 como una degradaci\u00f3n del pirata tradicional. Estos, durante el siglo XVII, se dedicaban a robar las riquezas que los espa\u00f1oles consegu\u00edan de las costas americanas. En la famosa<\/span> <a href=\"http:\/\/es.wikipedia.org\/wiki\/Isla_de_la_Tortuga\" target=\"_blank\">Isla de la Tortuga<\/a> <span style=\"color: #000000\">se encontraba la base internacional de los bucaneros, los cuales formaron La Cofrad\u00eda de los Hermanos de la Costa. Entre ellos destacan Agrammont, Pierre Legrand, Rock el Brasile\u00f1o o el<\/span> <a href=\"http:\/\/es.wikipedia.org\/wiki\/Bartholomew_Roberts\" target=\"_blank\">Capit\u00e1n Bartholomew Roberts<\/a><span style=\"color: #000000\">. Los filibusteros constituyeron otro tipo de piratas que realizaban sus operaciones por Cuba.<\/span><\/p>\n<figure id=\"attachment_664\" aria-describedby=\"caption-attachment-664\" style=\"width: 183px\" class=\"wp-caption aligncenter\"><img loading=\"lazy\" decoding=\"async\" class=\"size-medium wp-image-664 \" title=\"pierre le grand-beyondthemap\" src=\"https:\/\/blogs.ua.es\/barbarroja\/files\/2010\/01\/pierre-le-grand-beyondthemap-229x300.jpg\" alt=\"Pierre Le Grand (beyondthemap)\" width=\"183\" height=\"240\" srcset=\"https:\/\/blogs.ua.es\/barbarroja\/files\/2010\/01\/pierre-le-grand-beyondthemap-229x300.jpg 229w, https:\/\/blogs.ua.es\/barbarroja\/files\/2010\/01\/pierre-le-grand-beyondthemap.jpg 268w\" sizes=\"auto, (max-width: 183px) 100vw, 183px\" \/><figcaption id=\"caption-attachment-664\" class=\"wp-caption-text\">Pierre Le Grand (beyondthemap)<\/figcaption><\/figure>\n<p class=\"mceTemp mceIEcenter\" style=\"text-align: justify\"><span style=\"color: #000000\">El corso fue disminuyendo porque los pa\u00edses comenzaron a atacar y defenderse sin tener que recurrir a los corsarios. Adem\u00e1s, las ciudades costeras se fueron fortificando y preparando ante la posibilidad de ataques mar\u00edtimos. Pero, a pesar de las dificultades, la pirater\u00eda continu\u00f3 ejerci\u00e9ndose, como, por ejemplo, durante la guerra de independencia de Chile o de independencia de la Am\u00e9rica hisp\u00e1nica. Algunos de los piratas de esta \u00e9poca fueron John Quitman,<\/span> <a href=\"http:\/\/es.wikipedia.org\/wiki\/Narciso_L%C3%B3pez\" target=\"_blank\">Narciso L\u00f3pez<\/a> <span style=\"color: #000000\">y<\/span> <a href=\"http:\/\/es.wikipedia.org\/wiki\/William_Walker\" target=\"_blank\">William Walker<\/a><span style=\"color: #000000\">.<\/span><\/p>\n<p class=\"mceTemp mceIEcenter\" style=\"text-align: justify\"><span style=\"color: #000000\">Actualmente cuando pensamos en pirater\u00eda la asociamos a pa\u00edses del Tercer Mundo, sobre todo Somalia, Indonesia y Malasia. La esclavitud fue abolida, por lo que los nuevos piratas no \u201csuelen\u201d capturar personas, sino que se dedican a robar objetos de valor a los turistas. Algunas naciones como Jap\u00f3n han empezado a entrenar a sus ej\u00e9rcitos para luchar contra la pirater\u00eda.<\/span><\/p>\n<figure id=\"attachment_666\" aria-describedby=\"caption-attachment-666\" style=\"width: 180px\" class=\"wp-caption aligncenter\"><img loading=\"lazy\" decoding=\"async\" class=\"size-medium wp-image-666 \" title=\"pirata-somali- blogs.perfil\" src=\"https:\/\/blogs.ua.es\/barbarroja\/files\/2010\/01\/pirata-somali-blogs.perfil-300x200.jpg\" alt=\"Pirata somal\u00ed (blogsperfil)\" width=\"180\" height=\"120\" srcset=\"https:\/\/blogs.ua.es\/barbarroja\/files\/2010\/01\/pirata-somali-blogs.perfil-300x200.jpg 300w, https:\/\/blogs.ua.es\/barbarroja\/files\/2010\/01\/pirata-somali-blogs.perfil.jpg 480w\" sizes=\"auto, (max-width: 180px) 100vw, 180px\" \/><figcaption id=\"caption-attachment-666\" class=\"wp-caption-text\">Pirata somal\u00ed (blogsperfil)<\/figcaption><\/figure>\n<\/div>\n","protected":false},"excerpt":{"rendered":"<p>La pirater\u00eda es una pr\u00e1ctica muy antigua de bandolerismo por mar, cuyos prop\u00f3sitos son robar, exigir rescate por personas secuestradas, esclavizar a los capturados o apoderarse de la nave a la que se ataca. Los corsarios eran otro tipo de piratas que no actuaban por su cuenta, sino que eran contratados para atacar naves de [&hellip;]<\/p>\n","protected":false},"author":1351,"featured_media":0,"parent":0,"menu_order":10,"comment_status":"open","ping_status":"open","template":"","meta":{"footnotes":""},"class_list":["post-637","page","type-page","status-publish","hentry"],"_links":{"self":[{"href":"https:\/\/blogs.ua.es\/barbarroja\/wp-json\/wp\/v2\/pages\/637","targetHints":{"allow":["GET"]}}],"collection":[{"href":"https:\/\/blogs.ua.es\/barbarroja\/wp-json\/wp\/v2\/pages"}],"about":[{"href":"https:\/\/blogs.ua.es\/barbarroja\/wp-json\/wp\/v2\/types\/page"}],"author":[{"embeddable":true,"href":"https:\/\/blogs.ua.es\/barbarroja\/wp-json\/wp\/v2\/users\/1351"}],"replies":[{"embeddable":true,"href":"https:\/\/blogs.ua.es\/barbarroja\/wp-json\/wp\/v2\/comments?post=637"}],"version-history":[{"count":24,"href":"https:\/\/blogs.ua.es\/barbarroja\/wp-json\/wp\/v2\/pages\/637\/revisions"}],"predecessor-version":[{"id":647,"href":"https:\/\/blogs.ua.es\/barbarroja\/wp-json\/wp\/v2\/pages\/637\/revisions\/647"}],"wp:attachment":[{"href":"https:\/\/blogs.ua.es\/barbarroja\/wp-json\/wp\/v2\/media?parent=637"}],"curies":[{"name":"wp","href":"https:\/\/api.w.org\/{rel}","templated":true}]}}