{"id":4,"date":"2013-11-15T15:17:22","date_gmt":"2013-11-15T15:17:22","guid":{"rendered":"https:\/\/blogs.ua.es\/beniarda1\/?page_id=4"},"modified":"2014-01-14T00:24:17","modified_gmt":"2014-01-14T00:24:17","slug":"presentacion","status":"publish","type":"page","link":"https:\/\/blogs.ua.es\/beniarda1\/presentacion\/","title":{"rendered":"presentaci\u00f3n"},"content":{"rendered":"<p>Hola a todos, soy Alfredo Romeu Santacreu, estudiante de primer curso de historia. En esta asignatura de Fuentes y documentos tenemos la oportunidad de dar a conocer las escrituras expuestas de nuestros municipios por medio de una herramienta tan \u00fatil como son los blogs, con los que podemos hacer llegar a la gente informaci\u00f3n y nuestras opiniones sobre un tema de una manera que de otra forma ser\u00eda m\u00e1s complicado, ya que otros medios no poseen ni la manejabilidad ni la capacidad de alcance respecto a la gente que tienen los blogs.Entonces, de esta manera, conociendo las grandes cualidades de los blogs ya podemos dar comienzo a nuestra visita.<\/p>\n","protected":false},"excerpt":{"rendered":"<p>Hola a todos, soy Alfredo Romeu Santacreu, estudiante de primer curso de historia. En esta asignatura de Fuentes y documentos tenemos la oportunidad de dar a conocer las escrituras expuestas de nuestros municipios por medio de una herramienta tan \u00fatil como son los blogs, con los que podemos hacer llegar a la gente informaci\u00f3n y [&hellip;]<\/p>\n","protected":false},"author":3354,"featured_media":0,"parent":0,"menu_order":0,"comment_status":"open","ping_status":"open","template":"","meta":{"footnotes":""},"class_list":["post-4","page","type-page","status-publish","hentry"],"_links":{"self":[{"href":"https:\/\/blogs.ua.es\/beniarda1\/wp-json\/wp\/v2\/pages\/4","targetHints":{"allow":["GET"]}}],"collection":[{"href":"https:\/\/blogs.ua.es\/beniarda1\/wp-json\/wp\/v2\/pages"}],"about":[{"href":"https:\/\/blogs.ua.es\/beniarda1\/wp-json\/wp\/v2\/types\/page"}],"author":[{"embeddable":true,"href":"https:\/\/blogs.ua.es\/beniarda1\/wp-json\/wp\/v2\/users\/3354"}],"replies":[{"embeddable":true,"href":"https:\/\/blogs.ua.es\/beniarda1\/wp-json\/wp\/v2\/comments?post=4"}],"version-history":[{"count":4,"href":"https:\/\/blogs.ua.es\/beniarda1\/wp-json\/wp\/v2\/pages\/4\/revisions"}],"predecessor-version":[{"id":95,"href":"https:\/\/blogs.ua.es\/beniarda1\/wp-json\/wp\/v2\/pages\/4\/revisions\/95"}],"wp:attachment":[{"href":"https:\/\/blogs.ua.es\/beniarda1\/wp-json\/wp\/v2\/media?parent=4"}],"curies":[{"name":"wp","href":"https:\/\/api.w.org\/{rel}","templated":true}]}}