{"id":7,"date":"2013-11-15T15:18:51","date_gmt":"2013-11-15T15:18:51","guid":{"rendered":"https:\/\/blogs.ua.es\/beniarda1\/?page_id=7"},"modified":"2014-01-13T22:34:46","modified_gmt":"2014-01-13T22:34:46","slug":"7-2","status":"publish","type":"page","link":"https:\/\/blogs.ua.es\/beniarda1\/7-2\/","title":{"rendered":"Explicaci\u00f3n"},"content":{"rendered":"<p>En este blog, que espero que os guste, vamos ha hacer un recorrido por las calles de Beniarda atendiendo a las diferentes escrituras expuestas que vayamos encontrando por el camino.En el blog encontraremos escrituras referentes a muy variados temas como la religi\u00f3n, la pol\u00edtica o las relaciones personales. Estos apartados se distribuir\u00e1n en 10 categor\u00edas que encontraremos expuestas en el blog con su correspondiente fotograf\u00eda, descripci\u00f3n, lugar de emplazamiento y fecha. Las diferentes entradas contendr\u00e1n informaci\u00f3n sobre las escrituras al igual que datos curiosos y an\u00e9cdotas sobre el municipio. Y nada m\u00e1s, espero que os guste.<\/p>\n","protected":false},"excerpt":{"rendered":"<p>En este blog, que espero que os guste, vamos ha hacer un recorrido por las calles de Beniarda atendiendo a las diferentes escrituras expuestas que vayamos encontrando por el camino.En el blog encontraremos escrituras referentes a muy variados temas como la religi\u00f3n, la pol\u00edtica o las relaciones personales. Estos apartados se distribuir\u00e1n en 10 categor\u00edas [&hellip;]<\/p>\n","protected":false},"author":3354,"featured_media":0,"parent":0,"menu_order":1,"comment_status":"open","ping_status":"open","template":"","meta":{"footnotes":""},"class_list":["post-7","page","type-page","status-publish","hentry"],"_links":{"self":[{"href":"https:\/\/blogs.ua.es\/beniarda1\/wp-json\/wp\/v2\/pages\/7","targetHints":{"allow":["GET"]}}],"collection":[{"href":"https:\/\/blogs.ua.es\/beniarda1\/wp-json\/wp\/v2\/pages"}],"about":[{"href":"https:\/\/blogs.ua.es\/beniarda1\/wp-json\/wp\/v2\/types\/page"}],"author":[{"embeddable":true,"href":"https:\/\/blogs.ua.es\/beniarda1\/wp-json\/wp\/v2\/users\/3354"}],"replies":[{"embeddable":true,"href":"https:\/\/blogs.ua.es\/beniarda1\/wp-json\/wp\/v2\/comments?post=7"}],"version-history":[{"count":3,"href":"https:\/\/blogs.ua.es\/beniarda1\/wp-json\/wp\/v2\/pages\/7\/revisions"}],"predecessor-version":[{"id":94,"href":"https:\/\/blogs.ua.es\/beniarda1\/wp-json\/wp\/v2\/pages\/7\/revisions\/94"}],"wp:attachment":[{"href":"https:\/\/blogs.ua.es\/beniarda1\/wp-json\/wp\/v2\/media?parent=7"}],"curies":[{"name":"wp","href":"https:\/\/api.w.org\/{rel}","templated":true}]}}