{"id":9,"date":"2013-11-15T15:19:07","date_gmt":"2013-11-15T15:19:07","guid":{"rendered":"https:\/\/blogs.ua.es\/beniarda1\/?page_id=9"},"modified":"2014-01-14T12:57:12","modified_gmt":"2014-01-14T12:57:12","slug":"9-2","status":"publish","type":"page","link":"https:\/\/blogs.ua.es\/beniarda1\/9-2\/","title":{"rendered":"Valoraci\u00f3n"},"content":{"rendered":"<p>El trabajo sobre escrituras expuestas, por una parte nos permite dar a conocer las calles y costumbres de los diferentes municipios en funci\u00f3n a lo que encontramos expuesto en las escrituras, y por otra, nos ense\u00f1a a crear blogs, muy \u00fatil, porque de esta manera conocemos una herramienta m\u00e1s de difusi\u00f3n<\/p>\n","protected":false},"excerpt":{"rendered":"<p>El trabajo sobre escrituras expuestas, por una parte nos permite dar a conocer las calles y costumbres de los diferentes municipios en funci\u00f3n a lo que encontramos expuesto en las escrituras, y por otra, nos ense\u00f1a a crear blogs, muy \u00fatil, porque de esta manera conocemos una herramienta m\u00e1s de difusi\u00f3n<\/p>\n","protected":false},"author":3354,"featured_media":0,"parent":0,"menu_order":0,"comment_status":"open","ping_status":"open","template":"","meta":{"footnotes":""},"class_list":["post-9","page","type-page","status-publish","hentry"],"_links":{"self":[{"href":"https:\/\/blogs.ua.es\/beniarda1\/wp-json\/wp\/v2\/pages\/9","targetHints":{"allow":["GET"]}}],"collection":[{"href":"https:\/\/blogs.ua.es\/beniarda1\/wp-json\/wp\/v2\/pages"}],"about":[{"href":"https:\/\/blogs.ua.es\/beniarda1\/wp-json\/wp\/v2\/types\/page"}],"author":[{"embeddable":true,"href":"https:\/\/blogs.ua.es\/beniarda1\/wp-json\/wp\/v2\/users\/3354"}],"replies":[{"embeddable":true,"href":"https:\/\/blogs.ua.es\/beniarda1\/wp-json\/wp\/v2\/comments?post=9"}],"version-history":[{"count":4,"href":"https:\/\/blogs.ua.es\/beniarda1\/wp-json\/wp\/v2\/pages\/9\/revisions"}],"predecessor-version":[{"id":97,"href":"https:\/\/blogs.ua.es\/beniarda1\/wp-json\/wp\/v2\/pages\/9\/revisions\/97"}],"wp:attachment":[{"href":"https:\/\/blogs.ua.es\/beniarda1\/wp-json\/wp\/v2\/media?parent=9"}],"curies":[{"name":"wp","href":"https:\/\/api.w.org\/{rel}","templated":true}]}}