{"id":4,"date":"2013-11-15T09:22:36","date_gmt":"2013-11-15T09:22:36","guid":{"rendered":"https:\/\/blogs.ua.es\/benidorm1\/?page_id=4"},"modified":"2013-11-15T09:22:36","modified_gmt":"2013-11-15T09:22:36","slug":"presentacion","status":"publish","type":"page","link":"https:\/\/blogs.ua.es\/benidorm1\/presentacion\/","title":{"rendered":"Presentaci\u00f3n"},"content":{"rendered":"<p>Este blog pertenece a la asignatura de\u00a0<em>Fuentes y Documentos para la Historia<\/em>, del primer curso de los grados de Historia y Geograf\u00eda en la <a href=\"http:\/\/www.ua.es\">Universidad de Alicante<\/a>.<\/p>\n<p>Los integrantes de este proyecto son:<\/p>\n<p><strong>Miguel Saceda Garc\u00eda.<\/strong><\/p>\n<p><strong>Adri\u00e1n Rinc\u00f3n Garc\u00eda.<\/strong><\/p>\n<p><strong>Cristian Fern\u00e1ndez Santamar\u00eda.<\/strong><\/p>\n<p>&nbsp;<\/p>\n","protected":false},"excerpt":{"rendered":"<p>Este blog pertenece a la asignatura de\u00a0Fuentes y Documentos para la Historia, del primer curso de los grados de Historia y Geograf\u00eda en la Universidad de Alicante. Los integrantes de este proyecto son: Miguel Saceda Garc\u00eda. Adri\u00e1n Rinc\u00f3n Garc\u00eda. Cristian Fern\u00e1ndez Santamar\u00eda. &nbsp;<\/p>\n","protected":false},"author":3235,"featured_media":0,"parent":0,"menu_order":0,"comment_status":"open","ping_status":"open","template":"","meta":{"footnotes":""},"class_list":["post-4","page","type-page","status-publish","hentry"],"_links":{"self":[{"href":"https:\/\/blogs.ua.es\/benidorm1\/wp-json\/wp\/v2\/pages\/4","targetHints":{"allow":["GET"]}}],"collection":[{"href":"https:\/\/blogs.ua.es\/benidorm1\/wp-json\/wp\/v2\/pages"}],"about":[{"href":"https:\/\/blogs.ua.es\/benidorm1\/wp-json\/wp\/v2\/types\/page"}],"author":[{"embeddable":true,"href":"https:\/\/blogs.ua.es\/benidorm1\/wp-json\/wp\/v2\/users\/3235"}],"replies":[{"embeddable":true,"href":"https:\/\/blogs.ua.es\/benidorm1\/wp-json\/wp\/v2\/comments?post=4"}],"version-history":[{"count":1,"href":"https:\/\/blogs.ua.es\/benidorm1\/wp-json\/wp\/v2\/pages\/4\/revisions"}],"predecessor-version":[{"id":5,"href":"https:\/\/blogs.ua.es\/benidorm1\/wp-json\/wp\/v2\/pages\/4\/revisions\/5"}],"wp:attachment":[{"href":"https:\/\/blogs.ua.es\/benidorm1\/wp-json\/wp\/v2\/media?parent=4"}],"curies":[{"name":"wp","href":"https:\/\/api.w.org\/{rel}","templated":true}]}}