{"id":7,"date":"2013-11-15T15:18:41","date_gmt":"2013-11-15T15:18:41","guid":{"rendered":"https:\/\/blogs.ua.es\/benidorm2\/?page_id=7"},"modified":"2014-01-13T15:15:34","modified_gmt":"2014-01-13T15:15:34","slug":"explicacion","status":"publish","type":"page","link":"https:\/\/blogs.ua.es\/benidorm2\/explicacion\/","title":{"rendered":"Explicaci\u00f3n"},"content":{"rendered":"<p>Este es el blog del grupo Benidorm 2 de la asignatura Fuentes y Documentos para la Historia. Vamos a publicar y explicar algunas im\u00e1genes de las escrituras expuestas de esta localidad. Las im\u00e1genes que presentaremos pertenecer\u00e1n a las siguientes categor\u00edas: publicidad fija, publicidad ef\u00edmera, letreros de mercadillo, letreros y anuncios de comercios y graffitis iconogr\u00e1ficos.<\/p>\n<p>Trataremos de hacer una s\u00edntesis lo m\u00e1s variada posible de la gran riqueza de escrituras expuestas que ofrece Benidorm, que ir\u00e1n desde lo extravagante y llamativo, hasta lo m\u00e1s corriente y profesional, pasando por algunas expresiones art\u00edsticas.<\/p>\n","protected":false},"excerpt":{"rendered":"<p>Este es el blog del grupo Benidorm 2 de la asignatura Fuentes y Documentos para la Historia. Vamos a publicar y explicar algunas im\u00e1genes de las escrituras expuestas de esta localidad. Las im\u00e1genes que presentaremos pertenecer\u00e1n a las siguientes categor\u00edas: publicidad fija, publicidad ef\u00edmera, letreros de mercadillo, letreros y anuncios de comercios y graffitis iconogr\u00e1ficos. [&hellip;]<\/p>\n","protected":false},"author":3353,"featured_media":0,"parent":0,"menu_order":1,"comment_status":"open","ping_status":"open","template":"","meta":{"footnotes":""},"class_list":["post-7","page","type-page","status-publish","hentry"],"_links":{"self":[{"href":"https:\/\/blogs.ua.es\/benidorm2\/wp-json\/wp\/v2\/pages\/7","targetHints":{"allow":["GET"]}}],"collection":[{"href":"https:\/\/blogs.ua.es\/benidorm2\/wp-json\/wp\/v2\/pages"}],"about":[{"href":"https:\/\/blogs.ua.es\/benidorm2\/wp-json\/wp\/v2\/types\/page"}],"author":[{"embeddable":true,"href":"https:\/\/blogs.ua.es\/benidorm2\/wp-json\/wp\/v2\/users\/3353"}],"replies":[{"embeddable":true,"href":"https:\/\/blogs.ua.es\/benidorm2\/wp-json\/wp\/v2\/comments?post=7"}],"version-history":[{"count":4,"href":"https:\/\/blogs.ua.es\/benidorm2\/wp-json\/wp\/v2\/pages\/7\/revisions"}],"predecessor-version":[{"id":323,"href":"https:\/\/blogs.ua.es\/benidorm2\/wp-json\/wp\/v2\/pages\/7\/revisions\/323"}],"wp:attachment":[{"href":"https:\/\/blogs.ua.es\/benidorm2\/wp-json\/wp\/v2\/media?parent=7"}],"curies":[{"name":"wp","href":"https:\/\/api.w.org\/{rel}","templated":true}]}}