{"id":9,"date":"2013-11-15T15:19:04","date_gmt":"2013-11-15T15:19:04","guid":{"rendered":"https:\/\/blogs.ua.es\/benidorm2\/?page_id=9"},"modified":"2014-01-14T19:12:24","modified_gmt":"2014-01-14T19:12:24","slug":"valoracion","status":"publish","type":"page","link":"https:\/\/blogs.ua.es\/benidorm2\/valoracion\/","title":{"rendered":"Valoraci\u00f3n"},"content":{"rendered":"<p>Al contrario de lo que cab\u00eda esperar, la realizaci\u00f3n de este blog me ha parecido ligera e incluso entretenida. Mi intenci\u00f3n era buscar escrituras originales y creativas, pero en ocasiones tuve que conformarme con cosas sencillas, ya que la publicidad fija, en mi opini\u00f3n, no es demasiado sorprendente. En publicidad ef\u00edmera, sin embargo, puedes encontrar de todo. Una de las cosas que m\u00e1s me han gustado ha sido pasearme por el mercadillo en busca de letreros curiosos, lo cual no fue tan f\u00e1cil como esperaba, ya que la mayor\u00eda estaban impresos. Pero lo mejor sin duda son los graffitis iconogr\u00e1ficos. No es tarea f\u00e1cil encontrar dibujos en los muros y no meros garabatos o firmas de graffiteros, por eso me emocionaba cuando ve\u00eda alg\u00fan graffiti interesante.\u00a0Gracias a este trabajo, cada vez que salga a la calle me fijar\u00e9 mejor en las escrituras expuestas que vea.<\/p>\n<p>\u00c1ngela Toledo Fern\u00e1ndez<\/p>\n<p>La realizaci\u00f3n de este trabajo sobre las<strong> escrituras expuestas<\/strong> y en s\u00ed la creaci\u00f3n de <strong>blog<\/strong> me ha parecido una actividad extraordinariamente<strong> instructiva<\/strong>. Al realizar este trabajo me he dado cuenta de lo<strong> importante<\/strong> que puede resultar la<strong> escritura expuesta<\/strong> para <strong>investigar<\/strong> y conocer la <strong>historia<\/strong> tanto del pasado como del presente. Aveces un simple <strong>letrero<\/strong> o un <strong>graffiti<\/strong> de car\u00e1cter social te puede reflejar de mejor manera la &#8220;realidad del momento&#8221; que cientos de tratados sobre esa &#8220;realidad hist\u00f3rica&#8221; , ya que cabe la gran probabilidad de que estos tratados sean manipulados (ya sea hacia un fin pol\u00edtico o religioso) por lo que suelen resultar poco objetivos en cambio las escrituras expuestas son todo un tesoro para un historiador. Por lo que creo que es un <strong>magnifico tema<\/strong> para que desarrollemos nuestras habilidades tanto como <strong>investigadores hist\u00f3ricos<\/strong> como <strong>aprendices inform\u00e1ticos<\/strong>.<\/p>\n<p><em>Isyakovich, Polina<\/em><\/p>\n","protected":false},"excerpt":{"rendered":"<p>Al contrario de lo que cab\u00eda esperar, la realizaci\u00f3n de este blog me ha parecido ligera e incluso entretenida. Mi intenci\u00f3n era buscar escrituras originales y creativas, pero en ocasiones tuve que conformarme con cosas sencillas, ya que la publicidad fija, en mi opini\u00f3n, no es demasiado sorprendente. En publicidad ef\u00edmera, sin embargo, puedes encontrar [&hellip;]<\/p>\n","protected":false},"author":3353,"featured_media":0,"parent":0,"menu_order":2,"comment_status":"open","ping_status":"open","template":"","meta":{"footnotes":""},"class_list":["post-9","page","type-page","status-publish","hentry"],"_links":{"self":[{"href":"https:\/\/blogs.ua.es\/benidorm2\/wp-json\/wp\/v2\/pages\/9","targetHints":{"allow":["GET"]}}],"collection":[{"href":"https:\/\/blogs.ua.es\/benidorm2\/wp-json\/wp\/v2\/pages"}],"about":[{"href":"https:\/\/blogs.ua.es\/benidorm2\/wp-json\/wp\/v2\/types\/page"}],"author":[{"embeddable":true,"href":"https:\/\/blogs.ua.es\/benidorm2\/wp-json\/wp\/v2\/users\/3353"}],"replies":[{"embeddable":true,"href":"https:\/\/blogs.ua.es\/benidorm2\/wp-json\/wp\/v2\/comments?post=9"}],"version-history":[{"count":5,"href":"https:\/\/blogs.ua.es\/benidorm2\/wp-json\/wp\/v2\/pages\/9\/revisions"}],"predecessor-version":[{"id":332,"href":"https:\/\/blogs.ua.es\/benidorm2\/wp-json\/wp\/v2\/pages\/9\/revisions\/332"}],"wp:attachment":[{"href":"https:\/\/blogs.ua.es\/benidorm2\/wp-json\/wp\/v2\/media?parent=9"}],"curies":[{"name":"wp","href":"https:\/\/api.w.org\/{rel}","templated":true}]}}