{"id":9,"date":"2013-11-15T09:25:18","date_gmt":"2013-11-15T09:25:18","guid":{"rendered":"https:\/\/blogs.ua.es\/benimagrell1\/?page_id=9"},"modified":"2014-01-13T19:14:28","modified_gmt":"2014-01-13T19:14:28","slug":"valoracion","status":"publish","type":"page","link":"https:\/\/blogs.ua.es\/benimagrell1\/valoracion\/","title":{"rendered":"Valoraci\u00f3n"},"content":{"rendered":"<p>Como valoraci\u00f3n de este trabajo, he de decir que me ha sido muy \u00fatil la creaci\u00f3n de este blog, ya que me ha ense\u00f1ado a conocer bastante m\u00e1s acerca de todo lo relacionado con internet y como ayuda para un posible futuro donde necesite todas estas herramientas. Adem\u00e1s lo considero un proyecto muy interesante para dar a conocer los tipos de escrituras expuestas que existen y los diferentes usos que se les dan (pol\u00edticos, religiosos, sociales, etc).<\/p>\n","protected":false},"excerpt":{"rendered":"<p>Como valoraci\u00f3n de este trabajo, he de decir que me ha sido muy \u00fatil la creaci\u00f3n de este blog, ya que me ha ense\u00f1ado a conocer bastante m\u00e1s acerca de todo lo relacionado con internet y como ayuda para un posible futuro donde necesite todas estas herramientas. Adem\u00e1s lo considero un proyecto muy interesante para [&hellip;]<\/p>\n","protected":false},"author":3260,"featured_media":0,"parent":0,"menu_order":2,"comment_status":"open","ping_status":"open","template":"","meta":{"footnotes":""},"class_list":["post-9","page","type-page","status-publish","hentry"],"_links":{"self":[{"href":"https:\/\/blogs.ua.es\/benimagrell1\/wp-json\/wp\/v2\/pages\/9","targetHints":{"allow":["GET"]}}],"collection":[{"href":"https:\/\/blogs.ua.es\/benimagrell1\/wp-json\/wp\/v2\/pages"}],"about":[{"href":"https:\/\/blogs.ua.es\/benimagrell1\/wp-json\/wp\/v2\/types\/page"}],"author":[{"embeddable":true,"href":"https:\/\/blogs.ua.es\/benimagrell1\/wp-json\/wp\/v2\/users\/3260"}],"replies":[{"embeddable":true,"href":"https:\/\/blogs.ua.es\/benimagrell1\/wp-json\/wp\/v2\/comments?post=9"}],"version-history":[{"count":3,"href":"https:\/\/blogs.ua.es\/benimagrell1\/wp-json\/wp\/v2\/pages\/9\/revisions"}],"predecessor-version":[{"id":85,"href":"https:\/\/blogs.ua.es\/benimagrell1\/wp-json\/wp\/v2\/pages\/9\/revisions\/85"}],"wp:attachment":[{"href":"https:\/\/blogs.ua.es\/benimagrell1\/wp-json\/wp\/v2\/media?parent=9"}],"curies":[{"name":"wp","href":"https:\/\/api.w.org\/{rel}","templated":true}]}}