{"id":4,"date":"2013-12-13T09:01:02","date_gmt":"2013-12-13T09:01:02","guid":{"rendered":"https:\/\/blogs.ua.es\/biar\/?page_id=4"},"modified":"2014-01-14T15:55:31","modified_gmt":"2014-01-14T15:55:31","slug":"presentacio","status":"publish","type":"page","link":"https:\/\/blogs.ua.es\/biar\/presentacio\/","title":{"rendered":"Presentaci\u00f3"},"content":{"rendered":"<p>Som Manuel Ivorra i Irene Ag\u00fces i hem elaborat un blog d&#8217;escriptures exposades \u00a0a Biar, municipi de l&#8217;Alt Vinalop\u00f3. Aquesta feina de despla\u00e7ament, presa de fotografies i redacci\u00f3 del blog, ha estat feta per a l&#8217;assignatura de Fonts i documents per a la Hist\u00f2ria, impartida al primer curs del Grau en Hist\u00f2ria a la <a href=\"http:\/\/www.ua.es\">Universitat d&#8217;Alacant<\/a>.<\/p>\n","protected":false},"excerpt":{"rendered":"<p>Som Manuel Ivorra i Irene Ag\u00fces i hem elaborat un blog d&#8217;escriptures exposades \u00a0a Biar, municipi de l&#8217;Alt Vinalop\u00f3. Aquesta feina de despla\u00e7ament, presa de fotografies i redacci\u00f3 del blog, ha estat feta per a l&#8217;assignatura de Fonts i documents per a la Hist\u00f2ria, impartida al primer curs del Grau en Hist\u00f2ria a la Universitat [&hellip;]<\/p>\n","protected":false},"author":3460,"featured_media":0,"parent":0,"menu_order":0,"comment_status":"open","ping_status":"open","template":"","meta":{"footnotes":""},"class_list":["post-4","page","type-page","status-publish","hentry"],"_links":{"self":[{"href":"https:\/\/blogs.ua.es\/biar\/wp-json\/wp\/v2\/pages\/4","targetHints":{"allow":["GET"]}}],"collection":[{"href":"https:\/\/blogs.ua.es\/biar\/wp-json\/wp\/v2\/pages"}],"about":[{"href":"https:\/\/blogs.ua.es\/biar\/wp-json\/wp\/v2\/types\/page"}],"author":[{"embeddable":true,"href":"https:\/\/blogs.ua.es\/biar\/wp-json\/wp\/v2\/users\/3460"}],"replies":[{"embeddable":true,"href":"https:\/\/blogs.ua.es\/biar\/wp-json\/wp\/v2\/comments?post=4"}],"version-history":[{"count":5,"href":"https:\/\/blogs.ua.es\/biar\/wp-json\/wp\/v2\/pages\/4\/revisions"}],"predecessor-version":[{"id":152,"href":"https:\/\/blogs.ua.es\/biar\/wp-json\/wp\/v2\/pages\/4\/revisions\/152"}],"wp:attachment":[{"href":"https:\/\/blogs.ua.es\/biar\/wp-json\/wp\/v2\/media?parent=4"}],"curies":[{"name":"wp","href":"https:\/\/api.w.org\/{rel}","templated":true}]}}