{"id":6,"date":"2013-12-13T09:02:47","date_gmt":"2013-12-13T09:02:47","guid":{"rendered":"https:\/\/blogs.ua.es\/biar\/?page_id=6"},"modified":"2014-01-14T16:03:37","modified_gmt":"2014-01-14T16:03:37","slug":"introduccio","status":"publish","type":"page","link":"https:\/\/blogs.ua.es\/biar\/introduccio\/","title":{"rendered":"Introducci\u00f3"},"content":{"rendered":"<p>El blog est\u00e0 format per diverses entrades elaborades de forma individual pels dos membres del grup. Cada entrada pertany a una categoria d&#8217;escriptures exposades. Les entrades estan compostes per un t\u00edtol, una imatge, un comentari sobre la imatge, la informaci\u00f3 sobre la localitzaci\u00f3 de la imatge i la bibliografia emprada. Per a facilitar la navegaci\u00f3 pel blog hi ha una llista de categories, en la qual estan ordenades les entrades. Hem escollit una configuraci\u00f3 din\u00e0mica i senzilla per a que es puga gaudir del blog sense complicacions. La informaci\u00f3 ac\u00ed recollida est\u00e0 destinada a ser utilitzada per tot aquell a qui li siga d&#8217;utilitat.<\/p>\n","protected":false},"excerpt":{"rendered":"<p>El blog est\u00e0 format per diverses entrades elaborades de forma individual pels dos membres del grup. Cada entrada pertany a una categoria d&#8217;escriptures exposades. Les entrades estan compostes per un t\u00edtol, una imatge, un comentari sobre la imatge, la informaci\u00f3 sobre la localitzaci\u00f3 de la imatge i la bibliografia emprada. Per a facilitar la navegaci\u00f3 [&hellip;]<\/p>\n","protected":false},"author":3460,"featured_media":0,"parent":0,"menu_order":1,"comment_status":"open","ping_status":"open","template":"","meta":{"footnotes":""},"class_list":["post-6","page","type-page","status-publish","hentry"],"_links":{"self":[{"href":"https:\/\/blogs.ua.es\/biar\/wp-json\/wp\/v2\/pages\/6","targetHints":{"allow":["GET"]}}],"collection":[{"href":"https:\/\/blogs.ua.es\/biar\/wp-json\/wp\/v2\/pages"}],"about":[{"href":"https:\/\/blogs.ua.es\/biar\/wp-json\/wp\/v2\/types\/page"}],"author":[{"embeddable":true,"href":"https:\/\/blogs.ua.es\/biar\/wp-json\/wp\/v2\/users\/3460"}],"replies":[{"embeddable":true,"href":"https:\/\/blogs.ua.es\/biar\/wp-json\/wp\/v2\/comments?post=6"}],"version-history":[{"count":5,"href":"https:\/\/blogs.ua.es\/biar\/wp-json\/wp\/v2\/pages\/6\/revisions"}],"predecessor-version":[{"id":156,"href":"https:\/\/blogs.ua.es\/biar\/wp-json\/wp\/v2\/pages\/6\/revisions\/156"}],"wp:attachment":[{"href":"https:\/\/blogs.ua.es\/biar\/wp-json\/wp\/v2\/media?parent=6"}],"curies":[{"name":"wp","href":"https:\/\/api.w.org\/{rel}","templated":true}]}}