{"id":8,"date":"2013-12-13T09:03:25","date_gmt":"2013-12-13T09:03:25","guid":{"rendered":"https:\/\/blogs.ua.es\/biar\/?page_id=8"},"modified":"2014-01-14T16:11:27","modified_gmt":"2014-01-14T16:11:27","slug":"valoracio","status":"publish","type":"page","link":"https:\/\/blogs.ua.es\/biar\/valoracio\/","title":{"rendered":"Valoraci\u00f3"},"content":{"rendered":"<p>La realitzaci\u00f3 d&#8217;aquest treball ens ha apropat a una localitat que no coneix\u00edem i ens ha obligat a posar atenci\u00f3 en les escriptures que mai ens criden l&#8217;atenci\u00f3. D&#8217;aquesta forma el treball ens ha perm\u00e8s con\u00e8ixer un poble des d&#8217;una perspectiva molt distinta a la que estem acostumats, la de les escriptures exposades. Ha estat molt interessant l&#8217;experi\u00e8ncia acad\u00e8mica, ja que hem pogut traslladar els coneixements rebuts, des de l&#8217;aula al carrer i posteriorment a la web.<\/p>\n","protected":false},"excerpt":{"rendered":"<p>La realitzaci\u00f3 d&#8217;aquest treball ens ha apropat a una localitat que no coneix\u00edem i ens ha obligat a posar atenci\u00f3 en les escriptures que mai ens criden l&#8217;atenci\u00f3. D&#8217;aquesta forma el treball ens ha perm\u00e8s con\u00e8ixer un poble des d&#8217;una perspectiva molt distinta a la que estem acostumats, la de les escriptures exposades. Ha estat [&hellip;]<\/p>\n","protected":false},"author":3460,"featured_media":0,"parent":0,"menu_order":2,"comment_status":"open","ping_status":"open","template":"","meta":{"footnotes":""},"class_list":["post-8","page","type-page","status-publish","hentry"],"_links":{"self":[{"href":"https:\/\/blogs.ua.es\/biar\/wp-json\/wp\/v2\/pages\/8","targetHints":{"allow":["GET"]}}],"collection":[{"href":"https:\/\/blogs.ua.es\/biar\/wp-json\/wp\/v2\/pages"}],"about":[{"href":"https:\/\/blogs.ua.es\/biar\/wp-json\/wp\/v2\/types\/page"}],"author":[{"embeddable":true,"href":"https:\/\/blogs.ua.es\/biar\/wp-json\/wp\/v2\/users\/3460"}],"replies":[{"embeddable":true,"href":"https:\/\/blogs.ua.es\/biar\/wp-json\/wp\/v2\/comments?post=8"}],"version-history":[{"count":3,"href":"https:\/\/blogs.ua.es\/biar\/wp-json\/wp\/v2\/pages\/8\/revisions"}],"predecessor-version":[{"id":158,"href":"https:\/\/blogs.ua.es\/biar\/wp-json\/wp\/v2\/pages\/8\/revisions\/158"}],"wp:attachment":[{"href":"https:\/\/blogs.ua.es\/biar\/wp-json\/wp\/v2\/media?parent=8"}],"curies":[{"name":"wp","href":"https:\/\/api.w.org\/{rel}","templated":true}]}}