{"id":2,"date":"2008-02-27T17:31:39","date_gmt":"2008-02-27T16:31:39","guid":{"rendered":""},"modified":"2010-05-31T15:56:48","modified_gmt":"2010-05-31T13:56:48","slug":"acerca-de","status":"publish","type":"page","link":"https:\/\/blogs.ua.es\/bibciencias\/acerca-de\/","title":{"rendered":"Informaci\u00f3n"},"content":{"rendered":"<p>La <a href=\"http:\/\/biblioteca.ua.es\/ciencias\">Biblioteca de la Facultad de Ciencias<\/a> forma parte del SIBID (Servicio de Informaci\u00f3n Bibliogr\u00e1fica y Documental) de la Universidad de Alicante. Tiene la misi\u00f3n de satisfacer las necesidades de informaci\u00f3n bibliogr\u00e1fica y colaborar en los procesos de creaci\u00f3n del conocimiento y la investigaci\u00f3n cient\u00edfica de la Comunidad Universitaria, a fin de contribuir a la consecuci\u00f3n de sus objetivos.<\/p>\n<p>Si tienes alguna duda o sugerencia no dudes en ponerte en contacto con <a href=\"mailto:Bibli.Ciencies@ua.es\">nosotros<\/a>.<\/p>\n","protected":false},"excerpt":{"rendered":"<p>La Biblioteca de la Facultad de Ciencias forma parte del SIBID (Servicio de Informaci\u00f3n Bibliogr\u00e1fica y Documental) de la Universidad de Alicante. Tiene la misi\u00f3n de satisfacer las necesidades de informaci\u00f3n bibliogr\u00e1fica y colaborar en los procesos de creaci\u00f3n del conocimiento y la investigaci\u00f3n cient\u00edfica de la Comunidad Universitaria, a fin de contribuir a la [&hellip;]<\/p>\n","protected":false},"author":732,"featured_media":0,"parent":0,"menu_order":0,"comment_status":"closed","ping_status":"closed","template":"","meta":{"footnotes":""},"class_list":["post-2","page","type-page","status-publish","hentry"],"_links":{"self":[{"href":"https:\/\/blogs.ua.es\/bibciencias\/wp-json\/wp\/v2\/pages\/2","targetHints":{"allow":["GET"]}}],"collection":[{"href":"https:\/\/blogs.ua.es\/bibciencias\/wp-json\/wp\/v2\/pages"}],"about":[{"href":"https:\/\/blogs.ua.es\/bibciencias\/wp-json\/wp\/v2\/types\/page"}],"author":[{"embeddable":true,"href":"https:\/\/blogs.ua.es\/bibciencias\/wp-json\/wp\/v2\/users\/732"}],"replies":[{"embeddable":true,"href":"https:\/\/blogs.ua.es\/bibciencias\/wp-json\/wp\/v2\/comments?post=2"}],"version-history":[{"count":1,"href":"https:\/\/blogs.ua.es\/bibciencias\/wp-json\/wp\/v2\/pages\/2\/revisions"}],"predecessor-version":[{"id":986,"href":"https:\/\/blogs.ua.es\/bibciencias\/wp-json\/wp\/v2\/pages\/2\/revisions\/986"}],"wp:attachment":[{"href":"https:\/\/blogs.ua.es\/bibciencias\/wp-json\/wp\/v2\/media?parent=2"}],"curies":[{"name":"wp","href":"https:\/\/api.w.org\/{rel}","templated":true}]}}