{"id":280,"date":"2009-01-20T20:48:04","date_gmt":"2009-01-20T18:48:04","guid":{"rendered":"https:\/\/blogs.ua.es\/bibciencias\/?page_id=280"},"modified":"2009-01-20T20:52:08","modified_gmt":"2009-01-20T18:52:08","slug":"reales-sociedades-espanolas","status":"publish","type":"page","link":"https:\/\/blogs.ua.es\/bibciencias\/acerca-de\/reales-sociedades-espanolas\/","title":{"rendered":"Reales Sociedades Espa\u00f1olas"},"content":{"rendered":"<p>Con el fin de contribuir al conocimiento cient\u00edfico y el desarrollo tecnol\u00f3gico, hemos incluido en esta p\u00e1gina los enlaces a diversas Reales Sociedades Espa\u00f1olas.<\/p>\n<ul>\n<li><a href=\"http:\/\/www.rsef.org\/\">Real Sociedad Espa\u00f1ola de F\u00edsica<\/a><\/li>\n<li><a href=\"http:\/\/www.rseq.org\/\">Real Sociedad Espa\u00f1ola de Qu\u00edmica<\/a><\/li>\n<li><a href=\"http:\/\/www.rsme.es\/\">Real Sociedad Matem\u00e1tica Espa\u00f1ola<\/a><\/li>\n<\/ul>\n<p>\u00bfConoces alguna p\u00e1gina interesante m\u00e1s? M\u00e1ndanos un mail a<br \/>\nB i b l i . C i e n c i e s @ u a . e s<\/p>\n","protected":false},"excerpt":{"rendered":"<p>Con el fin de contribuir al conocimiento cient\u00edfico y el desarrollo tecnol\u00f3gico, hemos incluido en esta p\u00e1gina los enlaces a diversas Reales Sociedades Espa\u00f1olas. Real Sociedad Espa\u00f1ola de F\u00edsica Real Sociedad Espa\u00f1ola de Qu\u00edmica Real Sociedad Matem\u00e1tica Espa\u00f1ola \u00bfConoces alguna p\u00e1gina interesante m\u00e1s? M\u00e1ndanos un mail a B i b l i . C i [&hellip;]<\/p>\n","protected":false},"author":732,"featured_media":0,"parent":2,"menu_order":0,"comment_status":"open","ping_status":"closed","template":"","meta":{"footnotes":""},"class_list":["post-280","page","type-page","status-publish","hentry"],"_links":{"self":[{"href":"https:\/\/blogs.ua.es\/bibciencias\/wp-json\/wp\/v2\/pages\/280","targetHints":{"allow":["GET"]}}],"collection":[{"href":"https:\/\/blogs.ua.es\/bibciencias\/wp-json\/wp\/v2\/pages"}],"about":[{"href":"https:\/\/blogs.ua.es\/bibciencias\/wp-json\/wp\/v2\/types\/page"}],"author":[{"embeddable":true,"href":"https:\/\/blogs.ua.es\/bibciencias\/wp-json\/wp\/v2\/users\/732"}],"replies":[{"embeddable":true,"href":"https:\/\/blogs.ua.es\/bibciencias\/wp-json\/wp\/v2\/comments?post=280"}],"version-history":[{"count":2,"href":"https:\/\/blogs.ua.es\/bibciencias\/wp-json\/wp\/v2\/pages\/280\/revisions"}],"predecessor-version":[{"id":282,"href":"https:\/\/blogs.ua.es\/bibciencias\/wp-json\/wp\/v2\/pages\/280\/revisions\/282"}],"up":[{"embeddable":true,"href":"https:\/\/blogs.ua.es\/bibciencias\/wp-json\/wp\/v2\/pages\/2"}],"wp:attachment":[{"href":"https:\/\/blogs.ua.es\/bibciencias\/wp-json\/wp\/v2\/media?parent=280"}],"curies":[{"name":"wp","href":"https:\/\/api.w.org\/{rel}","templated":true}]}}