{"id":283,"date":"2009-01-20T21:06:17","date_gmt":"2009-01-20T19:06:17","guid":{"rendered":"https:\/\/blogs.ua.es\/bibciencias\/?page_id=283"},"modified":"2009-01-22T16:04:08","modified_gmt":"2009-01-22T14:04:08","slug":"asociaciones-cientificas","status":"publish","type":"page","link":"https:\/\/blogs.ua.es\/bibciencias\/acerca-de\/asociaciones-cientificas\/","title":{"rendered":"Asociaciones cient\u00edficas"},"content":{"rendered":"<p>Con el fin de contribuir al conocimiento cient\u00edfico y el desarrollo tecnol\u00f3gico, hemos incluido en esta p\u00e1gina los enlaces a diversas Asociaciones Cient\u00edficas Espa\u00f1olas.<\/p>\n<ul>\n<li><a href=\"http:\/\/www.aegh.org\/\">Asociaci\u00f3n Espa\u00f1ola de Gen\u00e9tica Humana<\/a><\/li>\n<li><a href=\"http:\/\/www.anque.es\/\">Asociaci\u00f3n Nacional de Qu\u00edmicos de Espa\u00f1a<\/a><\/li>\n<li><a href=\"http:\/\/www.aih-ge.org\/\">Asociaci\u00f3n Internacional de Hidroge\u00f3logos<\/a><\/li>\n<\/ul>\n<p>\u00bfConoces alguna p\u00e1gina interesante m\u00e1s? M\u00e1ndanos un mail a<br \/>\nB i b l i . C i e n c i e s @ u a . e s<\/p>\n","protected":false},"excerpt":{"rendered":"<p>Con el fin de contribuir al conocimiento cient\u00edfico y el desarrollo tecnol\u00f3gico, hemos incluido en esta p\u00e1gina los enlaces a diversas Asociaciones Cient\u00edficas Espa\u00f1olas. Asociaci\u00f3n Espa\u00f1ola de Gen\u00e9tica Humana Asociaci\u00f3n Nacional de Qu\u00edmicos de Espa\u00f1a Asociaci\u00f3n Internacional de Hidroge\u00f3logos \u00bfConoces alguna p\u00e1gina interesante m\u00e1s? M\u00e1ndanos un mail a B i b l i . C [&hellip;]<\/p>\n","protected":false},"author":732,"featured_media":0,"parent":2,"menu_order":0,"comment_status":"open","ping_status":"closed","template":"","meta":{"footnotes":""},"class_list":["post-283","page","type-page","status-publish","hentry"],"_links":{"self":[{"href":"https:\/\/blogs.ua.es\/bibciencias\/wp-json\/wp\/v2\/pages\/283","targetHints":{"allow":["GET"]}}],"collection":[{"href":"https:\/\/blogs.ua.es\/bibciencias\/wp-json\/wp\/v2\/pages"}],"about":[{"href":"https:\/\/blogs.ua.es\/bibciencias\/wp-json\/wp\/v2\/types\/page"}],"author":[{"embeddable":true,"href":"https:\/\/blogs.ua.es\/bibciencias\/wp-json\/wp\/v2\/users\/732"}],"replies":[{"embeddable":true,"href":"https:\/\/blogs.ua.es\/bibciencias\/wp-json\/wp\/v2\/comments?post=283"}],"version-history":[{"count":2,"href":"https:\/\/blogs.ua.es\/bibciencias\/wp-json\/wp\/v2\/pages\/283\/revisions"}],"predecessor-version":[{"id":299,"href":"https:\/\/blogs.ua.es\/bibciencias\/wp-json\/wp\/v2\/pages\/283\/revisions\/299"}],"up":[{"embeddable":true,"href":"https:\/\/blogs.ua.es\/bibciencias\/wp-json\/wp\/v2\/pages\/2"}],"wp:attachment":[{"href":"https:\/\/blogs.ua.es\/bibciencias\/wp-json\/wp\/v2\/media?parent=283"}],"curies":[{"name":"wp","href":"https:\/\/api.w.org\/{rel}","templated":true}]}}