{"id":83,"date":"2009-01-20T19:54:30","date_gmt":"2009-01-20T17:54:30","guid":{"rendered":"https:\/\/blogs.ua.es\/bibciencias\/?page_id=83"},"modified":"2009-01-20T20:11:09","modified_gmt":"2009-01-20T18:11:09","slug":"sociedades-espanolas","status":"publish","type":"page","link":"https:\/\/blogs.ua.es\/bibciencias\/acerca-de\/sociedades-espanolas\/","title":{"rendered":"Sociedades Espa\u00f1olas"},"content":{"rendered":"<p>Con el fin de contribuir al conocimiento cient\u00edfico y el desarrollo tecnol\u00f3gico, hemos incluido en esta p\u00e1gina los enlaces a diversas Sociedades Espa\u00f1olas.<\/p>\n<ul>\n<li><a href=\"http:\/\/www.s-ea.org\/\">Sociedad de Espectroscop\u00eda Aplicada<\/a><\/li>\n<li><a href=\"http:\/\/sea.am.ub.es\/\">Sociedad Espa\u00f1ola de Astronom\u00eda<\/a><\/li>\n<li><a href=\"http:\/\/www.sebc.es\/\">Sociedad Espa\u00f1ola de Biolog\u00eda Celular<\/a><\/li>\n<li><a href=\"http:\/\/sebbm.bq.ub.es\/\">Sociedad Espa\u00f1ola de Bioqu\u00edmica y Biologia Molecular<\/a><\/li>\n<li><a href=\"http:\/\/www.sebiot.org\/\">Sociedad Espa\u00f1ola de Biotecnolog\u00eda<\/a><\/li>\n<li><a href=\"http:\/\/www.secv.es\/\">Sociedad Espa\u00f1ola de Cer\u00e1mica y Vidrio<\/a><\/li>\n<li><a href=\"http:\/\/www.secforestales.org\/\">Sociedad Espa\u00f1ola de Ciencias Forestales<\/a><\/li>\n<li><a href=\"http:\/\/www.seea.es\/\">Sociedad Espa\u00f1ola de Entomolog\u00eda Aplicada<\/a><\/li>\n<li><a href=\"http:\/\/www.sefv.net\/\">Sociedad Espa\u00f1ola de Fisiolog\u00eda Vegetal<\/a><\/li>\n<li><a href=\"http:\/\/www.sef.es\/\">Sociedad Espa\u00f1ola de Fitopatolog\u00eda<\/a><\/li>\n<li><a href=\"http:\/\/www.segenetica.es\/\">Sociedad Espa\u00f1ola de Gen\u00e9tica<\/a><\/li>\n<li><a href=\"http:\/\/www.geomorfologia.es\/\">Sociedad Espa\u00f1ola de Geomorfolog\u00eda<\/a><\/li>\n<li><a href=\"http:\/\/www.ehu.es\/seh\/\">Sociedad Espa\u00f1ola de Histolog\u00eda e Ingenier\u00eda Tisular<\/a><\/li>\n<li><a href=\"http:\/\/www.inmunologia.org\/\">Sociedad Espa\u00f1ola de Inmunolog\u00eda<\/a><\/li>\n<li><a href=\"http:\/\/www.semh.net\/\">Sociedad Espa\u00f1ola de Malherbolog\u00eda<\/a><\/li>\n<li><a href=\"http:\/\/www.sema.org.es\/\">Sociedad Espa\u00f1ola de Matem\u00e1tica Aplicada<\/a><\/li>\n<li><a href=\"http:\/\/www.semicro.es\/\">Sociedad Espa\u00f1ola de Microbiolog\u00eda<\/a><\/li>\n<li><a href=\"http:\/\/www.ehu.es\/sem\/\">Sociedad Espa\u00f1ola de Mineralog\u00eda<\/a><\/li>\n<li><a href=\"http:\/\/www.senc.es\/\">Sociedad Espa\u00f1ola de Neurociencia<\/a><\/li>\n<li><a href=\"http:\/\/www.sepaleontologia.es\/\">Sociedad Espa\u00f1ola de Paleontolog\u00eda<\/a><\/li>\n<li><a href=\"http:\/\/www.ucm.es\/info\/parasito\/Socep\/socep.htm\">Sociedad Espa\u00f1ola de Parasitolog\u00eda<\/a><\/li>\n<li><a href=\"http:\/\/www.sociedadgeologica.es\/\">Sociedad Geol\u00f3gica de Espa\u00f1a<\/a><\/li>\n<\/ul>\n<p>\u00bfConoces alguna p\u00e1gina interesante m\u00e1s? M\u00e1ndanos un mail a<br \/>\nB i b l i . C i e n c i e s @ u a . e s<\/p>\n","protected":false},"excerpt":{"rendered":"<p>Con el fin de contribuir al conocimiento cient\u00edfico y el desarrollo tecnol\u00f3gico, hemos incluido en esta p\u00e1gina los enlaces a diversas Sociedades Espa\u00f1olas. Sociedad de Espectroscop\u00eda Aplicada Sociedad Espa\u00f1ola de Astronom\u00eda Sociedad Espa\u00f1ola de Biolog\u00eda Celular Sociedad Espa\u00f1ola de Bioqu\u00edmica y Biologia Molecular Sociedad Espa\u00f1ola de Biotecnolog\u00eda Sociedad Espa\u00f1ola de Cer\u00e1mica y Vidrio Sociedad Espa\u00f1ola [&hellip;]<\/p>\n","protected":false},"author":732,"featured_media":0,"parent":2,"menu_order":0,"comment_status":"open","ping_status":"closed","template":"","meta":{"footnotes":""},"class_list":["post-83","page","type-page","status-publish","hentry"],"_links":{"self":[{"href":"https:\/\/blogs.ua.es\/bibciencias\/wp-json\/wp\/v2\/pages\/83","targetHints":{"allow":["GET"]}}],"collection":[{"href":"https:\/\/blogs.ua.es\/bibciencias\/wp-json\/wp\/v2\/pages"}],"about":[{"href":"https:\/\/blogs.ua.es\/bibciencias\/wp-json\/wp\/v2\/types\/page"}],"author":[{"embeddable":true,"href":"https:\/\/blogs.ua.es\/bibciencias\/wp-json\/wp\/v2\/users\/732"}],"replies":[{"embeddable":true,"href":"https:\/\/blogs.ua.es\/bibciencias\/wp-json\/wp\/v2\/comments?post=83"}],"version-history":[{"count":10,"href":"https:\/\/blogs.ua.es\/bibciencias\/wp-json\/wp\/v2\/pages\/83\/revisions"}],"predecessor-version":[{"id":278,"href":"https:\/\/blogs.ua.es\/bibciencias\/wp-json\/wp\/v2\/pages\/83\/revisions\/278"}],"up":[{"embeddable":true,"href":"https:\/\/blogs.ua.es\/bibciencias\/wp-json\/wp\/v2\/pages\/2"}],"wp:attachment":[{"href":"https:\/\/blogs.ua.es\/bibciencias\/wp-json\/wp\/v2\/media?parent=83"}],"curies":[{"name":"wp","href":"https:\/\/api.w.org\/{rel}","templated":true}]}}