{"id":156,"date":"2013-01-26T18:48:39","date_gmt":"2013-01-26T18:48:39","guid":{"rendered":"https:\/\/blogs.ua.es\/bibliotecaalfonsomagnanimo\/?page_id=156"},"modified":"2013-01-26T23:35:39","modified_gmt":"2013-01-26T23:35:39","slug":"metodologia","status":"publish","type":"page","link":"https:\/\/blogs.ua.es\/bibliotecaalfonsomagnanimo\/metodologia\/","title":{"rendered":"Metodolog\u00eda"},"content":{"rendered":"<p style=\"text-align: justify\">Para crear un blog, en este caso de la UA, el primer paso es entrar a la\u00a0<a href=\"http:\/\/www.ua.es\/\">p\u00e1gina\u00a0web de la universidad<\/a>, clicar en el apartado de &#8220;recursos&#8221; y dentro de este en el de &#8220;recursos tecnol\u00f3gicos&#8221;, despu\u00e9s en &#8221; blogsUA&#8221;.<\/p>\n<p style=\"text-align: justify\">Llegados\u00a0aqu\u00ed\u00a0creamos el blog , rellenando unas casillas con \u00a0nuestros datos, siguiendo las instrucciones de la p\u00e1gina y\u00a0d\u00e1ndole\u00a0a crear sitio tendremos ya nuestro blog listo para desarrollar nuestro tema y personalizarlo conforme a \u00e9ste.<\/p>\n<p style=\"text-align: justify\">Este blog como forma parte de un trabajo realizado para la asignatura de Fuentes y Documentos para la Historia debe realizarse conforme a unas normas que se basan principalmente en emplear correctamente la NORMA ISO 690:2010 \u00a0en la realizaci\u00f3n de las referencias de las entradas creadas.<\/p>\n<p style=\"text-align: justify\"><span style=\"line-height: 1.4em\">Esta norma regula las referencias bibliogr\u00e1ficas de cualquier documento pero cada tipo \u00a0de documento seg\u00fan su origen tiene una forma distinta de redacci\u00f3n de la norma.<\/span><\/p>\n<p style=\"text-align: justify\"><strong>DOCUMENTOS IMPRESOS<\/strong><\/p>\n<p style=\"text-align: left\"><span style=\"text-decoration: underline\"><strong>Monograf\u00edas:<\/strong><\/span><\/p>\n<p style=\"text-align: left\">APELLIDOS, Nombre1. T\u00edtulo. (Otros colaboradores: traductor, editor, etc. se podr\u00edan hacer constar<br \/>\ncon la forma directa de nombre APELLIDOS). Edici\u00f3n. Lugar: Editor, a\u00f1o. Extensi\u00f3n (opcional).<br \/>\n(Serie; n\u00ba). ISBN.<br \/>\nSi el autor principal es corporativo, se hace constar el nombre directo en MAY\u00daSCULAS.<\/p>\n<p style=\"text-align: left\"><span style=\"text-decoration: underline\"><strong>Parte de una monograf\u00eda:<\/strong><\/span><\/p>\n<p style=\"text-align: left\">(Autor\/res de la parte) APELLIDOS, Nombre. T\u00edtulo de la parte. En: T\u00edtulo de la obra completa.<br \/>\nEdici\u00f3n. Lugar de edici\u00f3n: editor, a\u00f1o, pp. (p\u00e1ginas). ISBN.<\/p>\n<p style=\"text-align: left\"><span style=\"text-decoration: underline\"><strong>Publicaciones en serie (revista completa):<\/strong><\/span><\/p>\n<p style=\"text-align: left\">T\u00edtulo de la revista. Responsabilidad (si fuera necesario para identificarla por tratarse de un t\u00edtulo<br \/>\nmuy gen\u00e9rico. Ejem: Bolet\u00edn informativo). A\u00f1o de inicio-A\u00f1o de cierre2 (este \u00faltimo dato s\u00f3lo se<br \/>\nusa en el caso de revistas que han dejado de publicarse). ISSN.<\/p>\n<p style=\"text-align: left\"><span style=\"text-decoration: underline\"><strong>Art\u00edculos de revistas:<\/strong><\/span><\/p>\n<p style=\"text-align: left\">(Autor\/es de la contribuci\u00f3n) APELLIDOS, Nombre. T\u00edtulo del art\u00edculo. T\u00edtulo de la revista.<br \/>\n(Localizaci\u00f3n de la parte en el n\u00famero de la revista) A\u00f1o, volumen (n\u00ba), pp. ISSN.<\/p>\n<p style=\"text-align: left\"><strong>\u00a0DOCUMENTOS ELECTR\u00d3NICOS<\/strong><\/p>\n<p style=\"text-align: left\"><span style=\"text-decoration: underline\"><strong>Libros electr\u00f3nicos y monografias en l\u00ednea:<\/strong><\/span><\/p>\n<p style=\"text-align: left\">APELLIDOS, Nombre. T\u00edtulo [en l\u00ednea]. Lugar de publicaci\u00f3n: editor, fecha de publicaci\u00f3n<br \/>\n[Consulta: fecha de consulta]. Formato (pdf, etc), tama\u00f1o del fichero (MB). Disponible en: http:\/\/<\/p>\n<p><span style=\"text-decoration: underline\"><strong>Parte de monograf\u00eda en l\u00ednea:<\/strong><\/span><\/p>\n<p style=\"text-align: left\">(Autor\/es de la parte) APELLIDOS, Nombre. T\u00edtulo de la parte. En: T\u00edtulo de la obra completa [en<br \/>\nl\u00ednea]. Lugar de publicaci\u00f3n: editor, a\u00f1o, pp. [consulta: fecha de consulta]. Disponible en: http.\/\/<\/p>\n<p style=\"text-align: left\"><span style=\"text-decoration: underline\"><strong>Revista en l\u00ednea:<\/strong><\/span><\/p>\n<p style=\"text-align: left\"><strong>1.<\/strong> Modelo de revista de un paquete de revistas electr\u00f3nicas con una base de datos com\u00fan:<br \/>\nT\u00edtulo [en linea]. Lugar de edici\u00f3n: editor, fecha de publicaci\u00f3n, volumen, n\u00famero [consulta: fecha<br \/>\nde consulta]. Nombre de la base de datos. ISSN. Disponible en: http:\/\/<\/p>\n<p style=\"text-align: left\"><strong>2.<\/strong> Modelo de revista con acceso en l\u00ednea individualizado:<br \/>\nT\u00edtulo [en l\u00ednea]. Lugar de edici\u00f3n: editor, fecha de publicaci\u00f3n, volumen, n\u00famero [consulta: fecha<br \/>\nde consulta]. ISSN. Disponible en: http:\/\/<\/p>\n<p style=\"text-align: left\"><span style=\"text-decoration: underline\"><strong>Art\u00edculo de revista en l\u00ednea:<\/strong><\/span><\/p>\n<p style=\"text-align: left\">(Autor\/es del art\u00edculo) APELLIDOS, Nombre. T\u00edtulo del art\u00edculo. T\u00edtulo de la revista [en l\u00ednea].<br \/>\nLugar: editor, fecha de publicaci\u00f3n, vol\u00famen, n\u00famero [consulta: fecha de consulta]. ISSN.<br \/>\nDisponible en: http:\/\/<\/p>\n<p style=\"text-align: left\"><span style=\"text-decoration: underline\"><strong>Sitio web:<\/strong><\/span><\/p>\n<p style=\"text-align: left\">T\u00edtulo de la web. Editor, a\u00f1o [consulta: fecha de consulta]. Disponible en: http:\/\/<\/p>\n<p style=\"text-align: left\"><span style=\"text-decoration: underline\"><strong>Parte de un sitio web:<\/strong><\/span><\/p>\n<p style=\"text-align: left\">\u2022 Ejemplo de p\u00e1gina sin autor o autor colectivo (ejem.: art\u00edculo de wikipedia):<br \/>\nT\u00edtulo de la p\u00e1gina. T\u00edtulo del sitio web [en l\u00ednea]. Fecha y hora de edici\u00f3n o actualizaci\u00f3n<br \/>\n[consulta: fecha de cosulta]. Disponible en: http:\/\/<\/p>\n<p style=\"text-align: left\">\u2022 Ejemplo de p\u00e1gina o parte de un sitio web con autor:<br \/>\nAPELLIDOS, Nombre. T\u00edtulo de la p\u00e1gina o la parte. En: T\u00edtulo del sitio web [en l\u00ednea]. Fecha y<br \/>\nhora de edici\u00f3n [consulta: fecha y hora de consulta]. Disponible en: http:\/\/<\/p>\n<p style=\"text-align: left\"><strong>DOCUMENTOS ESPECIALES<\/strong><\/p>\n<p style=\"text-align: left\">\u00a0 \u00a0 \u00a0 \u00a0 \u00a0 \u00a0 \u00a0 \u00a0 \u00a0 \u00a0 \u00a0 \u00a0 \u00a0 \u00a0 \u00a0 \u00a0 \u00a0 \u00a0 \u00a0 \u00a0 \u00a0 \u00a0 \u00a0 \u00a0 \u00a0 \u00a0 \u00a0 \u00a0 \u00a0 \u00a0 \u00a0 \u00a0<span style=\"text-decoration: underline\"><strong>Mapas<\/strong><\/span><br \/>\n<strong>En papel:<\/strong><\/p>\n<p style=\"text-align: left\">T\u00edtulo. Escala. Lugar: Editor, a\u00f1o. Dimensiones (mm). Lugar donde se conserva y signatura.<\/p>\n<p style=\"text-align: left\"><strong>En Internet:<\/strong><\/p>\n<p>T\u00edtulo [en l\u00ednea]. Ubicaci\u00f3n y colecci\u00f3n [consulta: fecha de consulta]. Disponible en: http:\/\/<\/p>\n<p style=\"text-align: left\">\u00a0 \u00a0 \u00a0 \u00a0 \u00a0 \u00a0 \u00a0 \u00a0 \u00a0 \u00a0 \u00a0 \u00a0 \u00a0 \u00a0 \u00a0 \u00a0 \u00a0 \u00a0 \u00a0 \u00a0 \u00a0 \u00a0 \u00a0 \u00a0 \u00a0 \u00a0 <strong>\u00a0 \u00a0 \u00a0 \u00a0 <span style=\"text-decoration: underline\">\u00a0Pel\u00edculas<\/span><\/strong><\/p>\n<p style=\"text-align: left\">T\u00edtulo de la pel\u00edcula [Pel\u00edcula]. Dirigida por Nombre APELLIDOS. Pa\u00eds: Productora, a\u00f1o. Lugar:<br \/>\ndistribuida en Espa\u00f1a por&#8230;<br \/>\nEjemplo de documental o programa de emisi\u00f3n de TV:<br \/>\nTitulo. Nombre de la cadena de televisi\u00f3n, fecha.<\/p>\n<p style=\"text-align: left\">\u00a0 \u00a0 \u00a0 \u00a0 \u00a0 \u00a0 \u00a0 \u00a0 \u00a0 \u00a0 \u00a0 \u00a0 \u00a0 \u00a0 \u00a0 \u00a0 \u00a0 \u00a0 \u00a0 \u00a0 \u00a0 \u00a0 \u00a0 \u00a0 \u00a0 \u00a0 \u00a0 \u00a0 \u00a0<strong><span style=\"text-decoration: underline\">\u00a0Im\u00e1genes<\/span><\/strong><\/p>\n<p style=\"text-align: left\">APELLIDOS, Nombre. T\u00edtulo de la obra. A\u00f1o [imagen digital]. Museo&#8230; [consulta: fecha de<br \/>\nconsulta]. Disponible en: http:\/\/<\/p>\n<p style=\"text-align: justify\">\n","protected":false},"excerpt":{"rendered":"<p>Para crear un blog, en este caso de la UA, el primer paso es entrar a la\u00a0p\u00e1gina\u00a0web de la universidad, clicar en el apartado de &#8220;recursos&#8221; y dentro de este en el de &#8220;recursos tecnol\u00f3gicos&#8221;, despu\u00e9s en &#8221; blogsUA&#8221;. Llegados\u00a0aqu\u00ed\u00a0creamos el blog , rellenando unas casillas con \u00a0nuestros datos, siguiendo las instrucciones de la p\u00e1gina [&hellip;]<\/p>\n","protected":false},"author":2990,"featured_media":0,"parent":0,"menu_order":0,"comment_status":"open","ping_status":"open","template":"","meta":{"footnotes":""},"class_list":["post-156","page","type-page","status-publish","hentry"],"_links":{"self":[{"href":"https:\/\/blogs.ua.es\/bibliotecaalfonsomagnanimo\/wp-json\/wp\/v2\/pages\/156","targetHints":{"allow":["GET"]}}],"collection":[{"href":"https:\/\/blogs.ua.es\/bibliotecaalfonsomagnanimo\/wp-json\/wp\/v2\/pages"}],"about":[{"href":"https:\/\/blogs.ua.es\/bibliotecaalfonsomagnanimo\/wp-json\/wp\/v2\/types\/page"}],"author":[{"embeddable":true,"href":"https:\/\/blogs.ua.es\/bibliotecaalfonsomagnanimo\/wp-json\/wp\/v2\/users\/2990"}],"replies":[{"embeddable":true,"href":"https:\/\/blogs.ua.es\/bibliotecaalfonsomagnanimo\/wp-json\/wp\/v2\/comments?post=156"}],"version-history":[{"count":4,"href":"https:\/\/blogs.ua.es\/bibliotecaalfonsomagnanimo\/wp-json\/wp\/v2\/pages\/156\/revisions"}],"predecessor-version":[{"id":174,"href":"https:\/\/blogs.ua.es\/bibliotecaalfonsomagnanimo\/wp-json\/wp\/v2\/pages\/156\/revisions\/174"}],"wp:attachment":[{"href":"https:\/\/blogs.ua.es\/bibliotecaalfonsomagnanimo\/wp-json\/wp\/v2\/media?parent=156"}],"curies":[{"name":"wp","href":"https:\/\/api.w.org\/{rel}","templated":true}]}}