{"id":162,"date":"2013-01-26T21:52:36","date_gmt":"2013-01-26T21:52:36","guid":{"rendered":"https:\/\/blogs.ua.es\/bibliotecaalfonsomagnanimo\/?page_id=162"},"modified":"2013-01-27T09:47:19","modified_gmt":"2013-01-27T09:47:19","slug":"recursos-de-informacion","status":"publish","type":"page","link":"https:\/\/blogs.ua.es\/bibliotecaalfonsomagnanimo\/recursos-de-informacion\/","title":{"rendered":"Recursos de Informaci\u00f3n"},"content":{"rendered":"<p>La informaci\u00f3n que hemos utilizado para nuestro blog la hemos encontrado sobre todo en obras especializadas en el tema. Los libros indicados en las referencias los hemos encontrado en la Biblioteca General de la Universidad de Alicante y nos han sido de gran ayuda para la realizaci\u00f3n de nuestro trabajo. Los libros que hemos utilizado son:<\/p>\n<ul>\n<li><span style=\"line-height: 22.390625px\">La Biblioteca de Alfonso V de Arag\u00f3n en N\u00e1poles Vol.1<br \/>\n<\/span><\/li>\n<li><span style=\"line-height: 22.390625px\">La Biblioteca de Alfonso V de Arag\u00f3n en N\u00e1poles Vol.2<\/span><\/li>\n<li><span style=\"line-height: 22.390625px\">\u00a0San Miguel de los Reyes: de Biblioteca Real a la Biblioteca de Valencia.<\/span><\/li>\n<li><span style=\"line-height: 22.390625px\">La Biblioteca Real de N\u00e1poles de Alfonso el Magn\u00e1nimo al Duque de Calabria<\/span><\/li>\n<li><span style=\"line-height: 22.390625px\">Cat\u00e1logo de los incunables de la Biblioteca Universitaria de Valencia<\/span><\/li>\n<\/ul>\n<div>\u00a0Adem\u00e1s de ellos, hemos encontrado en la biblioteca otros recursos, como ha sido el caso de \u00a0un soporte \u00f3ptico, que hemos utilizado para informarnos e introducirnos en este tema (La Biblioteca Real de N\u00e1poles. En tiempos de la dinast\u00eda Aragonesa.[CD-ROM])<\/div>\n<div><\/div>\n<div><\/div>\n<div>Por \u00faltimo, aunque la informaci\u00f3n en internet sobre el tema es escasa, tambi\u00e9n hemos encontrado algunas p\u00e1ginas con informaci\u00f3n relacionada y que nos han ayudado a enriquecerlo, como es: http:\/\/www.europeanaregia.eu o\u00a0http:\/\/biblioteca.uv.es\/valenciano\/informacion\/coopera\/euroregia\/EuropeanaRegia_cagliari.pdf<\/div>\n<div><\/div>\n<div><\/div>\n<div>Esperamos que esta bibliogr\u00e1fia os sea de ayuda si\u00a0dese\u00e1is\u00a0informaros sobre \u00a0el tema.<\/div>\n","protected":false},"excerpt":{"rendered":"<p>La informaci\u00f3n que hemos utilizado para nuestro blog la hemos encontrado sobre todo en obras especializadas en el tema. Los libros indicados en las referencias los hemos encontrado en la Biblioteca General de la Universidad de Alicante y nos han sido de gran ayuda para la realizaci\u00f3n de nuestro trabajo. Los libros que hemos utilizado [&hellip;]<\/p>\n","protected":false},"author":2985,"featured_media":0,"parent":0,"menu_order":0,"comment_status":"open","ping_status":"open","template":"","meta":{"footnotes":""},"class_list":["post-162","page","type-page","status-publish","hentry"],"_links":{"self":[{"href":"https:\/\/blogs.ua.es\/bibliotecaalfonsomagnanimo\/wp-json\/wp\/v2\/pages\/162","targetHints":{"allow":["GET"]}}],"collection":[{"href":"https:\/\/blogs.ua.es\/bibliotecaalfonsomagnanimo\/wp-json\/wp\/v2\/pages"}],"about":[{"href":"https:\/\/blogs.ua.es\/bibliotecaalfonsomagnanimo\/wp-json\/wp\/v2\/types\/page"}],"author":[{"embeddable":true,"href":"https:\/\/blogs.ua.es\/bibliotecaalfonsomagnanimo\/wp-json\/wp\/v2\/users\/2985"}],"replies":[{"embeddable":true,"href":"https:\/\/blogs.ua.es\/bibliotecaalfonsomagnanimo\/wp-json\/wp\/v2\/comments?post=162"}],"version-history":[{"count":6,"href":"https:\/\/blogs.ua.es\/bibliotecaalfonsomagnanimo\/wp-json\/wp\/v2\/pages\/162\/revisions"}],"predecessor-version":[{"id":178,"href":"https:\/\/blogs.ua.es\/bibliotecaalfonsomagnanimo\/wp-json\/wp\/v2\/pages\/162\/revisions\/178"}],"wp:attachment":[{"href":"https:\/\/blogs.ua.es\/bibliotecaalfonsomagnanimo\/wp-json\/wp\/v2\/media?parent=162"}],"curies":[{"name":"wp","href":"https:\/\/api.w.org\/{rel}","templated":true}]}}