{"id":26,"date":"2013-01-08T21:41:10","date_gmt":"2013-01-08T21:41:10","guid":{"rendered":"https:\/\/blogs.ua.es\/bibliotecaalfonsomagnanimo\/?page_id=26"},"modified":"2013-01-08T22:06:32","modified_gmt":"2013-01-08T22:06:32","slug":"explicacion-general-del-tema","status":"publish","type":"page","link":"https:\/\/blogs.ua.es\/bibliotecaalfonsomagnanimo\/explicacion-general-del-tema\/","title":{"rendered":"Explicaci\u00f3n del tema"},"content":{"rendered":"<p>El tema que vamos a tratar en este blog es toda la \u00a0informaci\u00f3n referente a la Biblioteca del rey Alfonso el Magn\u00e1nimo, llamado as\u00ed por el mecenazgo que ejerci\u00f3 sobre notables humanistas \u00a0como fueron Lorenzo Valla o Bartolome Fazio y que beneficio en gran manera a la biblioteca. Tanto Alfonso como su hijo Fernando I \u00a0se interesaron fuertemente por aumentar el prestigio de la biblioteca y para ello destinaron muchas personas a la copia, encuadernaci\u00f3n e ilustraci\u00f3n de manuscritos.<\/p>\n<p>La colecci\u00f3n que albergaba la biblioteca \u00a0se increment\u00f3 no solo con estas copias o las donaciones realizadas por humanistas de la \u00e9poca o \u00a0fondos aportados por personajes relevantes de la historia como fueron Pedro IV o Martin el Humano, sino tambi\u00e9n por las numerosas incautaciones llevadas a cabo o por la compra de manuscritos.<\/p>\n<p>Una biblioteca de gran riqueza literaria que por desgracia fue v\u00edctima en el siglo XV de los problemas que atravesaba el reino y a partir de ese momento a lo largo de los a\u00f1os sus obras han ido\u00a0reparti\u00e9ndose\u00a0afectadas por desamortizaciones o otros males econ\u00f3micos y en la actualidad sus obras\u00a0est\u00e1n\u00a0repartidas en distintas bibliotecas.<\/p>\n","protected":false},"excerpt":{"rendered":"<p>El tema que vamos a tratar en este blog es toda la \u00a0informaci\u00f3n referente a la Biblioteca del rey Alfonso el Magn\u00e1nimo, llamado as\u00ed por el mecenazgo que ejerci\u00f3 sobre notables humanistas \u00a0como fueron Lorenzo Valla o Bartolome Fazio y que beneficio en gran manera a la biblioteca. Tanto Alfonso como su hijo Fernando I [&hellip;]<\/p>\n","protected":false},"author":2990,"featured_media":0,"parent":0,"menu_order":0,"comment_status":"open","ping_status":"open","template":"","meta":{"footnotes":""},"class_list":["post-26","page","type-page","status-publish","hentry"],"_links":{"self":[{"href":"https:\/\/blogs.ua.es\/bibliotecaalfonsomagnanimo\/wp-json\/wp\/v2\/pages\/26","targetHints":{"allow":["GET"]}}],"collection":[{"href":"https:\/\/blogs.ua.es\/bibliotecaalfonsomagnanimo\/wp-json\/wp\/v2\/pages"}],"about":[{"href":"https:\/\/blogs.ua.es\/bibliotecaalfonsomagnanimo\/wp-json\/wp\/v2\/types\/page"}],"author":[{"embeddable":true,"href":"https:\/\/blogs.ua.es\/bibliotecaalfonsomagnanimo\/wp-json\/wp\/v2\/users\/2990"}],"replies":[{"embeddable":true,"href":"https:\/\/blogs.ua.es\/bibliotecaalfonsomagnanimo\/wp-json\/wp\/v2\/comments?post=26"}],"version-history":[{"count":5,"href":"https:\/\/blogs.ua.es\/bibliotecaalfonsomagnanimo\/wp-json\/wp\/v2\/pages\/26\/revisions"}],"predecessor-version":[{"id":34,"href":"https:\/\/blogs.ua.es\/bibliotecaalfonsomagnanimo\/wp-json\/wp\/v2\/pages\/26\/revisions\/34"}],"wp:attachment":[{"href":"https:\/\/blogs.ua.es\/bibliotecaalfonsomagnanimo\/wp-json\/wp\/v2\/media?parent=26"}],"curies":[{"name":"wp","href":"https:\/\/api.w.org\/{rel}","templated":true}]}}