{"id":7,"date":"2012-12-07T12:09:32","date_gmt":"2012-12-07T12:09:32","guid":{"rendered":"https:\/\/blogs.ua.es\/bibliotecaalfonsomagnanimo\/?page_id=7"},"modified":"2013-01-24T19:21:01","modified_gmt":"2013-01-24T19:21:01","slug":"presentacion","status":"publish","type":"page","link":"https:\/\/blogs.ua.es\/bibliotecaalfonsomagnanimo\/presentacion\/","title":{"rendered":"Presentaci\u00f3n del blog"},"content":{"rendered":"<p>Este blog sobre la Biblioteca de Alfonso el Magn\u00e1nimo \u00a0esta realizado por Blanca Pastor Colomer e Irene Andreu Candela, alumnas del primer curso\u00a0del grado de Historia en la Universidad de Alicante.<\/p>\n<p>Realizamos un trabajo para la asignatura de Fuentes y documentos para la Historia, \u00a0en el cual haremos una recopilaci\u00f3n de toda la informaci\u00f3n aportada a lo largo de los a\u00f1os sobre la Biblioteca de Alfonso el Magn\u00e1nimo y las noticias de actualidad sobre el tema, todo esto siguiendo los conocimientos ense\u00f1ados en la asignatura sobre todo en cuanto a las referencias y su adecuaci\u00f3n a la norma ISO 690-2010.<\/p>\n<p>&nbsp;<\/p>\n<p><a href=\"https:\/\/blogs.ua.es\/bibliotecaalfonsomagnanimo\/files\/2012\/12\/logo-ua.png\"><img loading=\"lazy\" decoding=\"async\" class=\"alignleft size-full wp-image-10\" src=\"https:\/\/blogs.ua.es\/bibliotecaalfonsomagnanimo\/files\/2012\/12\/logo-ua.png\" alt=\"Universidad de Alicante\" width=\"263\" height=\"45\" \/><\/a><\/p>\n<p>&nbsp;<\/p>\n","protected":false},"excerpt":{"rendered":"<p>Este blog sobre la Biblioteca de Alfonso el Magn\u00e1nimo \u00a0esta realizado por Blanca Pastor Colomer e Irene Andreu Candela, alumnas del primer curso\u00a0del grado de Historia en la Universidad de Alicante. Realizamos un trabajo para la asignatura de Fuentes y documentos para la Historia, \u00a0en el cual haremos una recopilaci\u00f3n de toda la informaci\u00f3n aportada [&hellip;]<\/p>\n","protected":false},"author":2990,"featured_media":0,"parent":0,"menu_order":0,"comment_status":"open","ping_status":"open","template":"","meta":{"footnotes":""},"class_list":["post-7","page","type-page","status-publish","hentry"],"_links":{"self":[{"href":"https:\/\/blogs.ua.es\/bibliotecaalfonsomagnanimo\/wp-json\/wp\/v2\/pages\/7","targetHints":{"allow":["GET"]}}],"collection":[{"href":"https:\/\/blogs.ua.es\/bibliotecaalfonsomagnanimo\/wp-json\/wp\/v2\/pages"}],"about":[{"href":"https:\/\/blogs.ua.es\/bibliotecaalfonsomagnanimo\/wp-json\/wp\/v2\/types\/page"}],"author":[{"embeddable":true,"href":"https:\/\/blogs.ua.es\/bibliotecaalfonsomagnanimo\/wp-json\/wp\/v2\/users\/2990"}],"replies":[{"embeddable":true,"href":"https:\/\/blogs.ua.es\/bibliotecaalfonsomagnanimo\/wp-json\/wp\/v2\/comments?post=7"}],"version-history":[{"count":8,"href":"https:\/\/blogs.ua.es\/bibliotecaalfonsomagnanimo\/wp-json\/wp\/v2\/pages\/7\/revisions"}],"predecessor-version":[{"id":122,"href":"https:\/\/blogs.ua.es\/bibliotecaalfonsomagnanimo\/wp-json\/wp\/v2\/pages\/7\/revisions\/122"}],"wp:attachment":[{"href":"https:\/\/blogs.ua.es\/bibliotecaalfonsomagnanimo\/wp-json\/wp\/v2\/media?parent=7"}],"curies":[{"name":"wp","href":"https:\/\/api.w.org\/{rel}","templated":true}]}}