{"id":22,"date":"2012-12-09T18:00:53","date_gmt":"2012-12-09T18:00:53","guid":{"rendered":"https:\/\/blogs.ua.es\/bibliotecauniversidadvalencia\/?page_id=22"},"modified":"2013-01-27T23:00:10","modified_gmt":"2013-01-27T23:00:10","slug":"metodologia","status":"publish","type":"page","link":"https:\/\/blogs.ua.es\/bibliotecauniversidadvalencia\/metodologia\/","title":{"rendered":"Metodolog\u00eda"},"content":{"rendered":"<p style=\"text-align: justify\">Este blog se ha desarrollado como parte de las pr\u00e1cticas de la asignatura &#8220;Fuentes y Documentos para la Historia&#8221;.<\/p>\n<p style=\"text-align: justify\">Para su realizaci\u00f3n hemos utilizado la herramienta WordPress. Esta herramienta nos permite crear el blog, a partir de unos dise\u00f1os predeterminados que en mi caso he querido personalizar.<\/p>\n<p style=\"text-align: justify\">Para la b\u00fasqueda de contenidos, una primera fase ha sido el an\u00e1lisis de la propia p\u00e1gina web de &#8220;La Biblioteca Hist\u00f3rica de la Universidad de Valencia&#8221;, lo que me ha permitido extraer la informaci\u00f3n que he considerado m\u00e1s amena y llamativa de la misma.<\/p>\n<p style=\"text-align: justify\">La segunda fase ha consistido en la b\u00fasqueda de contenidos, referencias, noticias, etc. en otras fuentes distintas.<\/p>\n<p style=\"text-align: justify\">Las referencias bibliogr\u00e1ficas, de las diferentes entradas publicadas en el blog, se han detallado conforme a la normativa ISO 690:2010.<\/p>\n<p>&nbsp;<\/p>\n","protected":false},"excerpt":{"rendered":"<p>Este blog se ha desarrollado como parte de las pr\u00e1cticas de la asignatura &#8220;Fuentes y Documentos para la Historia&#8221;. Para su realizaci\u00f3n hemos utilizado la herramienta WordPress. Esta herramienta nos permite crear el blog, a partir de unos dise\u00f1os predeterminados &hellip; <a href=\"https:\/\/blogs.ua.es\/bibliotecauniversidadvalencia\/metodologia\/\">Continue reading <span class=\"meta-nav\">&rarr;<\/span><\/a><\/p>\n","protected":false},"author":2980,"featured_media":0,"parent":0,"menu_order":1,"comment_status":"open","ping_status":"open","template":"","meta":{"footnotes":""},"class_list":["post-22","page","type-page","status-publish","hentry"],"_links":{"self":[{"href":"https:\/\/blogs.ua.es\/bibliotecauniversidadvalencia\/wp-json\/wp\/v2\/pages\/22","targetHints":{"allow":["GET"]}}],"collection":[{"href":"https:\/\/blogs.ua.es\/bibliotecauniversidadvalencia\/wp-json\/wp\/v2\/pages"}],"about":[{"href":"https:\/\/blogs.ua.es\/bibliotecauniversidadvalencia\/wp-json\/wp\/v2\/types\/page"}],"author":[{"embeddable":true,"href":"https:\/\/blogs.ua.es\/bibliotecauniversidadvalencia\/wp-json\/wp\/v2\/users\/2980"}],"replies":[{"embeddable":true,"href":"https:\/\/blogs.ua.es\/bibliotecauniversidadvalencia\/wp-json\/wp\/v2\/comments?post=22"}],"version-history":[{"count":5,"href":"https:\/\/blogs.ua.es\/bibliotecauniversidadvalencia\/wp-json\/wp\/v2\/pages\/22\/revisions"}],"predecessor-version":[{"id":24,"href":"https:\/\/blogs.ua.es\/bibliotecauniversidadvalencia\/wp-json\/wp\/v2\/pages\/22\/revisions\/24"}],"wp:attachment":[{"href":"https:\/\/blogs.ua.es\/bibliotecauniversidadvalencia\/wp-json\/wp\/v2\/media?parent=22"}],"curies":[{"name":"wp","href":"https:\/\/api.w.org\/{rel}","templated":true}]}}